{"id":9333,"date":"2010-11-12T18:30:59","date_gmt":"2010-11-12T16:30:59","guid":{"rendered":"http:\/\/www.floracantabrica.com\/?page_id=9333"},"modified":"2010-11-12T18:30:59","modified_gmt":"2010-11-12T16:30:59","slug":"el-cambio-climatico-y-la-cumbre-del-g-20-el-cambio-climatico-y-la-cumbre-del-g-20","status":"publish","type":"page","link":"https:\/\/www.floracantabrica.com\/?page_id=9333","title":{"rendered":"EL CAMBIO CLIM\u00c1TICO Y LA CUMBRE DEL G-20.EL CAMBIO CLIM\u00c1TICO Y LA CUMBRE DEL G-20"},"content":{"rendered":"<p><a href=\"http:\/\/twitter.com\/share?url=https%3A%2F%2Fwww.floracantabrica.com%2F%3Fpage_id%3D9333&amp;count=none&amp;lang=es&amp;via=lorencincoreses&amp;related=Mujerverdosa&amp;text=EL CAMBIO CLIM\u00c1TICO Y LA CUMBRE DEL G-20.EL CAMBIO CLIM\u00c1TICO Y LA CUMBRE DEL G-20 - Flora Cant\u00e1brica\" class=\"twitter-share-button\">Tweet<\/a><\/p><p>\u00a0<\/p>\n<p>&#8230;&#8230;&#8230;&#8230;&#8230;&#8230;&#8230;&#8230;.<\/p>\n<p><span style=\"font-size: medium;\">EL CAMBIO CLIM\u00c1TICO Y LA CUMBRE DEL G-20<\/span><\/p>\n<p><span style=\"font-size: medium;\">\u00a0Vamos a la tertulia del University College<\/span><\/p>\n<p><span style=\"font-size: medium;\">El moderador interviene: En la cumbre del G-20, se han tratado los temas econ\u00f3micos, sobre todo, aquellos que afectan a la exportaci\u00f3n de \u00a0los pa\u00edses, cada uno de ellos busca que le sea lo m\u00e1s favorablemente posible para el crecimiento del empleo. El tema del Cambio clim\u00e1tico se analiza ahora, \u00a0\u00a0al \u00a0buscar alternativas de producci\u00f3n de energ\u00eda que \u00a0puedan crear empleo.<\/span><\/p>\n<p><span style=\"font-size: medium;\">\u00a0<\/span><\/p>\n<p><span style=\"font-size: medium;\">El primero dice: yo estoy preocupado por una cuesti\u00f3n, los avances tecnol\u00f3gicos son armas de dos filos, han aumentado empleo y tambi\u00e9n lo han destruido. Los grandes almacenes con sistemas electr\u00f3nicos de antirrobo, se ven casi vacios, salvo la zona de \u00a0las cajas; por lo tanto sigo pensando que la creaci\u00f3n de empleo se va a producir en los pa\u00edses emergentes del continente asi\u00e1tico (que son varios miles de millones de habitantes), Brasil y alguno m\u00e1s, pero la Uni\u00f3n Europea, lo tiene dif\u00edcil , \u00a0crece poco y \u00a0los salarios son \u00a0m\u00e1s altos que los de los pa\u00edses emergentes que crecen mucho y con bajos salarios.<\/span><\/p>\n<p><span style=\"font-size: medium;\">\u00a0<\/span><\/p>\n<p><span style=\"font-size: medium;\">El segundo dice : a mi China me tiene desconcertado,\u00a0 si lo analizamos bajo el punto de vista pol\u00edtico, es un pa\u00eds con un gobierno dictatorial, continuaci\u00f3n del comunismo de Mao. Algunos obreros han denunciado los cambios producidos recientemente con un tono desafiante, veamos sus palabras: <em>\u201c..<\/em><em> publicaron un llamamiento que circul\u00f3 por toda China, titulado \u00a1 Mao, nuestro l\u00edder para siempre \u00a1 y denuncian a los seguidores del camino capitalista a los que Mao Tsetung combati\u00f3, que se adue\u00f1aron de la direcci\u00f3n del Partido y del Estado, pasaron a nombre propio los bienes del Estado, y son parte de esa clase dirigente de la China capitalista e imperialista actual\u201d<\/em><\/span><\/p>\n<p><em><span style=\"font-size: medium;\">\u00a0<\/span><\/em><\/p>\n<p><span style=\"font-size: medium;\">El tercero: se reafirma en la contradicci\u00f3n profunda de China, cada vez se parecen m\u00e1s a Pinochet y es previsible que esta situaci\u00f3n se rompa alg\u00fan d\u00eda como sucedi\u00f3 con la URSS, pero se puede prolongar, pues una transici\u00f3n pac\u00edfica a la democracia no se ve cercana.<\/span><\/p>\n<p><span style=\"font-size: medium;\">\u00a0<\/span><\/p>\n<p><span style=\"font-size: medium;\">El cuarto dice: cuando: el Presidente Obama dialoga con los chinos, salvo lo econ\u00f3mico hay grandes distancias entre la pol\u00edtica de ambos pa\u00edses. Y si Obama se juega con el desempleo el ser reelegido en el 2012, los chinos se juegan much\u00edsimo m\u00e1s, pues aunque parezca una paradoja, su Imperialismo capitalista se mantiene solamente con la dictadura f\u00e9rrea y su riqueza se apoya en la falta de preocupaci\u00f3n por las libertades y derechos humanos.<\/span><\/p>\n<p><span style=\"font-size: medium;\">\u00a0<\/span><\/p>\n<p><span style=\"font-size: medium;\">El moderador finaliza: del cambio clim\u00e1tico hablaremos cuando se produzca la nueva cumbre, es un tema que afecta a todo el planeta y est\u00e1 asociado totalmente con la econom\u00eda. El \u00e9xito ser\u00eda encontrar alternativas energ\u00e9ticas m\u00e1s econ\u00f3micas que las actuales, \u00a0no vinculadas a los combustibles f\u00f3siles. La soluci\u00f3n puede estar el aprovechamiento de la energ\u00eda solar en los desiertos.\u00a0\u00a0\u00a0\u00a0<\/span><\/p>\n<p><span style=\"font-size: medium;\">&#8230;&#8230;&#8230;&#8230;&#8230;&#8230;&#8230;&#8230;&#8230;&#8230;&#8230;&#8230;<\/span><\/p>\n<p><span style=\"font-size: medium;\">&#8230;&#8230;&#8230;&#8230;&#8230;&#8230;&#8230;&#8230;&#8230;&#8230;&#8230;<\/span><\/p>\n<p><span style=\"font-size: medium;\">\u00a0\u00a0<a href=\"http:\/\/www.floracantabrica.com\/wp-content\/uploads\/2010\/11\/image00210.jpg\"><img loading=\"lazy\" decoding=\"async\" title=\"image002\" src=\"http:\/\/www.floracantabrica.com\/wp-content\/uploads\/2010\/11\/image00210.jpg\" alt=\"image002\" width=\"832\" height=\"573\" \/><\/a><\/span><\/p>\n<p><span style=\"font-size: medium;\">&#8230;&#8230;&#8230;&#8230;&#8230;&#8230;&#8230;&#8230;&#8230;&#8230;&#8230;&#8230;..<\/span><\/p>\n<p><span style=\"font-size: medium;\">&#8230;&#8230;&#8230;&#8230;&#8230;&#8230;&#8230;..<\/span><\/p>\n<p>\u00a0<\/p>\n<div><span style=\"font-size: medium;\">CLIMATE CHANGE AND THE SUMMIT OF THE G-20<\/span><\/div>\n<p><span style=\"font-size: medium;\">\u00a0<\/span><\/p>\n<p>\u00a0<\/p>\n<p>\u00a0<\/p>\n<p><span style=\"font-size: medium;\">Come to the gathering of University College<\/span><\/p>\n<p><span style=\"font-size: medium;\">\u00a0<\/span><\/p>\n<p><span style=\"font-size: medium;\">The moderator intervened: On the summit of G-20, have been discussed economic issues, especially those that affect the exports of countries, each looking to it as positively as possible to employment growth. The climate change issue is discussed now, the search for alternative energy production can create jobs.<\/span><\/p>\n<p><span style=\"font-size: medium;\">\u00a0<\/span><\/p>\n<p><span style=\"font-size: medium;\">\u00a0<\/span><\/p>\n<p><span style=\"font-size: medium;\">The first says, I am concerned about a matter, technological advances are two-edged weapons, have increased employment and have also destroyed. Department stores with electronic anti-theft systems, are almost empty, except for the box area, so I still think that job creation will occur in emerging countries of Asia (which are several thousands of millions of inhabitants), Brazil and some others, but the European Union, it is difficult, it grows a little, and wages are higher than those of emerging countries that grow long and low wages.<\/span><\/p>\n<p><span style=\"font-size: medium;\">\u00a0<\/span><\/p>\n<p><span style=\"font-size: medium;\">\u00a0<\/span><\/p>\n<p><span style=\"font-size: medium;\">The second says to me China has me baffled, if we analyze it under the political standpoint, is a country with a dictatorial government, then Mao&#8217;s communism. Some workers have reported the recent changes with a defiant, see his words: \u00ab.. published an appeal that circulated throughout China, entitled Mao,! our leader forever!, and denounce the capitalist roaders who fought Mao Zedong, who took over the leadership of the Party and State became his own name State property, and are part of the ruling class and imperialist capitalist China today<\/span><\/p>\n<p><span style=\"font-size: medium;\">\u00a0<\/span><\/p>\n<p><span style=\"font-size: medium;\">\u00a0<\/span><\/p>\n<p><span style=\"font-size: medium;\">The third: reaffirmed in the deep contradiction of China, each time they seem to be more to Pinochet and it is expected that this situation is broken someday as happened like the USSR, but may be extended, because a peaceful transition to democracy cannot be seen nearby.<\/span><\/p>\n<p><span style=\"font-size: medium;\">\u00a0<\/span><\/p>\n<p><span style=\"font-size: medium;\">\u00a0<\/span><\/p>\n<p><span style=\"font-size: medium;\">The fourth said: when: the President Obama dialogs with the chinese, except as economic there are great distances between the policy of both countries. And if Obama is playing with the unemployment being re-elected in 2012, the Chinese play much more, because even though it seems a paradox, its capitalist imperialism is maintained only with the dictatorship hard and its wealth is supported by the lack of concern about the human rights and freedoms.<\/span><\/p>\n<p><span style=\"font-size: medium;\">\u00a0<\/span><\/p>\n<p><span style=\"font-size: medium;\">\u00a0<\/span><\/p>\n<p><span style=\"font-size: medium;\">The moderator ended: climate change talk when there&#8217;s new summit is an issue that affects the entire planet and is associated entirely with the economy. Success would be to find alternative energy sources cheaper than the current, unrelated to fossil fuels. The solution may be the use of solar energy in deserts.<\/span><\/p>\n<p><span style=\"font-size: medium;\">&#8230;&#8230;&#8230;&#8230;&#8230;&#8230;&#8230;&#8230;..<\/span><\/p>\n<p><span style=\"font-size: medium;\">\u00a0<\/span><\/p>\n<p><span style=\"font-size: medium;\">\u00a0<\/span><\/p>\n","protected":false},"excerpt":{"rendered":"<p>Tweet\u00a0 &#8230;&#8230;&#8230;&#8230;&#8230;&#8230;&#8230;&#8230;. EL CAMBIO CLIM\u00c1TICO Y LA CUMBRE DEL G-20 \u00a0Vamos a la tertulia del University College El moderador interviene: En la cumbre del G-20, se han tratado los temas econ\u00f3micos, sobre todo, aquellos que afectan a la exportaci\u00f3n de \u00a0los pa\u00edses, cada uno de ellos busca que le sea lo m\u00e1s favorablemente posible para [&hellip;]<\/p>\n","protected":false},"author":1,"featured_media":0,"parent":0,"menu_order":0,"comment_status":"open","ping_status":"open","template":"","meta":{"footnotes":""},"class_list":["post-9333","page","type-page","status-publish","hentry"],"_links":{"self":[{"href":"https:\/\/www.floracantabrica.com\/index.php?rest_route=\/wp\/v2\/pages\/9333","targetHints":{"allow":["GET"]}}],"collection":[{"href":"https:\/\/www.floracantabrica.com\/index.php?rest_route=\/wp\/v2\/pages"}],"about":[{"href":"https:\/\/www.floracantabrica.com\/index.php?rest_route=\/wp\/v2\/types\/page"}],"author":[{"embeddable":true,"href":"https:\/\/www.floracantabrica.com\/index.php?rest_route=\/wp\/v2\/users\/1"}],"replies":[{"embeddable":true,"href":"https:\/\/www.floracantabrica.com\/index.php?rest_route=%2Fwp%2Fv2%2Fcomments&post=9333"}],"version-history":[{"count":4,"href":"https:\/\/www.floracantabrica.com\/index.php?rest_route=\/wp\/v2\/pages\/9333\/revisions"}],"predecessor-version":[{"id":9337,"href":"https:\/\/www.floracantabrica.com\/index.php?rest_route=\/wp\/v2\/pages\/9333\/revisions\/9337"}],"wp:attachment":[{"href":"https:\/\/www.floracantabrica.com\/index.php?rest_route=%2Fwp%2Fv2%2Fmedia&parent=9333"}],"curies":[{"name":"wp","href":"https:\/\/api.w.org\/{rel}","templated":true}]}}