{"id":9035,"date":"2010-10-19T16:53:27","date_gmt":"2010-10-19T14:53:27","guid":{"rendered":"http:\/\/www.floracantabrica.com\/?page_id=9035"},"modified":"2010-10-19T16:53:27","modified_gmt":"2010-10-19T14:53:27","slug":"el-socialismo-de-obama","status":"publish","type":"page","link":"https:\/\/www.floracantabrica.com\/?page_id=9035","title":{"rendered":"EL SOCIALISMO DE OBAMA"},"content":{"rendered":"<p><a href=\"http:\/\/twitter.com\/share?url=https%3A%2F%2Fwww.floracantabrica.com%2F%3Fpage_id%3D9035&amp;count=none&amp;lang=es&amp;via=lorencincoreses&amp;related=Mujerverdosa&amp;text=EL SOCIALISMO DE OBAMA - Flora Cant\u00e1brica\" class=\"twitter-share-button\">Tweet<\/a><\/p><p>\u00a0<\/p>\n<p>&#8230;&#8230;&#8230;&#8230;&#8230;&#8230;&#8230;&#8230;&#8230;&#8230;&#8230;.<\/p>\n<p><span style=\"font-size: small;\"><strong>EL SOCIALISMO DE OBAMA<\/strong><\/span><\/p>\n<p><span style=\"font-size: small;\">\u00a0<\/span><\/p>\n<p><span style=\"font-size: small;\"><strong><span style=\"font-size: medium;\">Vamos a la tertulia del University College<\/span><\/strong><\/span><\/p>\n<p><span style=\"font-size: small;\"><strong><span style=\"font-size: medium;\">\u00a0<\/span><\/strong><\/span><\/p>\n<p><span style=\"font-size: small;\"><strong><span style=\"font-size: medium;\">EL moderador hace la introducci\u00f3n: la palabra socialismo tiene cierto rechazo en la poblaci\u00f3n de EE.UU,porque les recuerda la\u00a0 \u00e9poca de la \u201cguerra fr\u00eda\u201d con la URSS (Uni\u00f3n de Rep\u00fablicas Socialistas Sovi\u00e9ticas).Es l\u00f3gico que con las atrocidades cometidas por el comunismo , se le tenga un rechazo total.<\/span><\/strong><\/span><\/p>\n<p><span style=\"font-size: small;\"><strong><span style=\"font-size: medium;\">\u00a0<\/span><\/strong><\/span><\/p>\n<p><span style=\"font-size: small;\"><strong><span style=\"font-size: medium;\">Pero en los pa\u00edses europeos existe un socialismo ,denominado social-democracia, que no tiene nada que ver con el marxismo leninista . A\u00a0Obama se le est\u00e1 criticando de socialista por que aumenta la presi\u00f3n fiscal a los ricos e invierte el dinero p\u00fablico en ayudad a las clases m\u00e1s necesitadas. Los del Tea Party se le enfrentan porque quieren mantener las desigualdades hirientes en la sociedad, permitiendo que exista un 13% de pobreza\u00a0 en EE.UU.<\/span><\/strong><\/span><\/p>\n<p><span style=\"font-size: small;\"><strong><span style=\"font-size: medium;\">\u00a0<\/span><\/strong><\/span><\/p>\n<p><span style=\"font-size: small;\"><strong><span style=\"font-size: medium;\">Intervine el primero: Cuando los Norteamericanos critican a los Chinos, en algunas casos ellos incurren en los malos tratos a la sociedad al negarles la asistencia sanitaria gratuita<\/span><\/strong><\/span><\/p>\n<p><span style=\"font-size: small;\"><strong><span style=\"font-size: medium;\">\u00a0<\/span><\/strong><\/span><\/p>\n<p><span style=\"font-size: small;\"><strong><span style=\"font-size: medium;\">Interrumpe el segundo: yo me apunto al programa socialista de Obama,que lo dej\u00f3 muy claro en el discurso SOBRE EL ESTADO DE LA UNI\u00d3N: La gente est\u00e1 sin trabajo. . Necesita nuestra ayuda. Y yo quiero tener una ley de empleo sobre mi mesa sin m\u00e1s tardar. Debemos invertir en la capacidad y la educaci\u00f3n de nuestra gente, revitalizar\u00e1 nuestras universidades p\u00fablicas, que son una v\u00eda de posibilidades para muchos hijos de familias trabajadoras, reformar el seguro de salud y ocuparme de la sanidad.<\/span><\/strong><\/span><\/p>\n<p><span style=\"font-size: small;\"><strong><span style=\"font-size: medium;\">\u00a0<\/span><\/strong><\/span><\/p>\n<p><span style=\"font-size: small;\"><strong><span style=\"font-size: medium;\">Interviene el tercero: en Europa con la crisis econ\u00f3mica se\u00a0 ha visto los peligros que se avecinan a la sociedad de bienestar: que se mantiene recaudando fondos de los ciudadanos.La asistencia sanitaria, no la pagamos cuando vamos al m\u00e9dico, pero tiene sus altos costes que los paga el estado con los fondos recaudados a los contribuyentes. Puede ser opinable la forma que los gobiernos emplean para recabar fondos,pero tiene que hacerlo necesariamente<\/span><\/strong><\/span><\/p>\n<p><span style=\"font-size: small;\"><strong><span style=\"font-size: medium;\">\u00a0<\/span><\/strong><\/span><\/p>\n<p><span style=\"font-size: small;\"><strong><span style=\"font-size: medium;\">Aparece el cuarto: la vida ha cambiado mucho y por eso el tema de las pensiones se empieza a cuestionar,\u00a0 creo que la situaci\u00f3n no est\u00e1 muy clara, en los pa\u00edses con econom\u00edas emergentes (China ,India) etc., los salarios son bajos e igualmente los costos de producci\u00f3n, por eso crecen ,pero en Europa vamos muy lentos y si siguen as\u00ed las cosas no vamos a poder competir, dentro del mercado globalizado. Tendr\u00edamos que ser honestos y admitir, que ya no se podr\u00e1 vivir en esa opulencia, sino siendo mucho m\u00e1s austeros y \u00a0habiendo tanta hambre en el mundo, nos debemos conformar con lo necesario, pero Hacienda debe exigir que paguen los ricos y si no lo hacen defraudar\u00e1n a la sufrida poblaci\u00f3n<\/span><\/strong><\/span><\/p>\n<p><span style=\"font-size: small;\"><strong><span style=\"font-size: medium;\">\u00a0<\/span><\/strong><\/span><\/p>\n<p><span style=\"font-size: small;\"><strong><span style=\"font-size: medium;\">\u00a0El quinto comenta: a\u00a0 mi parecen bien los movimientos populares que tratan de analizar las actuaciones de los gobiernos Tea party Coffe Party, porque la clase pol\u00edtica se ha instalado en la partitocracia y si esos movimientos ,que le dan una mayor vitalidad a los partidos,\u00a0 bien venidos sean.<\/span><\/strong><\/span><\/p>\n<p><span style=\"font-size: small;\"><strong><span style=\"font-size: medium;\">\u00a0<\/span><\/strong><\/span><\/p>\n<p><span style=\"font-size: small;\"><strong><span style=\"font-size: medium;\">Pero uno de los defensores del Tea party, Congresista republicano en Washington,Tancredo dijo: que Obama lleg\u00f3 al poder porque \u00aben este pa\u00eds no existe un examen c\u00edvico y de alfabetismo necesario para que la gente pueda votar\u00bb. \u00abVota gente que ni siquiera sabe deletrear o escribir la palabra votar\u00bb, ridiculiz\u00f3.<\/span><\/strong><\/span><\/p>\n<p><span style=\"font-size: small;\"><strong><span style=\"font-size: medium;\">\u00a0<\/span><\/strong><\/span><\/p>\n<p><span style=\"font-size: small;\"><strong><span style=\"font-size: medium;\">El moderador finaliza la sesi\u00f3n:las cosas tiene que cambiar mucho, y estos movimiento populares contra los pol\u00edticos establecidos, est\u00e1n muy bien, pues pueden acabar con la partitocracia, \u00a0y con la costumbre \u00a0de que el esca\u00f1o al senado o al parlamento \u00a0ya no sean un seguro de vida y permitan un recambio que pueda ser m\u00e1s efectivo.<\/span><\/strong><\/span><\/p>\n<p><span style=\"font-size: small;\"><strong><span style=\"font-size: medium;\">&#8230;&#8230;&#8230;&#8230;&#8230;&#8230;&#8230;&#8230;&#8230;&#8230;&#8230;.<\/span><\/strong><\/span><\/p>\n<p><span style=\"font-size: small;\"><strong><span style=\"font-size: medium;\">&#8230;&#8230;&#8230;&#8230;&#8230;&#8230;&#8230;&#8230;&#8230;&#8230;&#8230;..<\/span><\/strong><\/span><\/p>\n<p><span style=\"font-size: small;\"><strong><span style=\"font-size: medium;\"><a href=\"http:\/\/www.floracantabrica.com\/wp-content\/uploads\/2010\/10\/image00211.jpg\"><img loading=\"lazy\" decoding=\"async\" title=\"image002\" src=\"http:\/\/www.floracantabrica.com\/wp-content\/uploads\/2010\/10\/image00211.jpg\" alt=\"image002\" width=\"816\" height=\"1112\" \/><\/a><\/span><\/strong><\/span><\/p>\n<p><span style=\"font-size: small;\"><strong><span style=\"font-size: medium;\">&#8230;&#8230;&#8230;&#8230;&#8230;&#8230;&#8230;&#8230;&#8230;..<\/span><\/strong><\/span><\/p>\n<p><span style=\"font-size: small;\"><strong><span style=\"font-size: large;\">Aconitum columbinum<\/span><\/strong><\/span><\/p>\n<p><span style=\"font-size: small;\"><strong><span style=\"font-size: medium;\">&#8230;&#8230;&#8230;&#8230;&#8230;&#8230;&#8230;&#8230;&#8230;&#8230;.<\/span><\/strong><\/span><\/p>\n","protected":false},"excerpt":{"rendered":"<p>Tweet\u00a0 &#8230;&#8230;&#8230;&#8230;&#8230;&#8230;&#8230;&#8230;&#8230;&#8230;&#8230;. EL SOCIALISMO DE OBAMA \u00a0 Vamos a la tertulia del University College \u00a0 EL moderador hace la introducci\u00f3n: la palabra socialismo tiene cierto rechazo en la poblaci\u00f3n de EE.UU,porque les recuerda la\u00a0 \u00e9poca de la \u201cguerra fr\u00eda\u201d con la URSS (Uni\u00f3n de Rep\u00fablicas Socialistas Sovi\u00e9ticas).Es l\u00f3gico que con las atrocidades cometidas por el [&hellip;]<\/p>\n","protected":false},"author":1,"featured_media":0,"parent":0,"menu_order":0,"comment_status":"open","ping_status":"open","template":"","meta":{"footnotes":""},"class_list":["post-9035","page","type-page","status-publish","hentry"],"_links":{"self":[{"href":"https:\/\/www.floracantabrica.com\/index.php?rest_route=\/wp\/v2\/pages\/9035","targetHints":{"allow":["GET"]}}],"collection":[{"href":"https:\/\/www.floracantabrica.com\/index.php?rest_route=\/wp\/v2\/pages"}],"about":[{"href":"https:\/\/www.floracantabrica.com\/index.php?rest_route=\/wp\/v2\/types\/page"}],"author":[{"embeddable":true,"href":"https:\/\/www.floracantabrica.com\/index.php?rest_route=\/wp\/v2\/users\/1"}],"replies":[{"embeddable":true,"href":"https:\/\/www.floracantabrica.com\/index.php?rest_route=%2Fwp%2Fv2%2Fcomments&post=9035"}],"version-history":[{"count":3,"href":"https:\/\/www.floracantabrica.com\/index.php?rest_route=\/wp\/v2\/pages\/9035\/revisions"}],"predecessor-version":[{"id":9038,"href":"https:\/\/www.floracantabrica.com\/index.php?rest_route=\/wp\/v2\/pages\/9035\/revisions\/9038"}],"wp:attachment":[{"href":"https:\/\/www.floracantabrica.com\/index.php?rest_route=%2Fwp%2Fv2%2Fmedia&parent=9035"}],"curies":[{"name":"wp","href":"https:\/\/api.w.org\/{rel}","templated":true}]}}