{"id":645,"date":"2009-08-07T12:45:09","date_gmt":"2009-08-07T10:45:09","guid":{"rendered":"http:\/\/www.floracantabrica.com\/?page_id=645"},"modified":"2013-12-03T23:37:50","modified_gmt":"2013-12-03T21:37:50","slug":"etnopaisaje-pag-2","status":"publish","type":"page","link":"https:\/\/www.floracantabrica.com\/?page_id=645","title":{"rendered":".Etnopaisaje &#8211; pag.2"},"content":{"rendered":"<p><a href=\"http:\/\/twitter.com\/share?url=https%3A%2F%2Fwww.floracantabrica.com%2F%3Fpage_id%3D645&amp;count=none&amp;lang=es&amp;via=lorencincoreses&amp;related=Mujerverdosa&amp;text=.Etnopaisaje - pag.2 - Flora Cant\u00e1brica\" class=\"twitter-share-button\">Tweet<\/a><\/p><p style=\"TEXT-ALIGN: center\"><span style=\"font-size: small;\"><span style=\"color: #ff0000;\"> <strong><span style=\"color: #ff0000;\">El papel de los herb\u00edvoros en la conservaci\u00f3n de los pastos<\/span><\/strong><\/span><\/span><\/p>\n<p style=\"TEXT-ALIGN: center\"><span style=\"font-size: small;\"><span style=\"color: #ff0000;\"><strong> <\/strong><\/span><\/span><\/p>\n<p style=\"text-align: left;\"><span style=\"font-size: small;\"><span style=\"color: #ff0000;\"><span style=\"color: #000000;\">L<strong>as \u00e1reas pastorales<\/strong> del Pirineo son\u00a0 importantes por su valor <strong>paisaj\u00edstico y\u00a0 su riqueza<\/strong><strong> <\/strong><strong>biol\u00f3gica<\/strong><strong>.<\/strong> Los cambios de uso de muchas de estas \u00e1reas, a veces amparadas por <strong>figuras de protecci\u00f3n<\/strong>, dan lugar a numerosos interrogantes.<\/span><\/span><\/span><\/p>\n<p style=\"text-align: left;\"><span style=\"font-size: small;\"><span style=\"color: #ff0000;\"><span style=\"color: #000000;\"> <\/span><\/span><\/span><\/p>\n<p style=\"text-align: left;\"><span style=\"font-size: small;\"><span style=\"color: #ff0000;\"><span style=\"color: #000000;\">L<strong>a <\/strong><strong>conservaci\u00f3n de los pastos<\/strong><strong> est\u00e1 vinculada al<\/strong> <strong>mantenimiento del <\/strong><strong>pastoreo<\/strong>. Algunos estudios parecen haber demostrado que existe una relaci\u00f3n estrecha entre el <strong>cese<\/strong> o declive paulatino <strong>del<\/strong> <strong>pastoreo<\/strong> <strong>y la p\u00e9rdida de diversidad vegetal<\/strong> en las comunidades utilizadas, concluyendo que la mayor diversidad se obtendr\u00eda en niveles <strong>moderados de pastoreo<\/strong><strong>.<\/strong><\/span><\/span><\/span><\/p>\n<p style=\"text-align: left;\"><span style=\"font-size: small;\"><span style=\"color: #ff0000;\"><span style=\"color: #000000;\"><em> <\/em><\/span><\/span><\/span><\/p>\n<p style=\"text-align: center;\"><span style=\"font-size: small;\"><span style=\"color: #ff0000;\"><span style=\"color: #000000;\"> <\/span><\/span><\/span><\/p>\n<p style=\"text-align: center;\"><span style=\"font-size: small;\"><span style=\"color: #ff0000;\"><span style=\"color: #000000;\"> <\/span><\/span><\/span><\/p>\n<p style=\"text-align: center;\"><span style=\"font-size: small;\"><span style=\"color: #ff0000;\"><span style=\"color: #000000;\"><img loading=\"lazy\" decoding=\"async\" class=\"aligncenter size-full wp-image-646\" title=\"etnopaisaje4\" src=\"http:\/\/www.floracantabrica.com\/wp-content\/uploads\/2009\/08\/etnopaisaje4.jpg\" alt=\"etnopaisaje4\" width=\"330\" height=\"350\" srcset=\"https:\/\/www.floracantabrica.com\/wp-content\/uploads\/2009\/08\/etnopaisaje4.jpg 330w, https:\/\/www.floracantabrica.com\/wp-content\/uploads\/2009\/08\/etnopaisaje4-282x300.jpg 282w\" sizes=\"auto, (max-width: 330px) 100vw, 330px\" \/><\/span><\/span><\/span><\/p>\n<p style=\"text-align: left;\"><span style=\"font-size: small;\"><span style=\"color: #ff0000;\"><span style=\"color: #000000;\"><em> <\/em><\/span><\/span><\/span><\/p>\n<p style=\"text-align: center;\"><span style=\"font-size: small;\"><span style=\"color: #ff0000;\"><span style=\"color: #000000;\"><em><img loading=\"lazy\" decoding=\"async\" title=\"etnopaisaje5\" src=\"http:\/\/www.floracantabrica.com\/wp-content\/uploads\/2009\/08\/etnopaisaje5.jpg\" alt=\"etnopaisaje5\" width=\"450\" height=\"295\" \/><\/em><\/span><\/span><\/span><\/p>\n<p style=\"text-align: center;\"><span style=\"font-size: small;\"><span style=\"color: #ff0000;\"><span style=\"color: #000000;\"><em> <\/em><\/span><\/span><\/span><\/p>\n<p style=\"text-align: left;\"><span style=\"font-size: small;\"><span style=\"color: #ff0000;\"><span style=\"color: #000000;\"><strong>Bra\u00f1a de Moandi<\/strong> UTM\u00a0 4794475,\u00a0\u00a0 30T 0319284,\u00a0 altitud : 628 m. s. n. m<\/span><\/span><\/span><\/p>\n<p style=\"text-align: center;\"><span style=\"font-size: small;\"><span style=\"color: #ff0000;\"><span style=\"color: #000000;\"><img loading=\"lazy\" decoding=\"async\" class=\"aligncenter size-full wp-image-653\" title=\"etnopaisaje6\" src=\"http:\/\/www.floracantabrica.com\/wp-content\/uploads\/2009\/08\/etnopaisaje6.jpg\" alt=\"etnopaisaje6\" width=\"450\" height=\"229\" srcset=\"https:\/\/www.floracantabrica.com\/wp-content\/uploads\/2009\/08\/etnopaisaje6.jpg 450w, https:\/\/www.floracantabrica.com\/wp-content\/uploads\/2009\/08\/etnopaisaje6-300x152.jpg 300w\" sizes=\"auto, (max-width: 450px) 100vw, 450px\" \/><\/span><\/span><\/span><\/p>\n<p style=\"text-align: left;\"><span style=\"font-size: small;\"><span style=\"color: #ff0000;\"><span style=\"color: #000000;\"><strong>Fig. 4. <\/strong>1. Fraxinus angustifolia,\u00a0 2. Agrostis capillaris, 3. Festuca rubra, 4. Prunella vulgaris,\u00a0 5. Corylus avellana , 6. Trifolium repens, 7. Chamaemelum\u00a0 nobile,\u00a0 8. Crataegus monogyna, 9. Achillea millefolium, 10. Anagallis tenella,\u00a0 11. Mentha pulegium, 12. Juncus conglomeratus, 13. Scirpus setaceus, 14. Juncos bulbous, 15. Carum verticillatum, 16. Ranunculus flammula,\u00a0 17. Hypochoereis radicata, 18. Plantago<\/span><\/span><\/span><\/p>\n<p style=\"text-align: left;\"><span style=\"font-size: small;\"><span style=\"color: #ff0000;\"><span style=\"color: #000000;\"> <\/span><\/span><\/span><\/p>\n<p style=\"text-align: left;\"><span style=\"font-size: small;\"><span style=\"color: #ff0000;\"><span style=\"color: #000000;\"><strong>Bra\u00f1a de Taranes (A )<\/strong> UTM\u00a0 47 86 960,\u00a0\u00a0\u00a0\u00a0\u00a0\u00a0 30T 03 19 333,\u00a0 altitud :1071 m. s. n.m<\/span><\/span><\/span><\/p>\n<p style=\"TEXT-ALIGN: center\"><span style=\"font-size: small;\"><span style=\"color: #ff0000;\"><span style=\"color: #000000;\"> <img loading=\"lazy\" decoding=\"async\" class=\"size-full wp-image-656  aligncenter\" title=\"etnopaisaje7\" src=\"http:\/\/www.floracantabrica.com\/wp-content\/uploads\/2009\/08\/etnopaisaje7.jpg\" alt=\"etnopaisaje7\" width=\"450\" height=\"316\" srcset=\"https:\/\/www.floracantabrica.com\/wp-content\/uploads\/2009\/08\/etnopaisaje7.jpg 450w, https:\/\/www.floracantabrica.com\/wp-content\/uploads\/2009\/08\/etnopaisaje7-300x210.jpg 300w\" sizes=\"auto, (max-width: 450px) 100vw, 450px\" \/><\/span><\/span><\/span><\/p>\n<p><span style=\"font-size: small;\"><strong>Fig. 13.<\/strong> 1. Fraxinus angustifolia, 2. Eryngium bourgatii, 3. Thymus pulegioides, 4. Verbena officinalis, 5. Trifolium repens, 6. Lotus corniculatus, 7. Plantago major, 8. Poa annua,\u00a0 9. Sherardia arvensis, 10. Ilex aquifolium, 11. Quercus pyrenaica, 12. Malva sylvestris, 13. Geranium molle, 14. Stellaria media, 15. Dactylis glomerata, 16. Polygonum persicaria, 17. Urtica urens, 18. Capsella bursa-pastoris, 19. Senecio aquaticus, 20. Rumex obtusifolius, 21. Centaurea nigra, 22. Trifolium pratense, 23. Polygonum aviculare<\/span><\/p>\n<p><span style=\"font-size: small;\"> <\/span><\/p>\n<p style=\"text-align: center;\"><span style=\"font-size: small;\"><img loading=\"lazy\" decoding=\"async\" class=\"aligncenter size-full wp-image-658\" title=\"etnopaisaje8\" src=\"http:\/\/www.floracantabrica.com\/wp-content\/uploads\/2009\/08\/etnopaisaje8.jpg\" alt=\"etnopaisaje8\" width=\"261\" height=\"356\" srcset=\"https:\/\/www.floracantabrica.com\/wp-content\/uploads\/2009\/08\/etnopaisaje8.jpg 261w, https:\/\/www.floracantabrica.com\/wp-content\/uploads\/2009\/08\/etnopaisaje8-219x300.jpg 219w\" sizes=\"auto, (max-width: 261px) 100vw, 261px\" \/><\/span><\/p>\n<p style=\"text-align: center;\"><span style=\"font-size: small;\"> <\/span><\/p>\n<p style=\"text-align: left;\"><span style=\"font-size: small;\">El pastoreo de los prados montanos durante un corto per\u00edodo cada a\u00f1o, resulta esencial para impedir el avance del matorral y mantener la diversidad flor\u00edstica.<\/span><\/p>\n<p style=\"text-align: left;\"><span style=\"font-size: small;\"> <\/span><\/p>\n<p style=\"text-align: left;\"><span style=\"font-size: small;\"><a href=\"http:\/\/www.floracantabrica.com\/?page_id=660\">SIGUIENTE<\/a><\/span><\/p>\n","protected":false},"excerpt":{"rendered":"<p>Tweet El papel de los herb\u00edvoros en la conservaci\u00f3n de los pastos Las \u00e1reas pastorales del Pirineo son\u00a0 importantes por su valor paisaj\u00edstico y\u00a0 su riqueza biol\u00f3gica. Los cambios de uso de muchas de estas \u00e1reas, a veces amparadas por figuras de protecci\u00f3n, dan lugar a numerosos interrogantes. La conservaci\u00f3n de los pastos est\u00e1 vinculada [&hellip;]<\/p>\n","protected":false},"author":1,"featured_media":0,"parent":0,"menu_order":0,"comment_status":"open","ping_status":"open","template":"","meta":{"footnotes":""},"class_list":["post-645","page","type-page","status-publish","hentry"],"_links":{"self":[{"href":"https:\/\/www.floracantabrica.com\/index.php?rest_route=\/wp\/v2\/pages\/645","targetHints":{"allow":["GET"]}}],"collection":[{"href":"https:\/\/www.floracantabrica.com\/index.php?rest_route=\/wp\/v2\/pages"}],"about":[{"href":"https:\/\/www.floracantabrica.com\/index.php?rest_route=\/wp\/v2\/types\/page"}],"author":[{"embeddable":true,"href":"https:\/\/www.floracantabrica.com\/index.php?rest_route=\/wp\/v2\/users\/1"}],"replies":[{"embeddable":true,"href":"https:\/\/www.floracantabrica.com\/index.php?rest_route=%2Fwp%2Fv2%2Fcomments&post=645"}],"version-history":[{"count":11,"href":"https:\/\/www.floracantabrica.com\/index.php?rest_route=\/wp\/v2\/pages\/645\/revisions"}],"predecessor-version":[{"id":648,"href":"https:\/\/www.floracantabrica.com\/index.php?rest_route=\/wp\/v2\/pages\/645\/revisions\/648"}],"wp:attachment":[{"href":"https:\/\/www.floracantabrica.com\/index.php?rest_route=%2Fwp%2Fv2%2Fmedia&parent=645"}],"curies":[{"name":"wp","href":"https:\/\/api.w.org\/{rel}","templated":true}]}}