{"id":479,"date":"2009-05-12T12:12:15","date_gmt":"2009-05-12T10:12:15","guid":{"rendered":"http:\/\/www.floracantabrica.com\/?page_id=479"},"modified":"2009-05-12T12:12:15","modified_gmt":"2009-05-12T10:12:15","slug":"flora-desde-el-pico-cogollo-hasta-el-lago-bueno-pico-cogollo-somiedo-asturias","status":"publish","type":"page","link":"https:\/\/www.floracantabrica.com\/?page_id=479","title":{"rendered":"Flora desde el Pico Cogollo hasta el Lago Bueno (Pico Cogollo, Somiedo, Asturias)"},"content":{"rendered":"<p><a href=\"http:\/\/twitter.com\/share?url=https%3A%2F%2Fwww.floracantabrica.com%2F%3Fpage_id%3D479&amp;count=none&amp;lang=es&amp;via=lorencincoreses&amp;related=Mujerverdosa&amp;text=Flora desde el Pico Cogollo hasta el Lago Bueno (Pico Cogollo, Somiedo, Asturias) - Flora Cant\u00e1brica\" class=\"twitter-share-button\">Tweet<\/a><\/p><p style=\"text-align: justify;\"><img loading=\"lazy\" decoding=\"async\" class=\"aligncenter size-full wp-image-480\" title=\"image622\" src=\"http:\/\/www.floracantabrica.com\/wp-content\/uploads\/2009\/05\/image622.jpg\" alt=\"image622\" width=\"600\" height=\"429\" srcset=\"https:\/\/www.floracantabrica.com\/wp-content\/uploads\/2009\/05\/image622.jpg 600w, https:\/\/www.floracantabrica.com\/wp-content\/uploads\/2009\/05\/image622-300x214.jpg 300w\" sizes=\"auto, (max-width: 600px) 100vw, 600px\" \/><\/p>\n<p style=\"text-align: justify;\"><span style=\"font-family: arial,helvetica,sans-serif;\"><span style=\"mso-ansi-language: EN-GB;\" lang=\"EN-GB\"><strong><\/strong><\/span><\/span><\/p>\n<p style=\"text-align: justify;\">\u00a0<\/p>\n<p class=\"MsoNormal\">\u00a0<\/p>\n<p class=\"MsoBodyText\"><strong>Zonaci\u00f3n de la vegetaci\u00f3n desde el Pico Cogollo hasta el Lago Bueno (Pico Cogollo, Somiedo, Asturias), Lat. 43\u00ba 06\u2019 2,38\u2019\u2019 N, Long. 6\u00ba 20\u2019 0,69\u2019\u2019 O, Alt. 1.900 m. (Mayor, 1994)<\/strong><\/p>\n<p class=\"MsoBodyText\"><strong>1. C\u00e9spedes discontinuos acid\u00f3filos<\/strong> de <em style=\"mso-bidi-font-style: normal;\">Luzula cespitosa<\/em> y T<em style=\"mso-bidi-font-style: normal;\">eesdaliopsis conferta<\/em><\/p>\n<p class=\"MsoBodyText\"><strong>2. Matorrales enanos de ar\u00e1ndanos y enebros,<\/strong> con J<em style=\"mso-bidi-font-style: normal;\">uniperus communis <\/em>subsp.<em style=\"mso-bidi-font-style: normal;\"> alpina, Vaccinium uliginosum, Vaccinium myrtillus, Huperzia selago, Luzula nutans, Erica tetralix<\/em><\/p>\n<p class=\"MsoBodyText\"><strong>3. Pedregales movedizos<\/strong> con <em style=\"mso-bidi-font-style: normal;\">Silene macrorhiza, Cryptogramma crispa, Linaria saxatilis <\/em>subsp.<em style=\"mso-bidi-font-style: normal;\"> glabrescens<\/em><\/p>\n<p class=\"MsoBodyText\"><strong>4. Cervunal<\/strong> con <em style=\"mso-bidi-font-style: normal;\">Nardus stricta, Meum athamanticum, Luzula nutans, Dianthus langeanus, Galium saxatile, Festuca eskia, Plantago alpina<\/em><\/p>\n<p class=\"MsoBodyText\"><strong>5. Abedular<\/strong> con <em style=\"mso-bidi-font-style: normal;\">Betula celtiberica, Saxifraga spathularis, Luzula sylvatica <\/em>subsp.<em style=\"mso-bidi-font-style: normal;\"> henriquesii, Sorbus aucuparia, Erica arborea<span style=\"mso-spacerun: yes;\"> <\/span><\/em><\/p>\n","protected":false},"excerpt":{"rendered":"<p>Tweet \u00a0 \u00a0 Zonaci\u00f3n de la vegetaci\u00f3n desde el Pico Cogollo hasta el Lago Bueno (Pico Cogollo, Somiedo, Asturias), Lat. 43\u00ba 06\u2019 2,38\u2019\u2019 N, Long. 6\u00ba 20\u2019 0,69\u2019\u2019 O, Alt. 1.900 m. (Mayor, 1994) 1. C\u00e9spedes discontinuos acid\u00f3filos de Luzula cespitosa y Teesdaliopsis conferta 2. Matorrales enanos de ar\u00e1ndanos y enebros, con Juniperus communis subsp. [&hellip;]<\/p>\n","protected":false},"author":1,"featured_media":0,"parent":0,"menu_order":0,"comment_status":"open","ping_status":"open","template":"","meta":{"footnotes":""},"class_list":["post-479","page","type-page","status-publish","hentry"],"_links":{"self":[{"href":"https:\/\/www.floracantabrica.com\/index.php?rest_route=\/wp\/v2\/pages\/479","targetHints":{"allow":["GET"]}}],"collection":[{"href":"https:\/\/www.floracantabrica.com\/index.php?rest_route=\/wp\/v2\/pages"}],"about":[{"href":"https:\/\/www.floracantabrica.com\/index.php?rest_route=\/wp\/v2\/types\/page"}],"author":[{"embeddable":true,"href":"https:\/\/www.floracantabrica.com\/index.php?rest_route=\/wp\/v2\/users\/1"}],"replies":[{"embeddable":true,"href":"https:\/\/www.floracantabrica.com\/index.php?rest_route=%2Fwp%2Fv2%2Fcomments&post=479"}],"version-history":[{"count":1,"href":"https:\/\/www.floracantabrica.com\/index.php?rest_route=\/wp\/v2\/pages\/479\/revisions"}],"predecessor-version":[{"id":481,"href":"https:\/\/www.floracantabrica.com\/index.php?rest_route=\/wp\/v2\/pages\/479\/revisions\/481"}],"wp:attachment":[{"href":"https:\/\/www.floracantabrica.com\/index.php?rest_route=%2Fwp%2Fv2%2Fmedia&parent=479"}],"curies":[{"name":"wp","href":"https:\/\/api.w.org\/{rel}","templated":true}]}}