{"id":3697,"date":"2010-01-18T14:59:44","date_gmt":"2010-01-18T12:59:44","guid":{"rendered":"http:\/\/www.floracantabrica.com\/?page_id=3697"},"modified":"2010-01-18T14:59:44","modified_gmt":"2010-01-18T12:59:44","slug":"amartya-sen-clima","status":"publish","type":"page","link":"https:\/\/www.floracantabrica.com\/?page_id=3697","title":{"rendered":"Amartya Sen. Clima"},"content":{"rendered":"<p><a href=\"http:\/\/twitter.com\/share?url=https%3A%2F%2Fwww.floracantabrica.com%2F%3Fpage_id%3D3697&amp;count=none&amp;lang=es&amp;via=lorencincoreses&amp;related=Mujerverdosa&amp;text=Amartya Sen. Clima - Flora Cant\u00e1brica\" class=\"twitter-share-button\">Tweet<\/a><\/p><p>\u00a0<\/p>\n<h1><span style=\"color: #000000;\">El Premio Nobel de Econom\u00eda Amartya Sen afirma que \u00abCopenhague fue un \u00e9xito\u00bb<\/span><\/h1>\n<h1><span style=\"color: #000000;\">AFP . J\u00e9r\u00f4me Cartillier<\/span><\/h1>\n<p>\u00a0<\/p>\n<p>jueves, 14 de enero, 18.00<\/p>\n<p>\u00abCopenhague ha sido percibido como un fracaso\u00bb, pero \u00aben mi opini\u00f3n fue un \u00e9xito\u00bb: casi un mes despu\u00e9s de la cumbre sobre el clima realizada en la capital danesa, Amartya Sen, <a href=\"http:\/\/es.noticias.yahoo.com\/especiales\/noticias-premio-nobel.html\">Premio Nobel<\/a> de Econom\u00eda 1998, hace o\u00edr una voz disonante en medio de un concierto de lamentaciones<\/p>\n<p>\u00a0<\/p>\n<p>El economista y fil\u00f3sofo indio, que ense\u00f1a en la Universidad de Harvard (EEUU), considera que el an\u00e1lisis negativo de la cita sobre el clima se debe ante todo a las expectativas excesivas que suscit\u00f3, en particular en Europa.<\/p>\n<p>Si la cumbre no hubiera sido objeto de \u00abuna propaganda tan enorme y exagerada, creo que parecer\u00eda mucho menos un fracaso\u00bb, dijo Sen en una entrevista con la AFP con ocasi\u00f3n de una estancia en Par\u00eds. \u00abPor lo dem\u00e1s, en Am\u00e9rica y en Asia, no fue percibida como un fracaso. Los europeos ten\u00edan expectativas que no eran realistas\u00bb.<\/p>\n<p>Recalcando las extraordinarias \u00abcomplejidades\u00bb de negociaciones como \u00e9sta, debidas ante todo a la dif\u00edcil b\u00fasqueda de un equilibrio entre reducci\u00f3n dr\u00e1stica de las emisiones de gas de efecto invernadero e imperativos de desarrollo de muchos pa\u00edses, Sen estim\u00f3 que el debate ha progresado. \u00abLa gente ha aceptado la idea de que todo el mundo debe desempe\u00f1ar un papel en la lucha contra el calentamiento\u00bb del planeta, dijo, se\u00f1alando asimismo avances en la ayuda financiera del Norte al Sur.<\/p>\n<p>El acuerdo de Copenhague, que no estipula compromisos cuantificados de reducci\u00f3n de las emisiones mundiales, prev\u00e9 una ayuda para los pa\u00edses m\u00e1s vulnerables de 30.000 millones de d\u00f3lares en los tres pr\u00f3ximos a\u00f1os, que ir\u00e1 aumentando hasta llegar a los 100.000 millones de aqu\u00ed a 2020.<\/p>\n<p>En opini\u00f3n de Sen, la <a href=\"http:\/\/es.noticias.yahoo.com\/especiales\/noticias-union-europea.html\">Uni\u00f3n Europea<\/a> quiso ir demasiado r\u00e1pido y se equivoc\u00f3 al subestimar la diferencia entre su pol\u00edtica clim\u00e1tica y la de las otras regiones del mundo. Lo que Europa ha emprendido respecto al <a href=\"http:\/\/es.noticias.yahoo.com\/medio-ambiente.html\">medio ambiente<\/a> y el clima es \u00abadmirable\u00bb, \u00abpero la verdadera dificultad, cuando se tiene este tipo de \u00e9xitos, es que se tiende a pensar que los mismos resultados han sido alcanzados, o pueden ser alcanzados f\u00e1cilmente, en otros lados\u00bb.<\/p>\n<p>La principal decepci\u00f3n de Sen es que \u00abno hubo un reconocimiento adecuado del problema espec\u00edfico de \u00c1frica\u00bb, dado que la atenci\u00f3n se dirigi\u00f3 esencialmente hacia los \u00abviejos contaminadores\u00bb (los pa\u00edses industrializados) y los \u00abnuevos contaminadores\u00bb (los grandes pa\u00edses emergentes), y muy poco hacia los \u00abno contaminadores\u00bb.<\/p>\n<p>\u00abExisten obligaciones respecto a las generaciones futuras, pero las hay tambi\u00e9n respecto a las generaciones actuales\u00bb, record\u00f3 Sen, cuyo \u00faltimo libro se titula &#8216;La idea de justicia&#8217;.<\/p>\n<p>Premio Nobel de Econom\u00eda en 1998, Amartya Sen es el art\u00edfice del \u00edndice de desarrollo humano (IDH), reconocido por la ONU.<\/p>\n","protected":false},"excerpt":{"rendered":"<p>Tweet\u00a0 El Premio Nobel de Econom\u00eda Amartya Sen afirma que \u00abCopenhague fue un \u00e9xito\u00bb AFP . J\u00e9r\u00f4me Cartillier \u00a0 jueves, 14 de enero, 18.00 \u00abCopenhague ha sido percibido como un fracaso\u00bb, pero \u00aben mi opini\u00f3n fue un \u00e9xito\u00bb: casi un mes despu\u00e9s de la cumbre sobre el clima realizada en la capital danesa, Amartya Sen, [&hellip;]<\/p>\n","protected":false},"author":1,"featured_media":0,"parent":0,"menu_order":0,"comment_status":"open","ping_status":"open","template":"","meta":{"footnotes":""},"class_list":["post-3697","page","type-page","status-publish","hentry"],"_links":{"self":[{"href":"https:\/\/www.floracantabrica.com\/index.php?rest_route=\/wp\/v2\/pages\/3697","targetHints":{"allow":["GET"]}}],"collection":[{"href":"https:\/\/www.floracantabrica.com\/index.php?rest_route=\/wp\/v2\/pages"}],"about":[{"href":"https:\/\/www.floracantabrica.com\/index.php?rest_route=\/wp\/v2\/types\/page"}],"author":[{"embeddable":true,"href":"https:\/\/www.floracantabrica.com\/index.php?rest_route=\/wp\/v2\/users\/1"}],"replies":[{"embeddable":true,"href":"https:\/\/www.floracantabrica.com\/index.php?rest_route=%2Fwp%2Fv2%2Fcomments&post=3697"}],"version-history":[{"count":4,"href":"https:\/\/www.floracantabrica.com\/index.php?rest_route=\/wp\/v2\/pages\/3697\/revisions"}],"predecessor-version":[{"id":3701,"href":"https:\/\/www.floracantabrica.com\/index.php?rest_route=\/wp\/v2\/pages\/3697\/revisions\/3701"}],"wp:attachment":[{"href":"https:\/\/www.floracantabrica.com\/index.php?rest_route=%2Fwp%2Fv2%2Fmedia&parent=3697"}],"curies":[{"name":"wp","href":"https:\/\/api.w.org\/{rel}","templated":true}]}}