{"id":2664,"date":"2009-12-16T00:24:00","date_gmt":"2009-12-15T22:24:00","guid":{"rendered":"http:\/\/www.floracantabrica.com\/?page_id=2664"},"modified":"2009-12-16T00:53:48","modified_gmt":"2009-12-15T22:53:48","slug":"la-politica-agricola-comun-de-la-ue-pac","status":"publish","type":"page","link":"https:\/\/www.floracantabrica.com\/?page_id=2664","title":{"rendered":"La politica agr\u00edcola com\u00fan de la UE (PAC)"},"content":{"rendered":"<p><a href=\"http:\/\/twitter.com\/share?url=https%3A%2F%2Fwww.floracantabrica.com%2F%3Fpage_id%3D2664&amp;count=none&amp;lang=es&amp;via=lorencincoreses&amp;related=Mujerverdosa&amp;text=La politica agr\u00edcola com\u00fan de la UE (PAC) - Flora Cant\u00e1brica\" class=\"twitter-share-button\">Tweet<\/a><\/p><p><img decoding=\"async\" title=\"dibujoxxxxx\" src=\"http:\/\/www.floracantabrica.com\/wp-content\/uploads\/2009\/10\/dibujoxxxxx.bmp\" alt=\"dibujoxxxxx\" \/><\/p>\n<p>&#8230;&#8230;&#8230;&#8230;&#8230;&#8230;&#8230;&#8230;&#8230;&#8230;&#8230;&#8230;&#8230;&#8230;&#8230;&#8230;&#8230;&#8230;.<\/p>\n<p><span style=\"font-size: small;\"><strong><em>Desacoplamiento es<\/em><\/strong><strong> <\/strong><strong>una ayuda que se abona independientemente de que el agricultor produzca o no .<\/strong><\/span><\/p>\n<p><strong><span style=\"font-size: small;\">\u00a0<\/span><\/strong><\/p>\n<p><strong><span style=\"font-size: small;\">Este pago est\u00e1 sujeto al cumplimiento de la condicionalidad: <em>buenas condiciones agrarias y medioambientales<\/em> y <em>requisitos legales y de gesti\u00f3n<\/em><\/span><\/strong><\/p>\n<p><strong><em><span style=\"font-size: small;\">\u00a0<\/span><\/em><\/strong><\/p>\n<p><strong><span style=\"font-size: small;\">A partir de la d\u00e9cada de los noventa, para cobrar las ayudas de la PAC es obligatorio desempe\u00f1ar una serie de trabajos destinados a mantener el medio ambiente, a proteger el ecosistema <\/span><\/strong><\/p>\n<p><strong><span style=\"font-size: small;\">\u00a0<\/span><\/strong><\/p>\n<p><strong><span style=\"font-size: small;\">Reconociendo por primera vez que el sector forestal es una parte integral de la pol\u00edtica de desarrollo rural<\/span><\/strong><\/p>\n<p><strong><span style=\"font-size: small;\">\u00a0<\/span><\/strong><\/p>\n<div>\n<dl id=\"attachment_945\" style=\"width: 550px;\"><a href=\"http:\/\/www.floracantabrica.com\/wp-content\/uploads\/2009\/10\/slide0436_image042.jpg\"><img loading=\"lazy\" decoding=\"async\" title=\"slide0436_image042\" src=\"http:\/\/www.floracantabrica.com\/wp-content\/uploads\/2009\/10\/slide0436_image042.jpg\" alt=\"Hierba almacenada al lado del caserio\" width=\"540\" height=\"405\" \/><\/a> Hierba almacenada al lado del caserio<\/dl>\n<\/div>\n<div>\n<dl id=\"attachment_967\" style=\"width: 404px;\"><a href=\"http:\/\/www.floracantabrica.com\/wp-content\/uploads\/2009\/10\/image002.jpg\"><img loading=\"lazy\" decoding=\"async\" title=\"image002\" src=\"http:\/\/www.floracantabrica.com\/wp-content\/uploads\/2009\/10\/image002.jpg\" alt=\"Trasformaciones hist\u00f3ricas de Paisaje\" width=\"394\" height=\"292\" \/><\/a> Trasformaciones hist\u00f3ricas de Paisaje<\/dl>\n<\/div>\n<div>\n<dl id=\"attachment_942\" style=\"width: 474px;\"><a href=\"http:\/\/www.floracantabrica.com\/wp-content\/uploads\/2009\/10\/slide0440_image046.jpg\"><img loading=\"lazy\" decoding=\"async\" title=\"slide0440_image046\" src=\"http:\/\/www.floracantabrica.com\/wp-content\/uploads\/2009\/10\/slide0440_image046.jpg\" alt=\"Caserio entre el bosque\" width=\"464\" height=\"298\" \/><\/a> Caserio entre el bosque<\/dl>\n<\/div>\n<p><a href=\"http:\/\/www.floracantabrica.com\/wp-content\/uploads\/2009\/10\/dibujobbb.bmp\"><img decoding=\"async\" title=\"dibujobbb\" src=\"http:\/\/www.floracantabrica.com\/wp-content\/uploads\/2009\/10\/dibujobbb.bmp\" alt=\"dibujobbb\" \/><\/a><\/p>\n<div>\n<dl id=\"attachment_937\" style=\"width: 683px;\"><a href=\"http:\/\/www.floracantabrica.com\/wp-content\/uploads\/2009\/10\/slide0485_image003.jpg\"><img loading=\"lazy\" decoding=\"async\" title=\"slide0485_image003\" src=\"http:\/\/www.floracantabrica.com\/wp-content\/uploads\/2009\/10\/slide0485_image003.jpg\" alt=\"Carro tradicional abandonado\" width=\"673\" height=\"432\" \/><\/a> Carro tradicional abandonado<\/dl>\n<\/div>\n<p>&#8230;&#8230;&#8230;&#8230;&#8230;&#8230;&#8230;&#8230;&#8230;&#8230;&#8230;&#8230;&#8230;&#8230;&#8230;&#8230;&#8230;&#8230;&#8230;&#8230;&#8230;&#8230;&#8230;&#8230;&#8230;&#8230;&#8230;&#8230;&#8230;&#8230;&#8230;&#8230;&#8230;&#8230;&#8230;&#8230;&#8230;&#8230;.<\/p>\n","protected":false},"excerpt":{"rendered":"<p>Tweet &#8230;&#8230;&#8230;&#8230;&#8230;&#8230;&#8230;&#8230;&#8230;&#8230;&#8230;&#8230;&#8230;&#8230;&#8230;&#8230;&#8230;&#8230;. Desacoplamiento es una ayuda que se abona independientemente de que el agricultor produzca o no . \u00a0 Este pago est\u00e1 sujeto al cumplimiento de la condicionalidad: buenas condiciones agrarias y medioambientales y requisitos legales y de gesti\u00f3n \u00a0 A partir de la d\u00e9cada de los noventa, para cobrar las ayudas de la PAC [&hellip;]<\/p>\n","protected":false},"author":1,"featured_media":0,"parent":0,"menu_order":0,"comment_status":"open","ping_status":"open","template":"","meta":{"footnotes":""},"class_list":["post-2664","page","type-page","status-publish","hentry"],"_links":{"self":[{"href":"https:\/\/www.floracantabrica.com\/index.php?rest_route=\/wp\/v2\/pages\/2664","targetHints":{"allow":["GET"]}}],"collection":[{"href":"https:\/\/www.floracantabrica.com\/index.php?rest_route=\/wp\/v2\/pages"}],"about":[{"href":"https:\/\/www.floracantabrica.com\/index.php?rest_route=\/wp\/v2\/types\/page"}],"author":[{"embeddable":true,"href":"https:\/\/www.floracantabrica.com\/index.php?rest_route=\/wp\/v2\/users\/1"}],"replies":[{"embeddable":true,"href":"https:\/\/www.floracantabrica.com\/index.php?rest_route=%2Fwp%2Fv2%2Fcomments&post=2664"}],"version-history":[{"count":8,"href":"https:\/\/www.floracantabrica.com\/index.php?rest_route=\/wp\/v2\/pages\/2664\/revisions"}],"predecessor-version":[{"id":2671,"href":"https:\/\/www.floracantabrica.com\/index.php?rest_route=\/wp\/v2\/pages\/2664\/revisions\/2671"}],"wp:attachment":[{"href":"https:\/\/www.floracantabrica.com\/index.php?rest_route=%2Fwp%2Fv2%2Fmedia&parent=2664"}],"curies":[{"name":"wp","href":"https:\/\/api.w.org\/{rel}","templated":true}]}}