{"id":20625,"date":"2012-08-18T14:07:37","date_gmt":"2012-08-18T12:07:37","guid":{"rendered":"http:\/\/www.floracantabrica.com\/?page_id=20625"},"modified":"2012-08-18T14:07:37","modified_gmt":"2012-08-18T12:07:37","slug":"the-powerful-antennae-of-moths","status":"publish","type":"page","link":"https:\/\/www.floracantabrica.com\/?page_id=20625","title":{"rendered":"The powerful antennae of moths."},"content":{"rendered":"<p><a href=\"http:\/\/twitter.com\/share?url=https%3A%2F%2Fwww.floracantabrica.com%2F%3Fpage_id%3D20625&amp;count=none&amp;lang=es&amp;via=lorencincoreses&amp;related=Mujerverdosa&amp;text=The powerful antennae of moths. - Flora Cant\u00e1brica\" class=\"twitter-share-button\">Tweet<\/a><\/p><p>&#8230;&#8230;&#8230;<span style=\"font-size: large;\">&#8230;&#8230;.<\/span><\/p>\n<p><span style=\"font-size: large;\"><strong>Las potentes antenas de las polillas.<\/strong><\/span><\/p>\n<p><span style=\"font-size: large;\"> <\/span><\/p>\n<p><span style=\"font-size: large;\"><strong>\u2026\u2026\u2026<\/strong><\/span><\/p>\n<p><span style=\"font-size: large;\"> <\/span><\/p>\n<p><span style=\"font-size: xx-large;\"><strong>\u2026\u2026<\/strong><\/span><\/p>\n<p><span style=\"font-size: xx-large;\"><strong>.<\/strong><\/span><\/p>\n<p><span style=\"font-size: xx-large;\"> <\/span><\/p>\n<p><span style=\"font-size: xx-large;\"> <\/span><\/p>\n<p><span style=\"font-size: xx-large;\"> <\/span><\/p>\n<p><span style=\"font-size: xx-large;\"><strong>The powerful<\/strong><strong> <\/strong><strong>antennae<\/strong><strong> <\/strong><strong>of moths<\/strong><\/span><\/p>\n<p><span style=\"font-size: large;\"> <\/span><\/p>\n<p><span style=\"font-size: large;\"><strong>&#8230;&#8230;..<\/strong><\/span><\/p>\n<p><span style=\"font-size: large;\"><strong>&#8230;&#8230;.<\/strong><\/span><\/p>\n<p><span style=\"font-size: large;\"> <\/span><\/p>\n<p><span style=\"font-size: large;\"><strong> <\/strong><\/span><\/p>\n<p><span style=\"font-size: large;\"> <\/span><\/p>\n<p><span style=\"font-size: large;\"> <\/span><\/p>\n<p><span style=\"font-size: large;\"> <\/span><\/p>\n<p><span style=\"font-size: large;\"> <\/span><\/p>\n<p><span style=\"font-size: large;\"> <\/span><\/p>\n<p><span style=\"font-size: large;\"><strong>Las potentes antenas que permiten a las polillas hallar a sus parejas.<\/strong><\/span><\/p>\n<p><span style=\"font-size: large;\"> <\/span><\/p>\n<p><span style=\"font-size: large;\"><strong>\u2026<\/strong><\/span><\/p>\n<p><span style=\"font-size: large;\"> <\/span><\/p>\n<p><span style=\"font-size: large;\"><strong>\u2026\u2026\u2026<\/strong><\/span><\/p>\n<p><span style=\"font-size: large;\"> <\/span><\/p>\n<p><span style=\"font-size: large;\"><strong>Etnopaisaje.com<\/strong><\/span><\/p>\n<p><span style=\"font-size: large;\"> <\/span><\/p>\n<p><span style=\"font-size: large;\"><strong> <\/strong><\/span><\/p>\n<p><span style=\"font-size: large;\"> <\/span><\/p>\n<p><span style=\"font-size: large;\"><strong>\u2026\u2026<\/strong><\/span><\/p>\n<p><img loading=\"lazy\" decoding=\"async\" title=\"image002\" src=\"..\/wp-content\/uploads\/2012\/08\/image00231.gif\" alt=\"image002\" width=\"863\" height=\"647\" \/><\/p>\n<p><span style=\"font-size: large;\"><strong>\u2026<\/strong><\/span><\/p>\n<p><span style=\"font-size: large;\"> <\/span><\/p>\n<p><span style=\"font-size: large;\"><strong> <\/strong><\/span><\/p>\n<p><span style=\"font-size: large;\"> <\/span><\/p>\n<p><span style=\"font-size: large;\"><strong>Una polilla hembra posada sobre un arco de f\u00fatbol<\/strong><strong> podr\u00eda atraer a un macho ubicado en el.otro extremo de la cancha<\/strong><\/span><\/p>\n<p><span style=\"font-size: large;\"> <\/span><\/p>\n<p><span style=\"font-size: large;\"><strong>&#8230;&#8230;&#8230;<\/strong><\/span><\/p>\n<p><span style=\"font-size: large;\"> <\/span><\/p>\n<p><span style=\"font-size: large;\"><strong>&#8230;&#8230;&#8230;&#8230;<\/strong><\/span><\/p>\n<p><span style=\"font-size: large;\"> <\/span><\/p>\n<p><span style=\"font-size: large;\">Comprender la gen\u00e9tica detr\u00e1s de la comunicaci\u00f3n entre <strong>polilas podr\u00eda tener importantes consecuencias econ\u00f3micas, s<\/strong>eg\u00fan Kevin Wanner, autor principal del estudio<\/span><\/p>\n<p><span style=\"font-size: large;\"> <\/span><\/p>\n<p><span style=\"font-size: large;\">&#8230;..<\/span><\/p>\n<p><span style=\"font-size: large;\"> <\/span><\/p>\n<p><span style=\"font-size: large;\">&#8230;..<\/span><\/p>\n<p><span style=\"font-size: large;\"> <\/span><\/p>\n<p><span style=\"font-size: large;\"><strong>Los  cient\u00edficos podr\u00edan ayudar a controlar plagas agr\u00edcolas, dise\u00f1ando  nuevos \u00abaromas\u00bb que imposibiliten a las polillas macho encontrar hembras  de su misma especie<\/strong><\/span><\/p>\n<p><span style=\"font-size: large;\"> <\/span><\/p>\n<p><span style=\"font-size: large;\">,,,,,,,<\/span><\/p>\n<p><span style=\"font-size: large;\"> <\/span><\/p>\n<p><span style=\"font-size: large;\">,,,,,,,<\/span><\/p>\n<p><span style=\"font-size: large;\"> <\/span><\/p>\n<p><span style=\"font-size: large;\"><strong> <\/strong><\/span><\/p>\n<p><span style=\"font-size: large;\"> <\/span><\/p>\n<p><span style=\"font-size: large;\"><strong>El llamado taladro del ma\u00edz europeo, <\/strong><strong><em>Ostrinia nubilalis<\/em><\/strong><strong>, por ejemplo, es una de las especies m\u00e1s da\u00f1inas para estos cultivos<\/strong>. Las orugas de esta polillas da\u00f1an las mazorcas y los tallos del ma\u00edz, haciendo t\u00faneles dentro de ellos para alimentarse.<\/span><\/p>\n<p><span style=\"font-size: large;\"> <\/span><\/p>\n<p><span style=\"font-size: large;\">&#8230;&#8230;<\/span><\/p>\n<p><span style=\"font-size: large;\"> <\/span><\/p>\n<p><span style=\"font-size: large;\">&#8230;..<\/span><\/p>\n<p><span style=\"font-size: large;\"> <\/span><\/p>\n<p><span style=\"font-size: large;\">Se estima que las p\u00e9rdidas y la lucha por controlar la plaga alcanzan <strong>un costo superior a US$ 1.000 millones cada a\u00f1o.<\/strong><\/span><\/p>\n<p><span style=\"font-size: large;\"> <\/span><\/p>\n<p><span style=\"font-size: large;\"><strong>&#8230;&#8230;.<\/strong><\/span><\/p>\n<p><span style=\"font-size: large;\"> <\/span><\/p>\n<p><span style=\"font-size: large;\"><strong>&#8230;&#8230;<\/strong><\/span><\/p>\n<p><span style=\"font-size: large;\"> <\/span><\/p>\n<p><span style=\"font-size: large;\"><strong> <\/strong><\/span><\/p>\n<p><span style=\"font-size: large;\"> <\/span><\/p>\n<p><span style=\"font-size: large;\">C\u00e9lulas sensoriales en las potentes antenas del macho <strong>pueden detectar las feromonas de la hembra<\/strong><\/span><\/p>\n<p><span style=\"font-size: large;\"> <\/span><\/p>\n<p><span style=\"font-size: large;\">&#8230;..<\/span><\/p>\n<p><span style=\"font-size: large;\"> <\/span><\/p>\n<p><span style=\"font-size: large;\">&#8230;..<\/span><\/p>\n<p><span style=\"font-size: large;\"> <\/span><\/p>\n<p><span style=\"font-size: large;\">Las  feromonas son combinaciones o mezclas de diferentes aromas que las  hembras liberan para atraer a los machos de su misma especie durante el  per\u00edodo de apareamiento<\/span><\/p>\n<p><span style=\"font-size: large;\"> <\/span><\/p>\n<p><span style=\"font-size: large;\"><strong> <\/strong><\/span><\/p>\n<p><span style=\"font-size: large;\"> <\/span><\/p>\n<p><span style=\"font-size: large;\"><strong> <\/strong><\/span><\/p>\n<p><span style=\"font-size: large;\"> <\/span><\/p>\n<p><span style=\"font-size: large;\"><strong> <\/strong><\/span><\/p>\n<p><span style=\"font-size: large;\"> <\/span><\/p>\n<p><span style=\"font-size: large;\"><strong> <\/strong><\/span><\/p>\n<p><span style=\"font-size: large;\"> <\/span><\/p>\n<p><span style=\"font-size: large;\"><strong>&#8230;&#8230;&#8230;<\/strong><\/span><\/p>\n<p><span style=\"font-size: large;\"> <\/span><\/p>\n<p><span style=\"font-size: large;\"><strong>&#8230;&#8230;&#8230;&#8230;&#8230;&#8230;<\/strong><\/span><\/p>\n<p><span style=\"font-size: x-large;\"><strong>The powerful antennas that allow moths find their partners.<\/strong><\/span><\/p>\n<p><span style=\"font-size: large;\">..<\/span><\/p>\n<p><span style=\"font-size: large;\">&#8230;<br \/>\n<\/span><\/p>\n<p><span style=\"font-size: large;\"><strong><br \/>\n<\/strong><\/span><\/p>\n<p><span style=\"font-size: large;\"> <\/span><\/p>\n<p><span style=\"font-size: large;\"><strong>A female moth resting on a football arch might attract a male on the other end of the court<\/strong><strong> <\/strong><\/span><\/p>\n<p><span style=\"font-size: large;\"> <\/span><\/p>\n<p><span style=\"font-size: large;\"><strong>&#8230;&#8230;.<\/strong><\/span><\/p>\n<p><span style=\"font-size: large;\"> <\/span><\/p>\n<p><span style=\"font-size: large;\"><strong>&#8230;&#8230;<\/strong><\/span><\/p>\n<p><span style=\"font-size: large;\"> <\/span><\/p>\n<p><span style=\"font-size: large;\">S<strong>cientists could help to control agricultural pests, designing <\/strong>new \u00abflavors\u00bb that vacancies to male moths find females of the same species.<\/span><\/p>\n<p><span style=\"font-size: large;\"> <\/span><\/p>\n<p><span style=\"font-size: large;\"><strong>&#8230;&#8230;<\/strong><\/span><\/p>\n<p><span style=\"font-size: large;\"> <\/span><\/p>\n<p><span style=\"font-size: large;\"><strong>&#8230;&#8230;<\/strong><\/span><\/p>\n<p><span style=\"font-size: large;\"> <\/span><\/p>\n<p><span style=\"font-size: large;\"><strong>The so-called<\/strong><strong> European corn borer, Ostrinia nubilalis, for<\/strong> example, is one of the most harmful for these crops. Caterpillars of  this moth damage the ears and stalks of corn by tunneling into them to  feed<\/span><\/p>\n<p><span style=\"font-size: large;\"> <\/span><\/p>\n<p><span style=\"font-size: large;\">,,,,,<\/span><\/p>\n<p><span style=\"font-size: large;\"> <\/span><\/p>\n<p><span style=\"font-size: large;\">,,,,,,,,,<\/span><\/p>\n<p><span style=\"font-size: large;\"> <\/span><\/p>\n<p><span style=\"font-size: large;\"><strong>It is estimated that losses and the struggle to control the pest reach a cost of over $1 billion each year<\/strong><\/span><\/p>\n<p><span style=\"font-size: large;\"> <\/span><\/p>\n<p><span style=\"font-size: large;\">..<\/span><\/p>\n<p><span style=\"font-size: large;\"> <\/span><\/p>\n<p><span style=\"font-size: large;\">&#8230;..<strong> <\/strong><\/span><\/p>\n<p><span style=\"font-size: large;\"> <\/span><\/p>\n<p><span style=\"font-size: large;\"><strong>Sensory cells in the male&#8217;s powerful antenna<\/strong>s can detect the pheromones of the female<\/span><\/p>\n<p><span style=\"font-size: large;\"> <\/span><\/p>\n<p><span style=\"font-size: large;\">&#8230;&#8230;&#8230;.<\/span><\/p>\n<p><span style=\"font-size: large;\"> <\/span><\/p>\n<p><span style=\"font-size: large;\">&#8230;.<\/span><\/p>\n<p><span style=\"font-size: large;\"> <\/span><\/p>\n<p><span style=\"font-size: large;\">P<strong>heromones  are combinations or mixtures of different aromas released by females to  attract male<\/strong>s of the same species during the breeding period<\/span><\/p>\n<p><span style=\"font-size: large;\"> <\/span><\/p>\n<p><span style=\"font-size: large;\">&#8230;&#8230;&#8230;&#8230;<\/span><\/p>\n","protected":false},"excerpt":{"rendered":"<p>Tweet&#8230;&#8230;&#8230;&#8230;&#8230;. Las potentes antenas de las polillas. \u2026\u2026\u2026 \u2026\u2026 . The powerful antennae of moths &#8230;&#8230;.. &#8230;&#8230;. Las potentes antenas que permiten a las polillas hallar a sus parejas. \u2026 \u2026\u2026\u2026 Etnopaisaje.com \u2026\u2026 \u2026 Una polilla hembra posada sobre un arco de f\u00fatbol podr\u00eda atraer a un macho ubicado en el.otro extremo de la cancha [&hellip;]<\/p>\n","protected":false},"author":1,"featured_media":0,"parent":0,"menu_order":0,"comment_status":"open","ping_status":"open","template":"","meta":{"footnotes":""},"class_list":["post-20625","page","type-page","status-publish","hentry"],"_links":{"self":[{"href":"https:\/\/www.floracantabrica.com\/index.php?rest_route=\/wp\/v2\/pages\/20625","targetHints":{"allow":["GET"]}}],"collection":[{"href":"https:\/\/www.floracantabrica.com\/index.php?rest_route=\/wp\/v2\/pages"}],"about":[{"href":"https:\/\/www.floracantabrica.com\/index.php?rest_route=\/wp\/v2\/types\/page"}],"author":[{"embeddable":true,"href":"https:\/\/www.floracantabrica.com\/index.php?rest_route=\/wp\/v2\/users\/1"}],"replies":[{"embeddable":true,"href":"https:\/\/www.floracantabrica.com\/index.php?rest_route=%2Fwp%2Fv2%2Fcomments&post=20625"}],"version-history":[{"count":5,"href":"https:\/\/www.floracantabrica.com\/index.php?rest_route=\/wp\/v2\/pages\/20625\/revisions"}],"predecessor-version":[{"id":20630,"href":"https:\/\/www.floracantabrica.com\/index.php?rest_route=\/wp\/v2\/pages\/20625\/revisions\/20630"}],"wp:attachment":[{"href":"https:\/\/www.floracantabrica.com\/index.php?rest_route=%2Fwp%2Fv2%2Fmedia&parent=20625"}],"curies":[{"name":"wp","href":"https:\/\/api.w.org\/{rel}","templated":true}]}}