{"id":20604,"date":"2012-08-17T13:26:17","date_gmt":"2012-08-17T11:26:17","guid":{"rendered":"http:\/\/www.floracantabrica.com\/?page_id=20604"},"modified":"2012-08-17T13:26:17","modified_gmt":"2012-08-17T11:26:17","slug":"new-index-ocean-health","status":"publish","type":"page","link":"https:\/\/www.floracantabrica.com\/?page_id=20604","title":{"rendered":"New Index ocean health."},"content":{"rendered":"<p><a href=\"http:\/\/twitter.com\/share?url=https%3A%2F%2Fwww.floracantabrica.com%2F%3Fpage_id%3D20604&amp;count=none&amp;lang=es&amp;via=lorencincoreses&amp;related=Mujerverdosa&amp;text=New Index ocean health. - Flora Cant\u00e1brica\" class=\"twitter-share-button\">Tweet<\/a><\/p><p>&#8230;&#8230;&#8230;&#8230;..<\/p>\n<p><span style=\"font-size: large;\"><strong>Nuevo<\/strong><strong> \u00cdndice de la salud del oc\u00e9ano.<\/strong><\/span><\/p>\n<p><span style=\"font-size: large;\"> <\/span><\/p>\n<p><span style=\"font-size: large;\"><strong>\u2026\u2026<\/strong><\/span><\/p>\n<p><span style=\"font-size: large;\"><strong>\u2026\u2026<\/strong><\/span><\/p>\n<p><span style=\"font-size: large;\"> <\/span><\/p>\n<p><span style=\"font-size: xx-large;\"><strong>New<\/strong><strong> <\/strong><strong>Index<\/strong><strong> <\/strong><strong>ocean health<\/strong>.<\/span><\/p>\n<p><span style=\"font-size: large;\"> <\/span><\/p>\n<p><span style=\"font-size: large;\">&#8230;..<\/span><\/p>\n<p><span style=\"font-size: large;\"> <\/span><\/p>\n<p><span style=\"font-size: large;\">..<\/span><\/p>\n<p><span style=\"font-size: large;\"> <\/span><\/p>\n<p><span style=\"font-size: large;\"><strong> <\/strong><\/span><\/p>\n<p><span style=\"font-size: large;\"> <\/span><\/p>\n<p><span style=\"font-size: large;\"><strong> <\/strong><\/span><\/p>\n<p><span style=\"font-size: large;\"> <\/span><\/p>\n<p><span style=\"font-size: large;\"><strong>Nuevo<\/strong><strong> \u00cdndice de la salud del oc\u00e9ano que mide el Estado Mundial de los Mares<\/strong><strong> <\/strong><\/span><\/p>\n<p><span style=\"font-size: large;\"> <\/span><\/p>\n<p><span style=\"font-size: large;\"><strong>&#8230;..<\/strong><\/span><\/p>\n<p><span style=\"font-size: large;\"> <\/span><\/p>\n<p><span style=\"font-size: large;\"><strong>&#8230;&#8230;&#8230;&#8230;&#8230;&#8230;..<\/strong><\/span><\/p>\n<p><span style=\"font-size: large;\"> <\/span><\/p>\n<p><span style=\"font-size: large;\"><strong> <\/strong><\/span><\/p>\n<p><span style=\"font-size: large;\"> <\/span><\/p>\n<p><span style=\"font-size: large;\"><strong> <\/strong><\/span><\/p>\n<p><span style=\"font-size: large;\"> <\/span><\/p>\n<p><span style=\"font-size: large;\"><strong>New Ocean Health Index Measures the Global State of the Seas<\/strong><\/span><\/p>\n<p><span style=\"font-size: large;\"> <\/span><\/p>\n<p><span style=\"font-size: large;\">&#8230;.<\/span><\/p>\n<p><span style=\"font-size: large;\"> <\/span><\/p>\n<p><span style=\"font-size: large;\">&#8230;..<\/span><\/p>\n<p><span style=\"font-size: large;\"> <\/span><\/p>\n<p><span style=\"font-size: large;\"> <\/span><\/p>\n<p><span style=\"font-size: large;\"> <\/span><\/p>\n<p><strong><span style=\"font-size: large;\">Etnopaisaje.com<\/span><\/strong><\/p>\n<p><strong><span style=\"font-size: large;\">&#8230;&#8230;.<\/span><\/strong><\/p>\n<p><img loading=\"lazy\" decoding=\"async\" title=\"image002\" src=\"..\/wp-content\/uploads\/2012\/08\/image00230.gif\" alt=\"image002\" width=\"868\" height=\"651\" \/><\/p>\n<p><strong><span style=\"font-size: large;\">&#8230;&#8230;&#8230;&#8230;.<br \/>\n<\/span><\/strong><\/p>\n<p><span style=\"font-size: large;\"> <\/span><\/p>\n<p><span style=\"font-size: large;\">\u2026\u2026<\/span><\/p>\n<p><span style=\"font-size: large;\">. <strong><span style=\"font-size: x-large;\">Zarzaparrilla. Smilax aspera<br \/>\n<\/span><\/strong><\/span><\/p>\n<p><strong><span style=\"font-size: x-large;\"> <\/span><\/strong><\/p>\n<p><strong><span style=\"font-size: x-large;\"> <\/span><\/strong><\/p>\n<p><strong><span style=\"font-size: x-large;\">\u2026<\/span><\/strong><\/p>\n<p><span style=\"font-size: large;\"> <\/span><\/p>\n<p><span style=\"font-size: large;\">Ahora los investigadores han completado el esfuerzo m\u00e1s completo para proporcionar una <strong><a href=\"http:\/\/translate.googleusercontent.com\/translate_c?depth=1&amp;hl=es&amp;prev=\/search%3Fq%3Dmagazine%2Bof%2Bscience%26hl%3Des%26rlz%3D1G1TSEH_ESES493%26biw%3D1366%26bih%3D565%26prmd%3Dimvns&amp;rurl=translate.google.es&amp;sl=en&amp;u=http:\/\/www.oceanhealthindex.org\/&amp;usg=ALkJrhioL_KTcWOehFWeLTRgMws9bwQ5GQ\">visi\u00f3n general del estado de los mares<\/a><\/strong> . They hope the new Ocean Health Index will raise awareness of the  connections between humans and the oceans, highlight trade-offs in how  people use marine resources, and point to areas where more data are  needed. Esperan que el <strong>\u00cdndice de Salud Ocean<\/strong> nuevo aumentar\u00e1 la conciencia de los v\u00ednculos entre los seres humanos y los oc\u00e9anos<\/span><\/p>\n<p><span style=\"font-size: large;\"> <\/span><\/p>\n<p><span style=\"font-size: large;\">\u2026\u2026<\/span><\/p>\n<p><span style=\"font-size: large;\"> <\/span><\/p>\n<p><span style=\"font-size: large;\">\u2026\u2026.<\/span><\/p>\n<p><span style=\"font-size: large;\"> <\/span><\/p>\n<p><span style=\"font-size: large;\"> <\/span><\/p>\n<p><span style=\"font-size: large;\"> <\/span><\/p>\n<p><span style=\"font-size: large;\"><strong>Un grupo internacional de m\u00e1s de 30 investigadores<\/strong> ha ofrecido una puntuaci\u00f3n a cada naci\u00f3n costera, en su contribuci\u00f3n a  la salud de los oc\u00e9anos del mundo, se\u00f1alando la provisi\u00f3n de alimentos,  el turismo, y la recreaci\u00f3n, como las principales preocupaciones.<\/span><\/p>\n<p><span style=\"font-size: large;\"> <\/span><\/p>\n<p><span style=\"font-size: large;\">\u2026\u2026<\/span><\/p>\n<p><span style=\"font-size: large;\"> <\/span><\/p>\n<p><span style=\"font-size: large;\">\u2026\u2026.<\/span><\/p>\n<p><span style=\"font-size: large;\"> <\/span><\/p>\n<p><span style=\"font-size: large;\"><strong> El an\u00e1lisis, publicado en la revista &#8216;Nature&#8217;, anot\u00f3 cada naci\u00f3n en una escala de 0 a 100, en 10 categor\u00edas diferentes<\/strong>,  tales como el agua potable, la biodiversidad, la provisi\u00f3n de  alimentos, el almacenamiento de carbono, la protecci\u00f3n de la costa y las  econom\u00edas costeras<\/span><\/p>\n<p><span style=\"font-size: large;\"> <\/span><\/p>\n<p><span style=\"font-size: large;\">\u2026<\/span><\/p>\n<p><span style=\"font-size: large;\"> <\/span><\/p>\n<p><span style=\"font-size: large;\">\u2026\u2026.<\/span><\/p>\n<p><span style=\"font-size: large;\"> <\/span><\/p>\n<p><span style=\"font-size: large;\"> <\/span><\/p>\n<p><span style=\"font-size: large;\"> <\/span><\/p>\n<p><span style=\"font-size: large;\"><strong>Conservation  Internacional y National Geographic, las dos principales organizaciones  tras el informe, se\u00f1alaron que la media global se situ\u00f3 en 60<\/strong> en un \u00edndice que va del uno al 100<\/span><\/p>\n<p><span style=\"font-size: large;\"> <\/span><\/p>\n<p><span style=\"font-size: large;\">\u2026\u2026\u2026\u2026.<\/span><\/p>\n<p><span style=\"font-size: large;\"> <\/span><\/p>\n<p><span style=\"font-size: large;\"><strong>\u00c1frica occidental, Centroam\u00e9rica o partes del sur de Asia obtuvieron las peores notas<\/strong> debido a \u00abun cambio sin precedentes en la manera en que impacta la humanidad en los oc\u00e9anos y nuestra coexistencia con ellos\u00bb.<\/span><\/p>\n<p><span style=\"font-size: large;\"> <\/span><\/p>\n<p><span style=\"font-size: large;\">\u2026<\/span><\/p>\n<p><span style=\"font-size: large;\"> <\/span><\/p>\n<p><span style=\"font-size: large;\">\u2026..<\/span><\/p>\n<p><span style=\"font-size: large;\"> <\/span><\/p>\n<p><span style=\"font-size: large;\"> <\/span><\/p>\n<p><span style=\"font-size: large;\"> <\/span><\/p>\n<p><span style=\"font-size: large;\"><strong>A la cola de la lista se sit\u00faa Sierra Leona<\/strong>,  con una calificaci\u00f3n de 36, mientras que la mejor fue para Jarvis  Island, una peque\u00f1a isla deshabitada en medio del Pac\u00edfico, que obtuvo  un 86.<\/span><\/p>\n<p><span style=\"font-size: large;\"> <\/span><\/p>\n<p><span style=\"font-size: large;\"> <\/span><\/p>\n<p><span style=\"font-size: large;\"> <\/span><\/p>\n<p><span style=\"font-size: large;\"> &#8230;&#8230;&#8230;&#8230;&#8230;..<\/span><\/p>\n<p><span style=\"font-size: large;\"><img loading=\"lazy\" decoding=\"async\" title=\"image002\" src=\"..\/wp-content\/uploads\/2012\/08\/image00210.jpg\" alt=\"image002\" width=\"964\" height=\"495\" \/><\/span><\/p>\n<p><span style=\"font-size: large;\">&#8230;&#8230;&#8230;&#8230;&#8230;&#8230;<\/span><\/p>\n<p><span style=\"font-size: large;\"><strong>Now researchers have<\/strong><strong> completed the most comprehensive effort to provide an overview of the state of the seas<\/strong>. They expect the new Ocean Health Index will increase awareness of the links between humans and oceans<\/span><\/p>\n<p><span style=\"font-size: large;\"> <\/span><\/p>\n<p><span style=\"font-size: large;\"> <\/span><\/p>\n<p><span style=\"font-size: large;\"> <\/span><\/p>\n<p><span style=\"font-size: large;\">&#8230;&#8230;<\/span><\/p>\n<p><span style=\"font-size: large;\"> <\/span><\/p>\n<p><span style=\"font-size: large;\">&#8230;&#8230;&#8230;&#8230;&#8230;<\/span><\/p>\n<p><span style=\"font-size: large;\"> <\/span><\/p>\n<p><span style=\"font-size: large;\"> <\/span><\/p>\n<p><span style=\"font-size: large;\"> <\/span><\/p>\n<p><span style=\"font-size: large;\"><strong>An international group of more than 30 researchers has offered a score to each coastal nation, <\/strong>in  its contribution to the health of the world&#8217;s oceans, noting the  provision of food, tourism, and recreation, as the main concerns. The  analysis, published in the journal &#8216;Nature&#8217;, scored each nation on a  scale from 0 to 100 in 10 different categories, such as drinking water,  biodiversity, food supply, carbon storage, the protection of the coast  and coastal economies<\/span><\/p>\n<p><span style=\"font-size: large;\"> <\/span><\/p>\n<p><span style=\"font-size: large;\">&#8230;..<\/span><\/p>\n<p><span style=\"font-size: large;\"> <\/span><\/p>\n<p><span style=\"font-size: large;\">&#8230;&#8230;<\/span><\/p>\n<p><span style=\"font-size: large;\"> <\/span><\/p>\n<p><span style=\"font-size: large;\"> <\/span><\/p>\n<p><span style=\"font-size: large;\"> <\/span><\/p>\n<p><span style=\"font-size: large;\"><strong>Conservation International and National Geographic<\/strong>,  the two main organizations following the report, noted that the overall  average stood at 60 in an index that ranges from one to 100<\/span><\/p>\n<p><span style=\"font-size: large;\"> <\/span><\/p>\n<p><span style=\"font-size: large;\">&#8230;..<\/span><\/p>\n<p><span style=\"font-size: large;\"> <\/span><\/p>\n<p><span style=\"font-size: large;\">&#8230;&#8230;<\/span><\/p>\n<p><span style=\"font-size: large;\"> <\/span><\/p>\n<p><span style=\"font-size: large;\"><strong>West Africa, Central America or parts of South Asia were the worst notes<\/strong> due to \u00aba change unprecedented in the way that impacts the humanity in the oceans and our co-existence with them\u00bb.<\/span><\/p>\n<p><span style=\"font-size: large;\"> <\/span><\/p>\n<p><span style=\"font-size: large;\">&#8230;&#8230;&#8230;.<\/span><\/p>\n<p><span style=\"font-size: large;\"> <\/span><\/p>\n<p><span style=\"font-size: large;\">&#8230;&#8230;.<\/span><\/p>\n<p><span style=\"font-size: large;\"> <\/span><\/p>\n<p><span style=\"font-size: large;\"> <\/span><\/p>\n<p><span style=\"font-size: large;\"> <\/span><\/p>\n<p><span style=\"font-size: large;\"><strong>The tail of the list is Sierra Leone, with a score of 36<\/strong>, while the best was for Jarvis Island, a small uninhabited island in the middle of the Pacific, which got a 86.<\/span><\/p>\n","protected":false},"excerpt":{"rendered":"<p>Tweet&#8230;&#8230;&#8230;&#8230;.. Nuevo \u00cdndice de la salud del oc\u00e9ano. \u2026\u2026 \u2026\u2026 New Index ocean health. &#8230;.. .. Nuevo \u00cdndice de la salud del oc\u00e9ano que mide el Estado Mundial de los Mares &#8230;.. &#8230;&#8230;&#8230;&#8230;&#8230;&#8230;.. New Ocean Health Index Measures the Global State of the Seas &#8230;. &#8230;.. Etnopaisaje.com &#8230;&#8230;. &#8230;&#8230;&#8230;&#8230;. \u2026\u2026 . Zarzaparrilla. Smilax aspera \u2026 [&hellip;]<\/p>\n","protected":false},"author":1,"featured_media":0,"parent":0,"menu_order":0,"comment_status":"open","ping_status":"open","template":"","meta":{"footnotes":""},"class_list":["post-20604","page","type-page","status-publish","hentry"],"_links":{"self":[{"href":"https:\/\/www.floracantabrica.com\/index.php?rest_route=\/wp\/v2\/pages\/20604","targetHints":{"allow":["GET"]}}],"collection":[{"href":"https:\/\/www.floracantabrica.com\/index.php?rest_route=\/wp\/v2\/pages"}],"about":[{"href":"https:\/\/www.floracantabrica.com\/index.php?rest_route=\/wp\/v2\/types\/page"}],"author":[{"embeddable":true,"href":"https:\/\/www.floracantabrica.com\/index.php?rest_route=\/wp\/v2\/users\/1"}],"replies":[{"embeddable":true,"href":"https:\/\/www.floracantabrica.com\/index.php?rest_route=%2Fwp%2Fv2%2Fcomments&post=20604"}],"version-history":[{"count":3,"href":"https:\/\/www.floracantabrica.com\/index.php?rest_route=\/wp\/v2\/pages\/20604\/revisions"}],"predecessor-version":[{"id":20607,"href":"https:\/\/www.floracantabrica.com\/index.php?rest_route=\/wp\/v2\/pages\/20604\/revisions\/20607"}],"wp:attachment":[{"href":"https:\/\/www.floracantabrica.com\/index.php?rest_route=%2Fwp%2Fv2%2Fmedia&parent=20604"}],"curies":[{"name":"wp","href":"https:\/\/api.w.org\/{rel}","templated":true}]}}