{"id":20531,"date":"2012-08-13T23:30:53","date_gmt":"2012-08-13T21:30:53","guid":{"rendered":"http:\/\/www.floracantabrica.com\/?page_id=20531"},"modified":"2012-08-13T23:30:53","modified_gmt":"2012-08-13T21:30:53","slug":"race-against-time-for-the-banks-to-liquidate-the-brick","status":"publish","type":"page","link":"https:\/\/www.floracantabrica.com\/?page_id=20531","title":{"rendered":"Race against time for the banks to liquidate the &#8216;brick&#8217;"},"content":{"rendered":"<p><a href=\"http:\/\/twitter.com\/share?url=https%3A%2F%2Fwww.floracantabrica.com%2F%3Fpage_id%3D20531&amp;count=none&amp;lang=es&amp;via=lorencincoreses&amp;related=Mujerverdosa&amp;text=Race against time for the banks to liquidate the 'brick' - Flora Cant\u00e1brica\" class=\"twitter-share-button\">Tweet<\/a><\/p><p>&#8230;&#8230;&#8230;&#8230;&#8230;<\/p>\n<p><span style=\"font-size: large;\"><strong>Carrera contrarreloj de la banca para liquidar el &#8216;ladrillo&#8217;<\/strong><\/span><\/p>\n<p><span style=\"font-size: large;\"> <\/span><\/p>\n<p><span style=\"font-size: large;\"><strong>\u2026\u2026<\/strong><\/span><\/p>\n<p><span style=\"font-size: large;\"> <\/span><\/p>\n<p><span style=\"font-size: large;\"><strong>\u2026<\/strong><\/span><\/p>\n<p><span style=\"font-size: large;\"> <\/span><\/p>\n<p><span style=\"font-size: xx-large;\"><strong>Race against time for the banks to liquidate the &#8216;brick&#8217;<\/strong><\/span><\/p>\n<p><span style=\"font-size: large;\"><strong>.<\/strong><\/span><\/p>\n<p><span style=\"font-size: large;\"><strong>.<\/strong><\/span><\/p>\n<p><span style=\"font-size: large;\"><strong><img loading=\"lazy\" decoding=\"async\" title=\"image001\" src=\"..\/wp-content\/uploads\/2012\/08\/image001.gif\" alt=\"image001\" width=\"290\" height=\"34\" \/><\/strong><\/span><\/p>\n<p><span style=\"font-size: large;\"><strong>&#8230;&#8230;&#8230;<\/strong><\/span><\/p>\n<p><span style=\"font-size: large;\"><strong>Etnopaisaje.com<\/strong><\/span><\/p>\n<p><span style=\"font-size: large;\"> <\/span><\/p>\n<p><span style=\"font-size: large;\"><strong>&#8230;&#8230;&#8230;.<\/strong><\/span><\/p>\n<p><span style=\"font-size: large;\"> <\/span><\/p>\n<p><span style=\"font-size: large;\"><strong>&#8230;..<\/strong><\/span><\/p>\n<p><span style=\"font-size: large;\"> <\/span><\/p>\n<p><span style=\"font-size: large;\"><strong>Los bancos m\u00e1s \u00abenladrillados\u00bb han vendido hasta junio casi 18.000 pisos<\/strong>,  una actividad fren\u00e9tica que se ha acelerado en las \u00faltimas semanas ante  la inminente aprobaci\u00f3n del \u00abbanco malo\u00bb, que les obligar\u00e1 a aflorar  p\u00e9rdidas<\/span><\/p>\n<p><span style=\"font-size: large;\"> <\/span><\/p>\n<p><span style=\"font-size: large;\">\u2026\u2026\u2026<\/span><\/p>\n<p><span style=\"font-size: large;\"> <\/span><\/p>\n<p><span style=\"font-size: large;\">\u2026<\/span><\/p>\n<p><span style=\"font-size: large;\"> <\/span><\/p>\n<p><span style=\"font-size: large;\">La salida de los pisos en un entorno de recesi\u00f3n no es f\u00e1cil, y las entidades han recurrido a <strong>acciones comerciales agresivas<\/strong> y sobre todo, a fuertes <strong>descuentos<\/strong>, que en el caso de Bankia, por ejemplo, han ascendido a entre el 40 y el 60 % del valor de algunos pisos<\/span><\/p>\n<p><span style=\"font-size: large;\"> <\/span><\/p>\n<p><span style=\"font-size: large;\">&#8230;.<\/span><\/p>\n<p><span style=\"font-size: large;\"> <\/span><\/p>\n<p><span style=\"font-size: large;\">&#8230;&#8230;<\/span><\/p>\n<p><span style=\"font-size: large;\"> <\/span><\/p>\n<p><span style=\"font-size: large;\">&#8230;.<\/span><\/p>\n<p><span style=\"font-size: large;\"> <\/span><\/p>\n<p><span style=\"font-size: large;\"> <\/span><\/p>\n<p><span style=\"font-size: large;\"> <\/span><\/p>\n<p><span style=\"font-size: large;\">Analistas financieros explican <strong>esta actividad fren\u00e9tica por la inminente<\/strong> aprobaci\u00f3n del real decreto ley que <strong>regulara el \u00abbanco malo\u00bb, y q<\/strong>ue est\u00e1 previsto para el consejo de ministros del 24 de agosto, seg\u00fan anunci\u00f3 hace unos d\u00edas el ministro de Econom\u00eda,<strong> <\/strong><\/span><\/p>\n<p><span style=\"font-size: large;\"> <\/span><\/p>\n<p><span style=\"font-size: large;\"> <\/span><\/p>\n<p><span style=\"font-size: large;\"> <\/span><\/p>\n<p><span style=\"font-size: large;\">&#8230;.<\/span><\/p>\n<p><span style=\"font-size: large;\"> <\/span><\/p>\n<p><span style=\"font-size: large;\">&#8230;&#8230;..<\/span><\/p>\n<p><span style=\"font-size: large;\"> <\/span><\/p>\n<p><span style=\"font-size: large;\"><strong>More \u00abenladrillados\u00bb banks have been sold until June almost 18,000 apartments, <\/strong>a  frenetic activity that has accelerated in the last few weeks before the  imminent adoption of the \u00abbad Bank\u00bb that will force them to emerge  losses.<\/span><\/p>\n<p><span style=\"font-size: large;\"> <\/span><\/p>\n<p><span style=\"font-size: large;\">&#8230;&#8230;<\/span><\/p>\n<p><span style=\"font-size: large;\"> <\/span><\/p>\n<p><span style=\"font-size: large;\">&#8230;<\/span><\/p>\n<p><span style=\"font-size: large;\"> <\/span><\/p>\n<p><span style=\"font-size: large;\"><strong>The output of the floors in a recession environment isn&#8217;t easy,<\/strong> and entities have resorted to aggressive commercial actions and above  all, strong discounts, which in the case of Bankia, for example,  amounted to between 40 and 60% of the value of some floors<\/span><\/p>\n<p><span style=\"font-size: large;\"> <\/span><\/p>\n<p><span style=\"font-size: large;\">&#8230;&#8230;&#8230;<\/span><\/p>\n<p><span style=\"font-size: large;\"> <\/span><\/p>\n<p><span style=\"font-size: large;\">&#8230;&#8230;<\/span><\/p>\n<p><span style=\"font-size: large;\"> <\/span><\/p>\n<p><span style=\"font-size: large;\">F<strong>inancial  analysts explain this frenetic activity by the imminent adoption of the  Royal Decree law that regulate the \u00abbad Bank\u00bb, an<\/strong>d that it is intended for the Council of Ministers of 24 August, announced a few days ago the Minister of economy, Luis Guindos<\/span><\/p>\n","protected":false},"excerpt":{"rendered":"<p>Tweet&#8230;&#8230;&#8230;&#8230;&#8230; Carrera contrarreloj de la banca para liquidar el &#8216;ladrillo&#8217; \u2026\u2026 \u2026 Race against time for the banks to liquidate the &#8216;brick&#8217; . . &#8230;&#8230;&#8230; Etnopaisaje.com &#8230;&#8230;&#8230;. &#8230;.. Los bancos m\u00e1s \u00abenladrillados\u00bb han vendido hasta junio casi 18.000 pisos, una actividad fren\u00e9tica que se ha acelerado en las \u00faltimas semanas ante la inminente aprobaci\u00f3n del [&hellip;]<\/p>\n","protected":false},"author":1,"featured_media":0,"parent":0,"menu_order":0,"comment_status":"open","ping_status":"open","template":"","meta":{"footnotes":""},"class_list":["post-20531","page","type-page","status-publish","hentry"],"_links":{"self":[{"href":"https:\/\/www.floracantabrica.com\/index.php?rest_route=\/wp\/v2\/pages\/20531","targetHints":{"allow":["GET"]}}],"collection":[{"href":"https:\/\/www.floracantabrica.com\/index.php?rest_route=\/wp\/v2\/pages"}],"about":[{"href":"https:\/\/www.floracantabrica.com\/index.php?rest_route=\/wp\/v2\/types\/page"}],"author":[{"embeddable":true,"href":"https:\/\/www.floracantabrica.com\/index.php?rest_route=\/wp\/v2\/users\/1"}],"replies":[{"embeddable":true,"href":"https:\/\/www.floracantabrica.com\/index.php?rest_route=%2Fwp%2Fv2%2Fcomments&post=20531"}],"version-history":[{"count":3,"href":"https:\/\/www.floracantabrica.com\/index.php?rest_route=\/wp\/v2\/pages\/20531\/revisions"}],"predecessor-version":[{"id":20535,"href":"https:\/\/www.floracantabrica.com\/index.php?rest_route=\/wp\/v2\/pages\/20531\/revisions\/20535"}],"wp:attachment":[{"href":"https:\/\/www.floracantabrica.com\/index.php?rest_route=%2Fwp%2Fv2%2Fmedia&parent=20531"}],"curies":[{"name":"wp","href":"https:\/\/api.w.org\/{rel}","templated":true}]}}