{"id":20076,"date":"2012-07-23T19:35:57","date_gmt":"2012-07-23T17:35:57","guid":{"rendered":"http:\/\/www.floracantabrica.com\/?page_id=20076"},"modified":"2012-07-23T19:35:57","modified_gmt":"2012-07-23T17:35:57","slug":"the-european-stability-mechanism-mede-and-spain","status":"publish","type":"page","link":"https:\/\/www.floracantabrica.com\/?page_id=20076","title":{"rendered":"The European Stability Mechanism (MEDE) and Spain."},"content":{"rendered":"<p><a href=\"http:\/\/twitter.com\/share?url=https%3A%2F%2Fwww.floracantabrica.com%2F%3Fpage_id%3D20076&amp;count=none&amp;lang=es&amp;via=lorencincoreses&amp;related=Mujerverdosa&amp;text=The European Stability Mechanism (MEDE) and Spain. - Flora Cant\u00e1brica\" class=\"twitter-share-button\">Tweet<\/a><\/p><p><span style=\"font-size: large;\"><br \/>\n<\/span><\/p>\n<p><span style=\"font-size: large;\"><br \/>\n<\/span><\/p>\n<p><span style=\"font-size: large;\">&#8230;&#8230;&#8230;&#8230;&#8230;<\/span><\/p>\n<p align=\"center\"><span style=\"font-size: large;\"><strong>El Mecanismo europeo de estabilidad (MEDE) y Espa\u00f1a<\/strong><\/span><\/p>\n<p><span style=\"font-size: large;\"> <\/span><\/p>\n<p><span style=\"font-size: large;\"> <\/span><\/p>\n<p><span style=\"font-size: large;\"> <\/span><\/p>\n<p><span style=\"font-size: large;\">\u2026\u2026\u2026\u2026\u2026\u2026\u2026\u2026\u2026\u2026\u2026..<\/span><\/p>\n<p><span style=\"font-size: large;\"> <\/span><\/p>\n<p><span style=\"font-size: large;\"> <\/span><\/p>\n<p><span style=\"font-size: large;\"> <\/span><\/p>\n<p><strong><span style=\"font-size: xx-large;\">The European Stability Mechanism (MEDE) and Spain<\/span><\/strong><\/p>\n<p><strong><span style=\"font-size: xx-large;\"> <\/span><\/strong><\/p>\n<p><strong><span style=\"font-size: xx-large;\">&#8230;<\/span><\/strong><\/p>\n<p><span style=\"font-size: large;\">&#8230;<\/span><\/p>\n<p><span style=\"font-size: large;\"><strong>Etnopaisaje.com<\/strong><\/span><\/p>\n<p><span style=\"font-size: large;\"> <\/span><\/p>\n<p><span style=\"font-size: large;\">\u2026\u2026<\/span><\/p>\n<p><img loading=\"lazy\" decoding=\"async\" title=\"image002\" src=\"..\/wp-content\/uploads\/2012\/07\/image00226.gif\" alt=\"image002\" width=\"863\" height=\"647\" \/><\/p>\n<p><span style=\"font-size: large;\">&#8230;&#8230;&#8230;&#8230;&#8230;&#8230;..<\/span><\/p>\n<p><span style=\"font-size: large;\"><br \/>\n<\/span><\/p>\n<p><span style=\"font-size: large;\"> <\/span><\/p>\n<p><span style=\"font-size: large;\">\u2026..<\/span><\/p>\n<p><span style=\"font-size: large;\"> <\/span><\/p>\n<p><span style=\"font-size: large;\"> <\/span><\/p>\n<p><span style=\"font-size: large;\"> <\/span><\/p>\n<p><span style=\"font-size: large;\">ELECONOMISTA<\/span><\/p>\n<p><span style=\"font-size: large;\"> <\/span><\/p>\n<p><span style=\"font-size: large;\">&#8212;&#8212;&#8212;&#8212;<\/span><\/p>\n<p><span style=\"font-size: large;\"> <\/span><\/p>\n<p><span style=\"font-size: large;\">Lunes, 23 de Julio de 2012<\/span><\/p>\n<p><span style=\"font-size: large;\"> <\/span><\/p>\n<p><span style=\"font-size: large;\"> <\/span><\/p>\n<p><span style=\"font-size: large;\"> <\/span><\/p>\n<p><span style=\"font-size: large;\">\u2026\u2026\u2026\u2026<\/span><\/p>\n<p><span style=\"font-size: large;\"> <\/span><\/p>\n<p><span style=\"font-size: large;\">\u2026.<\/span><\/p>\n<p><span style=\"font-size: large;\"> <\/span><\/p>\n<p><span style=\"font-size: large;\"><strong>Espa\u00f1a necesita al menos 400.000 millones<\/strong> para no tener que acudir al mercado en dos a\u00f1os<\/span><\/p>\n<p><span style=\"font-size: large;\"> <\/span><\/p>\n<p><span style=\"font-size: large;\">\u2026\u2026\u2026\u2026<\/span><\/p>\n<p><span style=\"font-size: large;\"> <\/span><\/p>\n<p><span style=\"font-size: large;\">\u2026\u2026\u2026..<\/span><\/p>\n<p><span style=\"font-size: large;\"> <\/span><\/p>\n<p><span style=\"font-size: large;\"> <\/span><\/p>\n<p><span style=\"font-size: large;\"> <\/span><\/p>\n<p><span style=\"font-size: large;\">El  fondo europeo temporal, el FEEF, s\u00f3lo tiene en estos momentos 240.000  millones de euros, a los que hay que restar los mencionados 100.000  millones del rescate bancario<strong>. As\u00ed que habr\u00eda que recurrir al fondo  permanente, el MEDE, que se supone que tendr\u00e1 una capacidad m\u00e1xima de  pr\u00e9stamo de 500.000 millones de euros<\/strong>. Este fondo deber\u00eda haber  entrado en funcionamiento el pasado 1 de julio. Sin embargo, su puesta  en marcha est\u00e1 paralizada, en gran medida por culpa de Alemania<\/span><\/p>\n<p><span style=\"font-size: large;\"> <\/span><\/p>\n<p><span style=\"font-size: large;\">\u2026\u2026\u2026\u2026<\/span><\/p>\n<p><span style=\"font-size: large;\"> <\/span><\/p>\n<p><span style=\"font-size: large;\">\u2026\u2026<\/span><\/p>\n<p><span style=\"font-size: large;\"> <\/span><\/p>\n<p><span style=\"font-size: large;\">Spain need at least 400 billion to avoid having to go to the market in two year<\/span><\/p>\n<p><span style=\"font-size: large;\"> <\/span><\/p>\n<p><span style=\"font-size: large;\">&#8230;&#8230;&#8230;&#8230;&#8230;<\/span><\/p>\n<p><span style=\"font-size: large;\"> <\/span><\/p>\n<p><span style=\"font-size: large;\"> <\/span><\/p>\n<p><span style=\"font-size: large;\"> <\/span><\/p>\n<p><span style=\"font-size: large;\"> <\/span><\/p>\n<p><span style=\"font-size: large;\"> <\/span><\/p>\n<p><span style=\"font-size: large;\">The  temporary European Fund, the EFSF only currently has 240,000 million  euros to which you must subtract those 100 billion banking rescue. So I  would have to resort to the Permanent Fund, the MEDE, which is supposed  to take a maximum capacity of 500 billion euro loan. This Fund should  have entered into operation on 1 July. However, its implementation is  paralyzed, largely because of Germany<\/span><\/p>\n<p><span style=\"font-size: large;\"> <\/span><\/p>\n<p><span style=\"font-size: large;\">&#8230;&#8230;&#8230;&#8230;..<\/span><\/p>\n<p><span style=\"font-size: large;\"> <\/span><\/p>\n<p><span style=\"font-size: large;\"> <\/span><\/p>\n<p><span style=\"font-size: large;\"> <\/span><\/p>\n<p><span style=\"font-size: large;\"> <\/span><\/p>\n<p><span style=\"font-size: large;\"> <\/span><\/p>\n<p><span style=\"font-size: large;\">&#8230;&#8230;&#8230;&#8230;&#8230;<\/span><\/p>\n<p><span style=\"font-size: large;\"> <\/span><\/p>\n<p><span style=\"font-size: large;\"><strong>Organizaci\u00f3n  internacional creada para proporcionar asistencia financiera a los  estados de la zona del euro que padecen dificultades<\/strong><\/span><\/p>\n<p><span style=\"font-size: large;\"> <\/span><\/p>\n<p><span style=\"font-size: large;\"><strong>\u2026\u2026..<\/strong><\/span><\/p>\n<p><span style=\"font-size: large;\"> <\/span><\/p>\n<p><span style=\"font-size: large;\">&#8230;&#8230;&#8230;<\/span><\/p>\n<p><span style=\"font-size: large;\"> <\/span><\/p>\n<p><span style=\"font-size: x-large;\"><strong>El contexto de la creaci\u00f3n del MEDE<\/strong><\/span><\/p>\n<p><span style=\"font-size: large;\"> <\/span><\/p>\n<p><span style=\"font-size: large;\">\u2026..<\/span><\/p>\n<p><span style=\"font-size: large;\"> <\/span><\/p>\n<p><span style=\"font-size: large;\"> <\/span><\/p>\n<p><span style=\"font-size: large;\"> <\/span><\/p>\n<p><span style=\"font-size: large;\">La creaci\u00f3n de MEDE se enmarca en el contexto m\u00e1s amplio del refuerzo de la gobernanza econ\u00f3mica <strong>europea decidida con muchos apuros tras la crisis de las deudas soberanas en varios estados de la zona euro<\/strong> que desencadeno una especulaci\u00f3n desenfrenada y la rebaja de la calificaci\u00f3n de las deudas p\u00fablicas de dichos estados.<\/span><\/p>\n<p><span style=\"font-size: large;\"> <\/span><\/p>\n<p><span style=\"font-size: large;\">\u2026\u2026\u2026<\/span><\/p>\n<p><span style=\"font-size: large;\"> <\/span><\/p>\n<p><span style=\"font-size: large;\">\u2026\u2026\u2026\u2026.<\/span><\/p>\n<p><span style=\"font-size: large;\"> <\/span><\/p>\n<p><span style=\"font-size: large;\"> <\/span><\/p>\n<p><span style=\"font-size: large;\"> <\/span><\/p>\n<p><span style=\"font-size: large;\"><strong>Para  ayudar a los pa\u00edses con mayores dificultades, que no lograban  financiarse o que ten\u00edan que pagar tipos de inter\u00e9s cada vez m\u00e1s altos<\/strong>,  los pa\u00edses de la zona euro empezar\u00f3n por atribu\u00edr en 2010 una ayuda a  Grecia en forma de pr\u00e9stamos bilaterales (1) que se a\u00f1ad\u00edan a una ayuda  otorgada por el Fondo Monetario Internacional (FMI).<\/span><\/p>\n<p><span style=\"font-size: large;\"> <\/span><\/p>\n<p><span style=\"font-size: large;\">\u2026\u2026<\/span><\/p>\n<p><span style=\"font-size: large;\"> <\/span><\/p>\n<p><span style=\"font-size: large;\">\u2026\u2026..<\/span><\/p>\n<p><span style=\"font-size: large;\"> <\/span><\/p>\n<p><span style=\"font-size: large;\"> <\/span><\/p>\n<p><span style=\"font-size: large;\"> <\/span><\/p>\n<p><span style=\"font-size: large;\">En mayo de 2010 estos mismos pa\u00edses <strong>acordar\u00f3n crear un mecanismo temporal de estabilizaci\u00f3n financiera dotado con 750 mil millones de euros<\/strong> (2) que se convirti\u00f3 en la Facilidad europea de estabilizaci\u00f3n financiera (FEEF<strong>). El MEDE reemplazar\u00e1 la FEEF<\/strong><strong> <\/strong><\/span><\/p>\n<p><span style=\"font-size: large;\"> <\/span><\/p>\n<p><span style=\"font-size: large;\"> <\/span><\/p>\n<p><span style=\"font-size: large;\"> <\/span><\/p>\n<p><span style=\"font-size: large;\">&#8230;&#8230;<\/span><\/p>\n<p><span style=\"font-size: large;\"> <\/span><\/p>\n<p><span style=\"font-size: large;\">&#8230;&#8230;&#8230;&#8230;<\/span><\/p>\n<p><span style=\"font-size: large;\"> <\/span><\/p>\n<p><span style=\"font-size: large;\"> <\/span><\/p>\n<p><span style=\"font-size: large;\"> <\/span><\/p>\n<p><span style=\"font-size: large;\">Su objetivo es estabilizar la zona del euro gracias a un instrumento permanente que desempe\u00f1ara la tarea <strong>de  facilitar asistencia financiera a los Estados que ya no pueden  financiarse emitiendo obligaciones en el mercado, porque los inversores  no conf\u00edan en su solvencia, y que, por lo tanto, tienen un riesgo de  \u00abquiebra<\/strong><\/span><\/p>\n<p><span style=\"font-size: large;\"> <\/span><\/p>\n<p><span style=\"font-size: large;\">\u2026<\/span><\/p>\n<p><span style=\"font-size: large;\"> <\/span><\/p>\n<p><span style=\"font-size: large;\">.<\/span><\/p>\n<p><span style=\"font-size: large;\"> <\/span><\/p>\n<p><span style=\"font-size: large;\">.<\/span><\/p>\n<p><span style=\"font-size: large;\"> <\/span><\/p>\n<p><span style=\"font-size: large;\">\u2026.<\/span><\/p>\n<p><span style=\"font-size: large;\"> <\/span><\/p>\n<p><strong><span style=\"font-size: xx-large;\">The context of the creation of the MEDE<\/span><\/strong><\/p>\n<p><span style=\"font-size: large;\"> <\/span><\/p>\n<p><span style=\"font-size: large;\"> <\/span><\/p>\n<p><span style=\"font-size: large;\"> <\/span><\/p>\n<p><span style=\"font-size: large;\">&#8230;&#8230;..<\/span><\/p>\n<p><span style=\"font-size: large;\"> <\/span><\/p>\n<p><span style=\"font-size: large;\">international organization created to provide financial assistance to the States of the euro area suffering from difficulties<\/span><\/p>\n<p><span style=\"font-size: large;\"> <\/span><\/p>\n<p><span style=\"font-size: large;\"> <\/span><\/p>\n<p><span style=\"font-size: large;\"> <\/span><\/p>\n<p><span style=\"font-size: large;\">&#8230;&#8230;&#8230;..<\/span><\/p>\n<p><span style=\"font-size: large;\"> <\/span><\/p>\n<p><span style=\"font-size: large;\"> <\/span><\/p>\n<p><span style=\"font-size: large;\"> <\/span><\/p>\n<p><span style=\"font-size: large;\">The  creation of MEDE fits into the broader context of strengthening European  economic governance determined with many troubles after the crisis of  sovereign debts in several States in the euro zone that I launched a  rampant speculation and the reduction of the qualification of the public  debt of the Member States. To help countries with the greatest  difficulties, which could not be financed or that they had to pay higher  each time interest rates, the countries of the eurozone by 2010  atribuir began an aid to Greece in the form of bilateral loans (1) that  were added to aid granted by the International Monetary Fund (IMF). In  May 2010, these same countries acordaron create a temporary financial  stabilization mechanism worth 750 billion euros (2) which became the  European financial stabilization (EFSF.. The MEDE replace the EFSF<\/span><\/p>\n<p><span style=\"font-size: large;\"> <\/span><\/p>\n<p><span style=\"font-size: large;\">&#8230;&#8230;&#8230;&#8230;&#8230;..<\/span><\/p>\n<p><span style=\"font-size: large;\"> <\/span><\/p>\n<p><span style=\"font-size: large;\"> <\/span><\/p>\n<p><span style=\"font-size: large;\"> <\/span><\/p>\n<p><span style=\"font-size: large;\"> <\/span><\/p>\n<p><span style=\"font-size: large;\"> <\/span><\/p>\n<p><span style=\"font-size: large;\">Its  objective is to stabilize the euro area thanks to a permanent instrument  that perform the task of providing financial assistance to States that  could now not be funded by issuing bonds in the market, because  investors do not trust its solvency, and that, therefore, are at risk of  \u00abbroken\u00bb<\/span><\/p>\n<p><span style=\"font-size: large;\"> <\/span><\/p>\n<p><span style=\"font-size: large;\">&#8230;&#8230;&#8230;<\/span><\/p>\n<p><span style=\"font-size: large;\"> <\/span><\/p>\n<p><span style=\"font-size: large;\">&#8230;&#8230;..<\/span><\/p>\n","protected":false},"excerpt":{"rendered":"<p>Tweet &#8230;&#8230;&#8230;&#8230;&#8230; El Mecanismo europeo de estabilidad (MEDE) y Espa\u00f1a \u2026\u2026\u2026\u2026\u2026\u2026\u2026\u2026\u2026\u2026\u2026.. The European Stability Mechanism (MEDE) and Spain &#8230; &#8230; Etnopaisaje.com \u2026\u2026 &#8230;&#8230;&#8230;&#8230;&#8230;&#8230;.. \u2026.. ELECONOMISTA &#8212;&#8212;&#8212;&#8212; Lunes, 23 de Julio de 2012 \u2026\u2026\u2026\u2026 \u2026. Espa\u00f1a necesita al menos 400.000 millones para no tener que acudir al mercado en dos a\u00f1os \u2026\u2026\u2026\u2026 \u2026\u2026\u2026.. El fondo europeo [&hellip;]<\/p>\n","protected":false},"author":1,"featured_media":0,"parent":0,"menu_order":0,"comment_status":"open","ping_status":"open","template":"","meta":{"footnotes":""},"class_list":["post-20076","page","type-page","status-publish","hentry"],"_links":{"self":[{"href":"https:\/\/www.floracantabrica.com\/index.php?rest_route=\/wp\/v2\/pages\/20076","targetHints":{"allow":["GET"]}}],"collection":[{"href":"https:\/\/www.floracantabrica.com\/index.php?rest_route=\/wp\/v2\/pages"}],"about":[{"href":"https:\/\/www.floracantabrica.com\/index.php?rest_route=\/wp\/v2\/types\/page"}],"author":[{"embeddable":true,"href":"https:\/\/www.floracantabrica.com\/index.php?rest_route=\/wp\/v2\/users\/1"}],"replies":[{"embeddable":true,"href":"https:\/\/www.floracantabrica.com\/index.php?rest_route=%2Fwp%2Fv2%2Fcomments&post=20076"}],"version-history":[{"count":5,"href":"https:\/\/www.floracantabrica.com\/index.php?rest_route=\/wp\/v2\/pages\/20076\/revisions"}],"predecessor-version":[{"id":20082,"href":"https:\/\/www.floracantabrica.com\/index.php?rest_route=\/wp\/v2\/pages\/20076\/revisions\/20082"}],"wp:attachment":[{"href":"https:\/\/www.floracantabrica.com\/index.php?rest_route=%2Fwp%2Fv2%2Fmedia&parent=20076"}],"curies":[{"name":"wp","href":"https:\/\/api.w.org\/{rel}","templated":true}]}}