{"id":723,"date":"2009-08-07T17:13:41","date_gmt":"2009-08-07T15:13:41","guid":{"rendered":"http:\/\/www.floracantabrica.com\/?page_id=723"},"modified":"2013-12-04T21:03:26","modified_gmt":"2013-12-04T19:03:26","slug":"etnopaisaje-%e2%80%93-pag-9","status":"publish","type":"page","link":"http:\/\/www.floracantabrica.com\/?page_id=723","title":{"rendered":".Etnopaisaje \u2013 pag.9"},"content":{"rendered":"<p><a href=\"http:\/\/twitter.com\/share?url=http%3A%2F%2Fwww.floracantabrica.com%2F%3Fpage_id%3D723&amp;count=none&amp;lang=es&amp;via=lorencincoreses&amp;related=Mujerverdosa&amp;text=.Etnopaisaje \u2013 pag.9 - Flora Cant\u00e1brica\" class=\"twitter-share-button\">Tweet<\/a><\/p><p style=\"text-align: center;\"><strong><span style=\"color: #ff0000;\">Marginaci\u00f3n de los sistemas pastorales tradicionales<\/span><\/strong><\/p>\n<p><strong> <\/strong><\/p>\n<p><strong>En algunos sectores de la sociedad hay la percepci\u00f3n que el los <strong>sistemas pastorales son arcaicos<\/strong> y est\u00e1n anticuados Los pastores son a menudo vistos con desconfianza.<\/strong><\/p>\n<p><strong> <\/strong><\/p>\n<p>Como resultado el <strong>pastoralismo ha sido excluido de las<\/strong> <strong>\u00e1reas <\/strong><strong>protegidas<\/strong> y con la consiguiente perdida de una\u00a0 parte de la biodiversidad.<\/p>\n<p><strong>\u00bfDonde existen todav\u00eda el pastoreo extensivo?<\/strong><\/p>\n<p>Las regiones\u00a0 europeas donde todav\u00eda encontramos estos sistemas\u00a0 son generalmente en <strong>las monta\u00f1as<\/strong> y\u00a0 zonas remotas.<\/p>\n<p><strong>Pastolarismo extensivo<\/strong> es ahora generalmente <strong>practicado <\/strong>en <strong>regiones remotas donde la tierra es demasiado <\/strong><strong>h\u00fameda, seca o escarpada<\/strong> para la intensificaci\u00f3n.<\/p>\n<p>En estas regiones\u00a0 a menudo faltan infraestructuras y est\u00e1n lejos de los mercados . <strong>Al ser\u00a0 su producci\u00f3n baja\u00a0 el pastoralismo tradicional<\/strong> es incapaz de competir con modernos sistemas ganaderos. <strong>Tales \u00e1reas marginadas social y econ\u00f3micamente son propensas al <\/strong><strong>abandono. <\/strong><\/p>\n<p><strong> <\/strong><\/p>\n<p><strong>Visi\u00f3n de conjunto<\/strong><\/p>\n<p><strong>Queda poco tiempo para esperar<\/strong><strong>&#8230;..<\/strong>En <strong>10 a\u00f1os<\/strong> los altos valores naturales de los <strong>sistemas pastorales<\/strong> y el conocimiento local y tradicional que de ello depende puede llegar a <strong>extinguirse.<\/strong><\/p>\n<p><strong> <\/strong><\/p>\n<p style=\"text-align: center;\"><img loading=\"lazy\" decoding=\"async\" class=\"aligncenter size-full wp-image-726\" title=\"etnopaisaje36\" src=\"http:\/\/www.floracantabrica.com\/wp-content\/uploads\/2009\/08\/etnopaisaje36.jpg\" alt=\"etnopaisaje36\" width=\"450\" height=\"648\" srcset=\"http:\/\/www.floracantabrica.com\/wp-content\/uploads\/2009\/08\/etnopaisaje36.jpg 450w, http:\/\/www.floracantabrica.com\/wp-content\/uploads\/2009\/08\/etnopaisaje36-208x300.jpg 208w\" sizes=\"auto, (max-width: 450px) 100vw, 450px\" \/><\/p>\n<p style=\"text-align: center;\">\n<p style=\"text-align: center;\"><img loading=\"lazy\" decoding=\"async\" class=\"aligncenter size-full wp-image-727\" title=\"etnopaisaje37\" src=\"http:\/\/www.floracantabrica.com\/wp-content\/uploads\/2009\/08\/etnopaisaje37.jpg\" alt=\"etnopaisaje37\" width=\"450\" height=\"613\" srcset=\"http:\/\/www.floracantabrica.com\/wp-content\/uploads\/2009\/08\/etnopaisaje37.jpg 450w, http:\/\/www.floracantabrica.com\/wp-content\/uploads\/2009\/08\/etnopaisaje37-220x300.jpg 220w\" sizes=\"auto, (max-width: 450px) 100vw, 450px\" \/><\/p>\n","protected":false},"excerpt":{"rendered":"<p>TweetMarginaci\u00f3n de los sistemas pastorales tradicionales En algunos sectores de la sociedad hay la percepci\u00f3n que el los sistemas pastorales son arcaicos y est\u00e1n anticuados Los pastores son a menudo vistos con desconfianza. Como resultado el pastoralismo ha sido excluido de las \u00e1reas protegidas y con la consiguiente perdida de una\u00a0 parte de la biodiversidad. [&hellip;]<\/p>\n","protected":false},"author":1,"featured_media":0,"parent":0,"menu_order":0,"comment_status":"open","ping_status":"open","template":"","meta":{"footnotes":""},"class_list":["post-723","page","type-page","status-publish","hentry"],"_links":{"self":[{"href":"http:\/\/www.floracantabrica.com\/index.php?rest_route=\/wp\/v2\/pages\/723","targetHints":{"allow":["GET"]}}],"collection":[{"href":"http:\/\/www.floracantabrica.com\/index.php?rest_route=\/wp\/v2\/pages"}],"about":[{"href":"http:\/\/www.floracantabrica.com\/index.php?rest_route=\/wp\/v2\/types\/page"}],"author":[{"embeddable":true,"href":"http:\/\/www.floracantabrica.com\/index.php?rest_route=\/wp\/v2\/users\/1"}],"replies":[{"embeddable":true,"href":"http:\/\/www.floracantabrica.com\/index.php?rest_route=%2Fwp%2Fv2%2Fcomments&post=723"}],"version-history":[{"count":4,"href":"http:\/\/www.floracantabrica.com\/index.php?rest_route=\/wp\/v2\/pages\/723\/revisions"}],"predecessor-version":[{"id":725,"href":"http:\/\/www.floracantabrica.com\/index.php?rest_route=\/wp\/v2\/pages\/723\/revisions\/725"}],"wp:attachment":[{"href":"http:\/\/www.floracantabrica.com\/index.php?rest_route=%2Fwp%2Fv2%2Fmedia&parent=723"}],"curies":[{"name":"wp","href":"https:\/\/api.w.org\/{rel}","templated":true}]}}