{"id":672,"date":"2009-08-07T13:29:08","date_gmt":"2009-08-07T11:29:08","guid":{"rendered":"http:\/\/www.floracantabrica.com\/?page_id=672"},"modified":"2013-12-04T21:10:43","modified_gmt":"2013-12-04T19:10:43","slug":"etnopaisaje-pag-4","status":"publish","type":"page","link":"http:\/\/www.floracantabrica.com\/?page_id=672","title":{"rendered":".Etnopaisaje &#8211; pag.4"},"content":{"rendered":"<p><a href=\"http:\/\/twitter.com\/share?url=http%3A%2F%2Fwww.floracantabrica.com%2F%3Fpage_id%3D672&amp;count=none&amp;lang=es&amp;via=lorencincoreses&amp;related=Mujerverdosa&amp;text=.Etnopaisaje - pag.4 - Flora Cant\u00e1brica\" class=\"twitter-share-button\">Tweet<\/a><\/p><p style=\"TEXT-ALIGN: center\"><img loading=\"lazy\" decoding=\"async\" class=\"aligncenter size-full wp-image-673\" title=\"etnopaisaje14\" src=\"http:\/\/www.floracantabrica.com\/wp-content\/uploads\/2009\/08\/etnopaisaje14.jpg\" alt=\"etnopaisaje14\" width=\"352\" height=\"231\" srcset=\"http:\/\/www.floracantabrica.com\/wp-content\/uploads\/2009\/08\/etnopaisaje14.jpg 352w, http:\/\/www.floracantabrica.com\/wp-content\/uploads\/2009\/08\/etnopaisaje14-300x196.jpg 300w\" sizes=\"auto, (max-width: 352px) 100vw, 352px\" \/><\/p>\n<p style=\"text-align: center;\">Puerto del Ponton. Robledal y\u00a0 pastizal seco con con Avenella flexuosa y piornal de Genista obtusirramea<\/p>\n<p style=\"text-align: center;\">\n<p style=\"text-align: center;\"><img loading=\"lazy\" decoding=\"async\" class=\"aligncenter size-full wp-image-674\" title=\"etnopaisaje15\" src=\"http:\/\/www.floracantabrica.com\/wp-content\/uploads\/2009\/08\/etnopaisaje15.jpg\" alt=\"etnopaisaje15\" width=\"379\" height=\"261\" srcset=\"http:\/\/www.floracantabrica.com\/wp-content\/uploads\/2009\/08\/etnopaisaje15.jpg 379w, http:\/\/www.floracantabrica.com\/wp-content\/uploads\/2009\/08\/etnopaisaje15-300x206.jpg 300w\" sizes=\"auto, (max-width: 379px) 100vw, 379px\" \/><\/p>\n<p style=\"text-align: center;\">Trashumancia de ganado vacuno en Somiedo<\/p>\n<p style=\"text-align: center;\">\n<p style=\"text-align: center;\"><img loading=\"lazy\" decoding=\"async\" class=\"aligncenter size-full wp-image-677\" title=\"etnopaisaje16\" src=\"http:\/\/www.floracantabrica.com\/wp-content\/uploads\/2009\/08\/etnopaisaje16.jpg\" alt=\"etnopaisaje16\" width=\"404\" height=\"296\" srcset=\"http:\/\/www.floracantabrica.com\/wp-content\/uploads\/2009\/08\/etnopaisaje16.jpg 404w, http:\/\/www.floracantabrica.com\/wp-content\/uploads\/2009\/08\/etnopaisaje16-300x219.jpg 300w\" sizes=\"auto, (max-width: 404px) 100vw, 404px\" \/><\/p>\n<p style=\"text-align: center;\"><strong> <\/strong>Bra\u00f1a\u00a0 de Fuentes del Narcea. Hayedos, piornales y pastizales<\/p>\n<p style=\"text-align: center;\">\n<p style=\"text-align: center;\"><img loading=\"lazy\" decoding=\"async\" class=\"aligncenter size-full wp-image-678\" title=\"etnopaisaje17\" src=\"http:\/\/www.floracantabrica.com\/wp-content\/uploads\/2009\/08\/etnopaisaje17.jpg\" alt=\"etnopaisaje17\" width=\"375\" height=\"277\" srcset=\"http:\/\/www.floracantabrica.com\/wp-content\/uploads\/2009\/08\/etnopaisaje17.jpg 375w, http:\/\/www.floracantabrica.com\/wp-content\/uploads\/2009\/08\/etnopaisaje17-300x221.jpg 300w\" sizes=\"auto, (max-width: 375px) 100vw, 375px\" \/><\/p>\n<p style=\"text-align: center;\"><strong> <\/strong> Caba\u00f1a en la Bra\u00f1a de las Fuentes del Narcea<\/p>\n<p style=\"text-align: center;\">\n<p style=\"text-align: center;\"><img loading=\"lazy\" decoding=\"async\" class=\"aligncenter size-full wp-image-680\" title=\"etnopaisaje18\" src=\"http:\/\/www.floracantabrica.com\/wp-content\/uploads\/2009\/08\/etnopaisaje18.jpg\" alt=\"etnopaisaje18\" width=\"450\" height=\"283\" srcset=\"http:\/\/www.floracantabrica.com\/wp-content\/uploads\/2009\/08\/etnopaisaje18.jpg 450w, http:\/\/www.floracantabrica.com\/wp-content\/uploads\/2009\/08\/etnopaisaje18-300x188.jpg 300w\" sizes=\"auto, (max-width: 450px) 100vw, 450px\" \/><\/p>\n<p style=\"text-align: center;\">\n<p style=\"text-align: center;\"><img loading=\"lazy\" decoding=\"async\" class=\"aligncenter size-full wp-image-681\" title=\"etnopaisaje19\" src=\"http:\/\/www.floracantabrica.com\/wp-content\/uploads\/2009\/08\/etnopaisaje19.jpg\" alt=\"etnopaisaje19\" width=\"450\" height=\"301\" srcset=\"http:\/\/www.floracantabrica.com\/wp-content\/uploads\/2009\/08\/etnopaisaje19.jpg 450w, http:\/\/www.floracantabrica.com\/wp-content\/uploads\/2009\/08\/etnopaisaje19-300x200.jpg 300w\" sizes=\"auto, (max-width: 450px) 100vw, 450px\" \/><\/p>\n<p style=\"text-align: center;\">\n<p style=\"text-align: left;\"><span style=\"color: #ff0000;\"><strong><span style=\"color: #ff0000;\">Ecolog\u00eda y posibilidades de futuro<\/span><\/strong><\/span><\/p>\n<p style=\"text-align: left;\">\n<p style=\"text-align: left;\">Los ec\u00f3logos tenemos todav\u00eda dificultades para responder a preguntas tales como:<\/p>\n<p style=\"text-align: left;\">\n<p style=\"text-align: left;\">\u00bfCu\u00e1l es la importancia de los pastos de monta\u00f1a en el presente marco econ\u00f3mico?,<\/p>\n<p style=\"text-align: left;\">\n<p style=\"text-align: left;\">\u00bfEs necesario y posible mantener los pastos de monta\u00f1a sin su utilizaci\u00f3n ganadera?,<\/p>\n<p style=\"text-align: left;\">\n<p style=\"text-align: left;\">\u00bfCu\u00e1les son las cargas ganaderas oportunas en nuestros parques nacionales y otras zonas protegidas?<\/p>\n","protected":false},"excerpt":{"rendered":"<p>Tweet Puerto del Ponton. Robledal y\u00a0 pastizal seco con con Avenella flexuosa y piornal de Genista obtusirramea Trashumancia de ganado vacuno en Somiedo Bra\u00f1a\u00a0 de Fuentes del Narcea. Hayedos, piornales y pastizales Caba\u00f1a en la Bra\u00f1a de las Fuentes del Narcea Ecolog\u00eda y posibilidades de futuro Los ec\u00f3logos tenemos todav\u00eda dificultades para responder a preguntas [&hellip;]<\/p>\n","protected":false},"author":1,"featured_media":0,"parent":0,"menu_order":0,"comment_status":"open","ping_status":"open","template":"","meta":{"footnotes":""},"class_list":["post-672","page","type-page","status-publish","hentry"],"_links":{"self":[{"href":"http:\/\/www.floracantabrica.com\/index.php?rest_route=\/wp\/v2\/pages\/672","targetHints":{"allow":["GET"]}}],"collection":[{"href":"http:\/\/www.floracantabrica.com\/index.php?rest_route=\/wp\/v2\/pages"}],"about":[{"href":"http:\/\/www.floracantabrica.com\/index.php?rest_route=\/wp\/v2\/types\/page"}],"author":[{"embeddable":true,"href":"http:\/\/www.floracantabrica.com\/index.php?rest_route=\/wp\/v2\/users\/1"}],"replies":[{"embeddable":true,"href":"http:\/\/www.floracantabrica.com\/index.php?rest_route=%2Fwp%2Fv2%2Fcomments&post=672"}],"version-history":[{"count":7,"href":"http:\/\/www.floracantabrica.com\/index.php?rest_route=\/wp\/v2\/pages\/672\/revisions"}],"predecessor-version":[{"id":676,"href":"http:\/\/www.floracantabrica.com\/index.php?rest_route=\/wp\/v2\/pages\/672\/revisions\/676"}],"wp:attachment":[{"href":"http:\/\/www.floracantabrica.com\/index.php?rest_route=%2Fwp%2Fv2%2Fmedia&parent=672"}],"curies":[{"name":"wp","href":"https:\/\/api.w.org\/{rel}","templated":true}]}}