{"id":477,"date":"2009-05-12T12:08:27","date_gmt":"2009-05-12T10:08:27","guid":{"rendered":"http:\/\/www.floracantabrica.com\/?page_id=477"},"modified":"2009-05-12T12:08:27","modified_gmt":"2009-05-12T10:08:27","slug":"flora-de-penalba-de-santiago-montes-aquilianos-leon","status":"publish","type":"page","link":"http:\/\/www.floracantabrica.com\/?page_id=477","title":{"rendered":"Flora de Pe\u00f1alba de Santiago (Montes Aquilianos-Le\u00f3n)"},"content":{"rendered":"<p><a href=\"http:\/\/twitter.com\/share?url=http%3A%2F%2Fwww.floracantabrica.com%2F%3Fpage_id%3D477&amp;count=none&amp;lang=es&amp;via=lorencincoreses&amp;related=Mujerverdosa&amp;text=Flora de Pe\u00f1alba de Santiago (Montes Aquilianos-Le\u00f3n) - Flora Cant\u00e1brica\" class=\"twitter-share-button\">Tweet<\/a><\/p><p style=\"text-align: justify;\"><img loading=\"lazy\" decoding=\"async\" class=\"aligncenter size-full wp-image-476\" title=\"image620\" src=\"http:\/\/www.floracantabrica.com\/wp-content\/uploads\/2009\/05\/image620.jpg\" alt=\"image620\" width=\"600\" height=\"411\" srcset=\"http:\/\/www.floracantabrica.com\/wp-content\/uploads\/2009\/05\/image620.jpg 600w, http:\/\/www.floracantabrica.com\/wp-content\/uploads\/2009\/05\/image620-300x205.jpg 300w\" sizes=\"auto, (max-width: 600px) 100vw, 600px\" \/><\/p>\n<p style=\"text-align: justify;\"><span style=\"font-family: arial,helvetica,sans-serif;\"><span style=\"mso-ansi-language: EN-GB;\" lang=\"EN-GB\"><strong><\/strong><\/span><\/span><\/p>\n<p style=\"text-align: justify;\"><span style=\"font-family: arial,helvetica,sans-serif;\"><span style=\"mso-ansi-language: EN-GB;\" lang=\"EN-GB\">\u00a0<\/span><\/span><\/p>\n<p class=\"MsoNormal\"><strong>Zonaci\u00f3n de la vegetaci\u00f3n en Pe\u00f1alba de Santiago (Montes Aquilianos-Le\u00f3n), Lat. 42\u00ba 26\u2019 2,19\u2019\u2019 N, Long. 6\u00ba 32\u2019 0,75\u2019\u2019 O, Alt. 1.110 m. (Mayor et al., 1986)<\/strong><\/p>\n<p class=\"MsoNormal\"><span style=\"mso-ansi-language: PT-BR;\" lang=\"PT-BR\"><strong>1. C\u00e9spedes<\/strong> de <em style=\"mso-bidi-font-style: normal;\">Poa ligulata-Saxifraga conifera<\/em><\/span><\/p>\n<p class=\"MsoNormal\"><span style=\"mso-ansi-language: PT-BR;\" lang=\"PT-BR\"><strong>2. C\u00e9spedes<\/strong> de <em style=\"mso-bidi-font-style: normal;\">Poa ligulata-Saxifraga conifera <\/em>con<em style=\"mso-bidi-font-style: normal;\"> Festuca burnatii<\/em><\/span><\/p>\n<p class=\"MsoNormal\"><span style=\"mso-ansi-language: PT-BR;\" lang=\"PT-BR\"><strong>C\u00e9spedes discontinuos de<em style=\"mso-bidi-font-style: normal;\"> Poa ligulata-Saxifraga conifera<\/em>,<\/strong><span style=\"mso-spacerun: yes;\">\u00a0 <\/span>Altitud, 1.550-1.600 m, cobertura, 50-60%, Inclinaci\u00f3n, 15-20%, Exposici\u00f3n Sur, Roca caliza.<\/span><span style=\"mso-ansi-language: PT-BR;\" lang=\"PT-BR\">Composici\u00f3n flor\u00edstica: <em style=\"mso-bidi-font-style: normal;\">Poa ligulata, Saxifraga conifera, Koeleria vallesiana, Paronychia kapela, Cerastium arvense. Matthiola perennis, Avenula pratensis <\/em>subsp.<em style=\"mso-bidi-font-style: normal;\"> ib\u00e9rica, Bromus erectus, Coronilla minima, Ranunculus gramineus, Arabis auriculata, Sedum acre, Arenaria grandiflora, Scabiosa coumbaria, Minuartia verna, Potentilla crantzii, Arenaria aggregata <\/em>subsp.<em style=\"mso-bidi-font-style: normal;\"> cantabrica.<\/em><\/span><\/p>\n<p class=\"MsoNormal\"><strong><span style=\"mso-ansi-language: PT-BR;\" lang=\"PT-BR\">C\u00e9spedes discontinuos de<em style=\"mso-bidi-font-style: normal;\"> Poa ligulata-Saxifraga conifera. <\/em><\/span><em style=\"mso-bidi-font-style: normal;\">Variante: <\/em>con <em style=\"mso-bidi-font-style: normal;\">Festuca burnatii <\/em>y <em style=\"mso-bidi-font-style: normal;\">Vitaliana primulifolia <\/em>subsp. <em style=\"mso-bidi-font-style: normal;\">assoana<\/em>.<\/strong> Alt. 1.550-1.600 m, Cobertura: 60-70%, Inclinaci\u00f3n: 30-40%, Exposici\u00f3n Sur, Roca caliza.<\/p>\n","protected":false},"excerpt":{"rendered":"<p>Tweet \u00a0 Zonaci\u00f3n de la vegetaci\u00f3n en Pe\u00f1alba de Santiago (Montes Aquilianos-Le\u00f3n), Lat. 42\u00ba 26\u2019 2,19\u2019\u2019 N, Long. 6\u00ba 32\u2019 0,75\u2019\u2019 O, Alt. 1.110 m. (Mayor et al., 1986) 1. C\u00e9spedes de Poa ligulata-Saxifraga conifera 2. C\u00e9spedes de Poa ligulata-Saxifraga conifera con Festuca burnatii C\u00e9spedes discontinuos de Poa ligulata-Saxifraga conifera,\u00a0 Altitud, 1.550-1.600 m, cobertura, 50-60%, [&hellip;]<\/p>\n","protected":false},"author":1,"featured_media":0,"parent":0,"menu_order":0,"comment_status":"open","ping_status":"open","template":"","meta":{"footnotes":""},"class_list":["post-477","page","type-page","status-publish","hentry"],"_links":{"self":[{"href":"http:\/\/www.floracantabrica.com\/index.php?rest_route=\/wp\/v2\/pages\/477","targetHints":{"allow":["GET"]}}],"collection":[{"href":"http:\/\/www.floracantabrica.com\/index.php?rest_route=\/wp\/v2\/pages"}],"about":[{"href":"http:\/\/www.floracantabrica.com\/index.php?rest_route=\/wp\/v2\/types\/page"}],"author":[{"embeddable":true,"href":"http:\/\/www.floracantabrica.com\/index.php?rest_route=\/wp\/v2\/users\/1"}],"replies":[{"embeddable":true,"href":"http:\/\/www.floracantabrica.com\/index.php?rest_route=%2Fwp%2Fv2%2Fcomments&post=477"}],"version-history":[{"count":2,"href":"http:\/\/www.floracantabrica.com\/index.php?rest_route=\/wp\/v2\/pages\/477\/revisions"}],"predecessor-version":[{"id":13216,"href":"http:\/\/www.floracantabrica.com\/index.php?rest_route=\/wp\/v2\/pages\/477\/revisions\/13216"}],"wp:attachment":[{"href":"http:\/\/www.floracantabrica.com\/index.php?rest_route=%2Fwp%2Fv2%2Fmedia&parent=477"}],"curies":[{"name":"wp","href":"https:\/\/api.w.org\/{rel}","templated":true}]}}