{"id":20752,"date":"2012-08-27T22:47:26","date_gmt":"2012-08-27T20:47:26","guid":{"rendered":"http:\/\/www.floracantabrica.com\/?page_id=20752"},"modified":"2012-08-27T22:47:26","modified_gmt":"2012-08-27T20:47:26","slug":"china-stops-growing-and-commodity-prices-fall","status":"publish","type":"page","link":"http:\/\/www.floracantabrica.com\/?page_id=20752","title":{"rendered":"China stops growing and commodity prices fall."},"content":{"rendered":"<p><a href=\"http:\/\/twitter.com\/share?url=http%3A%2F%2Fwww.floracantabrica.com%2F%3Fpage_id%3D20752&amp;count=none&amp;lang=es&amp;via=lorencincoreses&amp;related=Mujerverdosa&amp;text=China stops growing and commodity prices fall. - Flora Cant\u00e1brica\" class=\"twitter-share-button\">Tweet<\/a><\/p><p>&#8230;&#8230;&#8230;&#8230;&#8230;..<\/p>\n<p><span style=\"font-size: large;\"><strong>China deja de crecer y los precios de las materias primas caen<\/strong><\/span><\/p>\n<p><span style=\"font-size: large;\"> <\/span><\/p>\n<p><span style=\"font-size: large;\"><strong>&#8230;&#8230;&#8230;..<\/strong><\/span><\/p>\n<p><span style=\"font-size: large;\"> <\/span><\/p>\n<p><span style=\"font-size: large;\">&#8230;&#8230;&#8230;&#8230;&#8230;<\/span><\/p>\n<p><span style=\"font-size: x-large;\"> <\/span><\/p>\n<p><span style=\"font-size: x-large;\"> <\/span><\/p>\n<p><span style=\"font-size: x-large;\"> <\/span><\/p>\n<p><span style=\"font-size: x-large;\"><strong>.<\/strong><strong> <\/strong><strong>China<\/strong><strong> <\/strong><strong>stops growing<\/strong><strong> <\/strong><strong>and<\/strong><strong> <\/strong><strong>commodity<\/strong><strong> <\/strong><strong>prices<\/strong><strong> <\/strong><strong>fall<\/strong><strong>.<\/strong><\/span><\/p>\n<p><span style=\"font-size: large;\"> <\/span><\/p>\n<p><span style=\"font-size: large;\"><strong>&#8230;&#8230;..<\/strong><\/span><\/p>\n<p><span style=\"font-size: large;\"> <\/span><\/p>\n<p><span style=\"font-size: large;\"><strong>&#8230;..<\/strong><\/span><\/p>\n<p><span style=\"font-size: large;\"><strong>BBC<\/strong><\/span><\/p>\n<p><span style=\"font-size: large;\"><strong>.<\/strong><\/span><\/p>\n<p><span style=\"font-size: large;\"><strong>.<br \/>\n<\/strong><\/span><\/p>\n<p><span style=\"font-size: large;\"> <\/span><\/p>\n<p><span style=\"font-size: large;\"><strong>Etnopaisaje.com<\/strong><\/span><\/p>\n<p><span style=\"font-size: large;\"> <\/span><\/p>\n<p><span style=\"font-size: large;\">&#8230;&#8230;&#8230;<\/span><\/p>\n<p><span style=\"font-size: large;\"> <\/span><\/p>\n<p><span style=\"font-size: large;\">..<img loading=\"lazy\" decoding=\"async\" title=\"image002\" src=\"..\/wp-content\/uploads\/2012\/08\/image00241.gif\" alt=\"image002\" width=\"949\" height=\"712\" \/>.<\/span><\/p>\n<p><span style=\"font-size: large;\">&#8230;..<\/span><\/p>\n<p><span style=\"font-size: large;\"> <\/span><\/p>\n<p><span style=\"font-size: large;\">Seg\u00fan el Fondo Monetario Internacional (FMI), <strong>en 2010 China consumi\u00f3 40% de los metales b\u00e1sicos del planeta -aluminio, cobre, plomo, esta\u00f1o, cinc o n\u00edquel<\/strong>,  todos ampliamente usados en la manufactura de los dispositivos  tecnol\u00f3gicos y bienes que usamos todos los d\u00edas- y 23% del suministro  mundial de cultivos agr\u00edcolas como trigo y ma\u00edz.<\/span><\/p>\n<p><span style=\"font-size: large;\"> <\/span><\/p>\n<p><span style=\"font-size: large;\">&#8230;&#8230;&#8230;<\/span><\/p>\n<p><span style=\"font-size: large;\"> <\/span><\/p>\n<p><span style=\"font-size: large;\">&#8230;&#8230;&#8230;..<\/span><\/p>\n<p><span style=\"font-size: large;\"> <\/span><\/p>\n<p><span style=\"font-size: large;\"><strong>quiere dejar de emplear dinero para importar materias primas<\/strong> y construir infraestructura, <strong>para enfocarse en vender productos y servicios a su creciente clase media<\/strong>.<\/span><\/p>\n<p><span style=\"font-size: large;\"> <\/span><\/p>\n<p><span style=\"font-size: large;\">&#8230;.<\/span><\/p>\n<p><span style=\"font-size: large;\"> <\/span><\/p>\n<p><span style=\"font-size: large;\">.<\/span><\/p>\n<p><span style=\"font-size: large;\"> <\/span><\/p>\n<p><span style=\"font-size: large;\"><strong>Canad\u00e1 acaba de empezar a experimentar un decrecimiento en la demanda de China<\/strong>, uno de sus m\u00e1s grandes clientes de materias primas, por su oro, cobre, n\u00edquel y productos agr\u00edcolas.<br \/>\n&#8230;&#8230;..<\/span><\/p>\n<p><span style=\"font-size: large;\"> <\/span><\/p>\n<p><span style=\"font-size: large;\">&#8230;&#8230;.<\/span><\/p>\n<p><span style=\"font-size: large;\"> <\/span><\/p>\n<p><span style=\"font-size: large;\"><br \/>\n<strong>Y Rusia<\/strong><\/span> <span style=\"font-size: large;\">,  que depende mucho de sus ingresos por las exportaciones de petr\u00f3leo y  gas -y flamante miembro de la Organizaci\u00f3n Mundial del Comercio (OMC)- <strong>podr\u00eda tener un problema si la desaceleraci\u00f3n china significa una reducci\u00f3n permanente en la demanda<\/strong>.<\/span><\/p>\n<p><span style=\"font-size: large;\"> <\/span><\/p>\n<p><span style=\"font-size: large;\"> <\/span><\/p>\n<p><span style=\"font-size: large;\"> <\/span><\/p>\n<p><span style=\"font-size: large;\">&#8230;..<\/span><\/p>\n<p><span style=\"font-size: large;\"> <\/span><\/p>\n<p><span style=\"font-size: large;\">&#8230;..<\/span><\/p>\n<p><span style=\"font-size: large;\"> <\/span><\/p>\n<p><span style=\"font-size: large;\"> <\/span><\/p>\n<p><span style=\"font-size: large;\"> <\/span><\/p>\n<p><span style=\"font-size: large;\"> <\/span><\/p>\n<p><span style=\"font-size: large;\"> <\/span><\/p>\n<p><span style=\"font-size: large;\"> <\/span><\/p>\n<p><span style=\"font-size: large;\"> <\/span><\/p>\n<p><span style=\"font-size: large;\">&#8230;&#8230;&#8230;..<\/span><\/p>\n<p><span style=\"font-size: large;\"> <\/span><\/p>\n<p><span style=\"font-size: large;\">&#8230;&#8230;&#8230;&#8230;.<\/span><\/p>\n<p><span style=\"font-size: large;\"> <\/span><\/p>\n<p><span style=\"font-size: large;\"><strong>According to the International Monetary Fund (IMF), in 2010 China consumed 40% of base metals on the planet &#8211; aluminium, copper<\/strong>,  lead, Tin, zinc or nickel, all widely used in the manufacture of  technological devices and goods that we use every day &#8211; and 23% of the  world supply of crops such as wheat and corn.<\/span><\/p>\n<p><span style=\"font-size: large;\"> <\/span><\/p>\n<p><span style=\"font-size: large;\">&#8230;..<\/span><\/p>\n<p><span style=\"font-size: large;\"> <\/span><\/p>\n<p><span style=\"font-size: large;\">..<\/span><\/p>\n<p><span style=\"font-size: large;\"> <\/span><\/p>\n<p><span style=\"font-size: large;\"><strong>want to use money to import raw materials and build infrastructure<\/strong>, to focus on selling products and services to its growing middle class<\/span><\/p>\n<p><span style=\"font-size: large;\"> <\/span><\/p>\n<p><span style=\"font-size: large;\">&#8230;&#8230;..<\/span><\/p>\n<p><span style=\"font-size: large;\"> <\/span><\/p>\n<p><span style=\"font-size: large;\">&#8230;..<\/span><\/p>\n<p><span style=\"font-size: large;\"> <\/span><\/p>\n<p><span style=\"font-size: large;\"><strong>Canada has just begun to experience a decrease in demand from China<\/strong>, one of its largest customers of raw materials at their gold, copper, nickel, and agricultural products.<\/span><\/p>\n<p><span style=\"font-size: large;\"> <\/span><\/p>\n<p><span style=\"font-size: large;\">&#8230;&#8230;.<\/span><\/p>\n<p><span style=\"font-size: large;\"> <\/span><\/p>\n<p><span style=\"font-size: large;\">&#8230;..<\/span><\/p>\n<p><span style=\"font-size: large;\"> <\/span><\/p>\n<p><span style=\"font-size: large;\"> <\/span><\/p>\n<p><span style=\"font-size: large;\"> <\/span><\/p>\n<p><span style=\"font-size: large;\"> <\/span><\/p>\n<p><span style=\"font-size: large;\"> <\/span><\/p>\n<p><span style=\"font-size: large;\"><strong>And Russia, which depends<\/strong> on their income on exports of oil and gas &#8211; and brand new Member of the World Trade Organization (WTO) &#8211; <strong>may have a problem if the Chinese slowdown means a permanent reduction in demand.<\/strong><strong> <\/strong><\/span><\/p>\n<p><span style=\"font-size: large;\"> <\/span><\/p>\n<p><span style=\"font-size: large;\">&#8230;&#8230;<\/span><\/p>\n<p><span style=\"font-size: large;\"> <\/span><\/p>\n<p><span style=\"font-size: large;\">&#8230;&#8230;&#8230;<\/span><\/p>\n","protected":false},"excerpt":{"rendered":"<p>Tweet&#8230;&#8230;&#8230;&#8230;&#8230;.. China deja de crecer y los precios de las materias primas caen &#8230;&#8230;&#8230;.. &#8230;&#8230;&#8230;&#8230;&#8230; . China stops growing and commodity prices fall. &#8230;&#8230;.. &#8230;.. BBC . . Etnopaisaje.com &#8230;&#8230;&#8230; &#8230; &#8230;.. Seg\u00fan el Fondo Monetario Internacional (FMI), en 2010 China consumi\u00f3 40% de los metales b\u00e1sicos del planeta -aluminio, cobre, plomo, esta\u00f1o, cinc o [&hellip;]<\/p>\n","protected":false},"author":1,"featured_media":0,"parent":0,"menu_order":0,"comment_status":"open","ping_status":"open","template":"","meta":{"footnotes":""},"class_list":["post-20752","page","type-page","status-publish","hentry"],"_links":{"self":[{"href":"http:\/\/www.floracantabrica.com\/index.php?rest_route=\/wp\/v2\/pages\/20752","targetHints":{"allow":["GET"]}}],"collection":[{"href":"http:\/\/www.floracantabrica.com\/index.php?rest_route=\/wp\/v2\/pages"}],"about":[{"href":"http:\/\/www.floracantabrica.com\/index.php?rest_route=\/wp\/v2\/types\/page"}],"author":[{"embeddable":true,"href":"http:\/\/www.floracantabrica.com\/index.php?rest_route=\/wp\/v2\/users\/1"}],"replies":[{"embeddable":true,"href":"http:\/\/www.floracantabrica.com\/index.php?rest_route=%2Fwp%2Fv2%2Fcomments&post=20752"}],"version-history":[{"count":3,"href":"http:\/\/www.floracantabrica.com\/index.php?rest_route=\/wp\/v2\/pages\/20752\/revisions"}],"predecessor-version":[{"id":20756,"href":"http:\/\/www.floracantabrica.com\/index.php?rest_route=\/wp\/v2\/pages\/20752\/revisions\/20756"}],"wp:attachment":[{"href":"http:\/\/www.floracantabrica.com\/index.php?rest_route=%2Fwp%2Fv2%2Fmedia&parent=20752"}],"curies":[{"name":"wp","href":"https:\/\/api.w.org\/{rel}","templated":true}]}}