{"id":205,"date":"2009-04-28T10:33:30","date_gmt":"2009-04-28T08:33:30","guid":{"rendered":"http:\/\/www.floracantabrica.com\/?page_id=205"},"modified":"2009-04-28T10:33:30","modified_gmt":"2009-04-28T08:33:30","slug":"flora-del-alto-del-puerto-de-somiedo-exposicion-sur-asturias","status":"publish","type":"page","link":"http:\/\/www.floracantabrica.com\/?page_id=205","title":{"rendered":"Flora del alto del Puerto de Somiedo, exposici\u00f3n Sur (Asturias)"},"content":{"rendered":"<p><a href=\"http:\/\/twitter.com\/share?url=http%3A%2F%2Fwww.floracantabrica.com%2F%3Fpage_id%3D205&amp;count=none&amp;lang=es&amp;via=lorencincoreses&amp;related=Mujerverdosa&amp;text=Flora del alto del Puerto de Somiedo, exposici\u00f3n Sur (Asturias)  - Flora Cant\u00e1brica\" class=\"twitter-share-button\">Tweet<\/a><\/p><p style=\"text-align: justify;\"><img loading=\"lazy\" decoding=\"async\" class=\"aligncenter size-full wp-image-206\" title=\"image232\" src=\"http:\/\/www.floracantabrica.com\/wp-content\/uploads\/2009\/04\/image232.jpg\" alt=\"image232\" width=\"600\" height=\"278\" srcset=\"http:\/\/www.floracantabrica.com\/wp-content\/uploads\/2009\/04\/image232.jpg 600w, http:\/\/www.floracantabrica.com\/wp-content\/uploads\/2009\/04\/image232-300x139.jpg 300w\" sizes=\"auto, (max-width: 600px) 100vw, 600px\" \/><\/p>\n<p style=\"text-align: justify;\"><span style=\"font-family: arial,helvetica,sans-serif;\"><span style=\"mso-ansi-language: EN-GB;\" lang=\"EN-GB\"><strong><\/strong><\/span><\/span><\/p>\n<p style=\"text-align: justify;\"><span style=\"font-family: arial,helvetica,sans-serif;\"><span style=\"mso-ansi-language: EN-GB;\" lang=\"EN-GB\"><strong>Disposici\u00f3n del vegetaci\u00f3n en el alto del Puerto de Somiedo, exposici\u00f3n Sur (Asturias), Lat. 43\u00ba 01\u2019 50,28\u2019\u2019 N, Long. 6\u00ba 13\u2019 50,04\u2019\u2019 O, Alt. 1.485 m.<\/strong> <strong>A. Aulagar <\/strong>(<em style=\"mso-bidi-font-style: normal;\">Genista occidentalis<\/em>), <strong>B. <\/strong><span style=\"mso-spacerun: yes;\">\u00a0<\/span><strong>Pastizal de diente eutr\u00f3fo<\/strong> (<em style=\"mso-bidi-font-style: normal;\">Bromus erectus, Carduncellus mitissimus, Avena pratensis, Helianthemum nummularium, Plantago media<\/em>, <em style=\"mso-bidi-font-style: normal;\">Sanguisorba minor, Poa alpina, Trifolium repens, Trifolium pratense, Festuca rubra<\/em>), <strong>C. Zona de reposadero del ganado vacuno, con acusada influencia nitr\u00f3fila<\/strong> (<em style=\"mso-bidi-font-style: normal;\">Poa annua, Chenopodium bonus-henricus, Plantago major, Geranium pyrenaicum, Bellis perennis, Lolium perenne<\/em>)<\/span><\/span><\/p>\n<p>\u00a0<\/p>\n<table border=\"0\" cellspacing=\"0\" cellpadding=\"0\" width=\"600\" bordercolor=\"#850001\">\n<tbody>\n<tr>\n<td valign=\"bottom\" bgcolor=\"#ffffff\">\n<p style=\"TEXT-ALIGN: center\"><img loading=\"lazy\" decoding=\"async\" class=\"aligncenter size-full wp-image-207\" title=\"image234\" src=\"http:\/\/www.floracantabrica.com\/wp-content\/uploads\/2009\/04\/image234.jpg\" alt=\"image234\" width=\"171\" height=\"144\" \/><\/p>\n<\/td>\n<td align=\"center\" valign=\"bottom\" bgcolor=\"#ffffff\"><img loading=\"lazy\" decoding=\"async\" class=\"aligncenter size-full wp-image-208\" title=\"image236\" src=\"http:\/\/www.floracantabrica.com\/wp-content\/uploads\/2009\/04\/image236.jpg\" alt=\"image236\" width=\"69\" height=\"148\" \/><\/td>\n<td style=\"text-align: center;\" valign=\"bottom\" bgcolor=\"#ffffff\"><img loading=\"lazy\" decoding=\"async\" class=\"aligncenter size-full wp-image-209\" title=\"image238\" src=\"http:\/\/www.floracantabrica.com\/wp-content\/uploads\/2009\/04\/image238.jpg\" alt=\"image238\" width=\"162\" height=\"110\" \/><\/td>\n<td style=\"text-align: center;\" valign=\"bottom\" bgcolor=\"#ffffff\"><img loading=\"lazy\" decoding=\"async\" class=\"aligncenter size-full wp-image-210\" title=\"image240\" src=\"http:\/\/www.floracantabrica.com\/wp-content\/uploads\/2009\/04\/image240.jpg\" alt=\"image240\" width=\"102\" height=\"150\" \/><\/td>\n<\/tr>\n<tr>\n<td valign=\"bottom\">\n<p style=\"text-align: center;\"><span style=\"mso-ansi-language: EN-GB;\" lang=\"EN-GB\"><em>Genista<\/em><\/span><\/p>\n<p style=\"text-align: center;\"><span style=\"mso-ansi-language: EN-GB;\" lang=\"EN-GB\"><span style=\"mso-ansi-language: EN-GB;\" lang=\"EN-GB\"><em><span style=\"mso-ansi-language: PT-BR;\" lang=\"PT-BR\">occidentalis<\/span><\/em><\/span><\/span><\/p>\n<\/td>\n<td valign=\"bottom\">\n<p style=\"text-align: center;\"><span style=\"mso-ansi-language: EN-GB;\" lang=\"EN-GB\"><em><span style=\"mso-ansi-language: PT-BR;\" lang=\"PT-BR\"><em style=\"mso-bidi-font-style: normal;\">Bromus<\/em><\/span><\/em><\/span><\/p>\n<p style=\"text-align: center;\"><span style=\"mso-ansi-language: EN-GB;\" lang=\"EN-GB\"><span style=\"mso-ansi-language: EN-GB;\" lang=\"EN-GB\"><em><span style=\"mso-ansi-language: PT-BR;\" lang=\"PT-BR\">erectus<\/span><\/em><\/span><\/span><\/p>\n<\/td>\n<td valign=\"bottom\">\n<p style=\"text-align: center;\"><span style=\"mso-ansi-language: EN-GB;\" lang=\"EN-GB\"><em><span style=\"mso-ansi-language: PT-BR;\" lang=\"PT-BR\"><em style=\"mso-bidi-font-style: normal;\">Carduncellus<\/em><\/span><\/em><\/span><\/p>\n<p style=\"text-align: center;\"><span style=\"mso-ansi-language: EN-GB;\" lang=\"EN-GB\"><span style=\"mso-ansi-language: EN-GB;\" lang=\"EN-GB\"><em><span style=\"mso-ansi-language: PT-BR;\" lang=\"PT-BR\">mitissimus<\/span><\/em><\/span><\/span><\/p>\n<\/td>\n<td valign=\"bottom\">\n<p style=\"text-align: center;\"><span style=\"mso-ansi-language: EN-GB;\" lang=\"EN-GB\"><em><span style=\"mso-ansi-language: PT-BR;\" lang=\"PT-BR\"><em style=\"mso-bidi-font-style: normal;\">Avena<\/em><\/span><\/em><\/span><\/p>\n<p style=\"text-align: center;\"><span style=\"mso-ansi-language: EN-GB;\" lang=\"EN-GB\"><span style=\"mso-ansi-language: EN-GB;\" lang=\"EN-GB\"><em><span style=\"mso-ansi-language: PT-BR;\" lang=\"PT-BR\">pratensis<\/span><\/em><\/span><\/span><\/p>\n<\/td>\n<\/tr>\n<\/tbody>\n<\/table>\n<p>\u00a0<\/p>\n<table border=\"0\" cellspacing=\"0\" cellpadding=\"0\" width=\"600\" bordercolor=\"#850001\">\n<tbody>\n<tr>\n<td valign=\"bottom\" bgcolor=\"#ffffff\">\n<p style=\"TEXT-ALIGN: center\"><img loading=\"lazy\" decoding=\"async\" class=\"aligncenter size-full wp-image-211\" title=\"image242\" src=\"http:\/\/www.floracantabrica.com\/wp-content\/uploads\/2009\/04\/image242.jpg\" alt=\"image242\" width=\"155\" height=\"114\" \/><\/p>\n<\/td>\n<td valign=\"bottom\" bgcolor=\"#ffffff\">\n<p style=\"TEXT-ALIGN: center\"><img loading=\"lazy\" decoding=\"async\" class=\"aligncenter size-full wp-image-212\" title=\"image244\" src=\"http:\/\/www.floracantabrica.com\/wp-content\/uploads\/2009\/04\/image244.jpg\" alt=\"image244\" width=\"89\" height=\"132\" \/><\/p>\n<\/td>\n<td valign=\"bottom\" bgcolor=\"#ffffff\">\n<p style=\"TEXT-ALIGN: center\"><img loading=\"lazy\" decoding=\"async\" class=\"aligncenter size-full wp-image-213\" title=\"image246\" src=\"http:\/\/www.floracantabrica.com\/wp-content\/uploads\/2009\/04\/image246.jpg\" alt=\"image246\" width=\"124\" height=\"115\" \/><\/p>\n<\/td>\n<td valign=\"bottom\" bgcolor=\"#ffffff\">\n<p style=\"TEXT-ALIGN: center\"><img loading=\"lazy\" decoding=\"async\" class=\"aligncenter size-full wp-image-214\" title=\"image248\" src=\"http:\/\/www.floracantabrica.com\/wp-content\/uploads\/2009\/04\/image248.jpg\" alt=\"image248\" width=\"124\" height=\"132\" \/><\/p>\n<\/td>\n<\/tr>\n<tr>\n<td valign=\"bottom\">\n<p style=\"text-align: center;\"><span style=\"mso-ansi-language: EN-GB;\" lang=\"EN-GB\"><em><span style=\"mso-ansi-language: EN-GB;\" lang=\"EN-GB\"><em style=\"mso-bidi-font-style: normal;\"><span style=\"mso-ansi-language: PT-BR;\" lang=\"PT-BR\"><em style=\"mso-bidi-font-style: normal;\">Helianthemum<\/em><\/span><\/em><\/span><\/em><\/span><\/p>\n<p style=\"text-align: center;\"><span style=\"mso-ansi-language: EN-GB;\" lang=\"EN-GB\"><span style=\"mso-ansi-language: EN-GB;\" lang=\"EN-GB\"><em><span style=\"color: black; mso-ansi-language: EN-GB; mso-bidi-font-weight: bold;\" lang=\"EN-GB\"><span style=\"mso-ansi-language: PT-BR;\" lang=\"PT-BR\"><span style=\"mso-ansi-language: PT-BR;\" lang=\"PT-BR\">nummularium<\/span><\/span><\/span><\/em><\/span><\/span><\/p>\n<\/td>\n<td valign=\"bottom\">\n<p style=\"text-align: center;\"><span style=\"mso-ansi-language: EN-GB;\" lang=\"EN-GB\"><em><span style=\"mso-ansi-language: EN-GB;\" lang=\"EN-GB\"><em style=\"mso-bidi-font-style: normal;\"><span style=\"mso-ansi-language: PT-BR;\" lang=\"PT-BR\"><em style=\"mso-bidi-font-style: normal;\">Plantago<\/em><\/span><\/em><\/span><\/em><\/span><\/p>\n<p style=\"text-align: center;\"><span style=\"mso-ansi-language: EN-GB;\" lang=\"EN-GB\"><span style=\"mso-ansi-language: EN-GB;\" lang=\"EN-GB\"><em><span style=\"color: black; mso-ansi-language: EN-GB; mso-bidi-font-weight: bold;\" lang=\"EN-GB\"><span style=\"mso-ansi-language: PT-BR;\" lang=\"PT-BR\"><span style=\"mso-ansi-language: PT-BR;\" lang=\"PT-BR\">media<\/span><\/span><\/span><\/em><\/span><\/span><\/p>\n<\/td>\n<td valign=\"bottom\">\n<p style=\"text-align: center;\"><span style=\"mso-ansi-language: EN-GB;\" lang=\"EN-GB\"><em><span style=\"mso-ansi-language: EN-GB;\" lang=\"EN-GB\"><em style=\"mso-bidi-font-style: normal;\"><span style=\"mso-ansi-language: PT-BR;\" lang=\"PT-BR\"><em style=\"mso-bidi-font-style: normal;\">Sanguisorba<\/em><\/span><\/em><\/span><\/em><\/span><\/p>\n<p style=\"text-align: center;\"><span style=\"mso-ansi-language: EN-GB;\" lang=\"EN-GB\"><span style=\"mso-ansi-language: EN-GB;\" lang=\"EN-GB\"><em><span style=\"color: black; mso-ansi-language: EN-GB; mso-bidi-font-weight: bold;\" lang=\"EN-GB\"><span style=\"mso-ansi-language: PT-BR;\" lang=\"PT-BR\"><span style=\"mso-ansi-language: PT-BR;\" lang=\"PT-BR\">minor<\/span><\/span><\/span><\/em><\/span><\/span><\/p>\n<\/td>\n<td valign=\"bottom\">\n<p style=\"text-align: center;\"><span style=\"mso-ansi-language: EN-GB;\" lang=\"EN-GB\"><em><span style=\"mso-ansi-language: EN-GB;\" lang=\"EN-GB\"><em style=\"mso-bidi-font-style: normal;\"><span style=\"mso-ansi-language: PT-BR;\" lang=\"PT-BR\"><em style=\"mso-bidi-font-style: normal;\">Poa<\/em><\/span><\/em><\/span><\/em><\/span><\/p>\n<p style=\"text-align: center;\"><span style=\"mso-ansi-language: EN-GB;\" lang=\"EN-GB\"><span style=\"mso-ansi-language: EN-GB;\" lang=\"EN-GB\"><em><span style=\"color: black; mso-ansi-language: EN-GB; mso-bidi-font-weight: bold;\" lang=\"EN-GB\"><span style=\"mso-ansi-language: PT-BR;\" lang=\"PT-BR\"><span style=\"mso-ansi-language: PT-BR;\" lang=\"PT-BR\">alpina<\/span><\/span><\/span><\/em><\/span><\/span><\/p>\n<\/td>\n<\/tr>\n<\/tbody>\n<\/table>\n<p>\u00a0<\/p>\n<table border=\"0\" cellspacing=\"0\" cellpadding=\"0\" width=\"600\" bordercolor=\"#850001\">\n<tbody>\n<tr>\n<td valign=\"bottom\" bgcolor=\"#ffffff\">\n<p style=\"TEXT-ALIGN: center\"><img loading=\"lazy\" decoding=\"async\" class=\"aligncenter size-full wp-image-215\" title=\"image250\" src=\"http:\/\/www.floracantabrica.com\/wp-content\/uploads\/2009\/04\/image250.jpg\" alt=\"image250\" width=\"143\" height=\"99\" \/><\/p>\n<\/td>\n<td valign=\"bottom\" bgcolor=\"#ffffff\">\n<p style=\"TEXT-ALIGN: center\"><img loading=\"lazy\" decoding=\"async\" class=\"aligncenter size-full wp-image-216\" title=\"image252\" src=\"http:\/\/www.floracantabrica.com\/wp-content\/uploads\/2009\/04\/image252.jpg\" alt=\"image252\" width=\"93\" height=\"109\" \/><\/p>\n<\/td>\n<td valign=\"bottom\" bgcolor=\"#ffffff\">\n<p style=\"TEXT-ALIGN: center\"><img loading=\"lazy\" decoding=\"async\" class=\"aligncenter size-full wp-image-217\" title=\"image254\" src=\"http:\/\/www.floracantabrica.com\/wp-content\/uploads\/2009\/04\/image254.jpg\" alt=\"image254\" width=\"139\" height=\"109\" \/><\/p>\n<\/td>\n<td valign=\"bottom\" bgcolor=\"#ffffff\">\n<p style=\"TEXT-ALIGN: center\"><img loading=\"lazy\" decoding=\"async\" class=\"aligncenter size-full wp-image-218\" title=\"image256\" src=\"http:\/\/www.floracantabrica.com\/wp-content\/uploads\/2009\/04\/image256.jpg\" alt=\"image256\" width=\"100\" height=\"131\" \/><\/p>\n<\/td>\n<\/tr>\n<tr>\n<td valign=\"bottom\">\n<p style=\"text-align: center;\"><span style=\"mso-ansi-language: EN-GB;\" lang=\"EN-GB\"><em><span style=\"mso-ansi-language: EN-GB;\" lang=\"EN-GB\"><em style=\"mso-bidi-font-style: normal;\"><span style=\"mso-ansi-language: PT-BR;\" lang=\"PT-BR\"><em style=\"mso-bidi-font-style: normal;\"><span style=\"mso-ansi-language: PT-BR;\" lang=\"PT-BR\"><em style=\"mso-bidi-font-style: normal;\">Trifolium<\/em><\/span><\/em><\/span><\/em><\/span><\/em><\/span><\/p>\n<p style=\"text-align: center;\"><span style=\"mso-ansi-language: EN-GB;\" lang=\"EN-GB\"><em><span style=\"mso-ansi-language: EN-GB;\" lang=\"EN-GB\"><em style=\"mso-bidi-font-style: normal;\"><span style=\"mso-ansi-language: PT-BR;\" lang=\"PT-BR\"><em style=\"mso-bidi-font-style: normal;\"><\/em><\/span><\/em><\/span><\/em><\/span><span style=\"mso-ansi-language: EN-GB;\" lang=\"EN-GB\"><span style=\"mso-ansi-language: EN-GB;\" lang=\"EN-GB\"><em><span style=\"color: black; mso-ansi-language: EN-GB; mso-bidi-font-weight: bold;\" lang=\"EN-GB\"><span style=\"mso-ansi-language: PT-BR;\" lang=\"PT-BR\"><span style=\"mso-ansi-language: PT-BR;\" lang=\"PT-BR\">repens<\/span><\/span><\/span><\/em><\/span><\/span><\/p>\n<\/td>\n<td valign=\"bottom\">\n<p style=\"text-align: center;\"><span style=\"mso-ansi-language: EN-GB;\" lang=\"EN-GB\"><em><span style=\"mso-ansi-language: EN-GB;\" lang=\"EN-GB\"><em style=\"mso-bidi-font-style: normal;\"><span style=\"mso-ansi-language: PT-BR;\" lang=\"PT-BR\"><em style=\"mso-bidi-font-style: normal;\"><span style=\"mso-ansi-language: PT-BR;\" lang=\"PT-BR\"><em style=\"mso-bidi-font-style: normal;\">Festuca<\/em><\/span><\/em><\/span><\/em><\/span><\/em><\/span><\/p>\n<p style=\"text-align: center;\"><span style=\"mso-ansi-language: EN-GB;\" lang=\"EN-GB\"><span style=\"mso-ansi-language: EN-GB;\" lang=\"EN-GB\"><em><span style=\"color: black; mso-ansi-language: EN-GB; mso-bidi-font-weight: bold;\" lang=\"EN-GB\"><span style=\"mso-ansi-language: PT-BR;\" lang=\"PT-BR\"><span style=\"mso-ansi-language: PT-BR;\" lang=\"PT-BR\">rubra<\/span><\/span><\/span><\/em><\/span><\/span><\/p>\n<\/td>\n<td valign=\"bottom\">\n<p style=\"text-align: center;\"><span style=\"mso-ansi-language: EN-GB;\" lang=\"EN-GB\"><em><span style=\"mso-ansi-language: EN-GB;\" lang=\"EN-GB\"><em style=\"mso-bidi-font-style: normal;\"><span style=\"mso-ansi-language: PT-BR;\" lang=\"PT-BR\"><em style=\"mso-bidi-font-style: normal;\"><span style=\"mso-ansi-language: PT-BR;\" lang=\"PT-BR\"><em style=\"mso-bidi-font-style: normal;\">Trifolium<\/em><\/span><\/em><\/span><\/em><\/span><\/em><\/span><\/p>\n<p style=\"text-align: center;\"><span style=\"mso-ansi-language: EN-GB;\" lang=\"EN-GB\"><span style=\"mso-ansi-language: EN-GB;\" lang=\"EN-GB\"><em><span style=\"color: black; mso-ansi-language: EN-GB; mso-bidi-font-weight: bold;\" lang=\"EN-GB\"><span style=\"mso-ansi-language: PT-BR;\" lang=\"PT-BR\"><span style=\"mso-ansi-language: PT-BR;\" lang=\"PT-BR\">pratense<\/span><\/span><\/span><\/em><\/span><\/span><\/p>\n<\/td>\n<td valign=\"bottom\">\n<p style=\"text-align: center;\"><span style=\"mso-ansi-language: EN-GB;\" lang=\"EN-GB\"><em><span style=\"mso-ansi-language: EN-GB;\" lang=\"EN-GB\"><em style=\"mso-bidi-font-style: normal;\"><span style=\"mso-ansi-language: PT-BR;\" lang=\"PT-BR\"><em style=\"mso-bidi-font-style: normal;\"><span style=\"mso-ansi-language: PT-BR;\" lang=\"PT-BR\"><em style=\"mso-bidi-font-style: normal;\">Poa<\/em><\/span><\/em><\/span><\/em><\/span><\/em><\/span><\/p>\n<p style=\"text-align: center;\"><span style=\"mso-ansi-language: EN-GB;\" lang=\"EN-GB\"><span style=\"mso-ansi-language: EN-GB;\" lang=\"EN-GB\"><em><span style=\"color: black; mso-ansi-language: EN-GB; mso-bidi-font-weight: bold;\" lang=\"EN-GB\"><span style=\"mso-ansi-language: PT-BR;\" lang=\"PT-BR\"><span style=\"mso-ansi-language: PT-BR;\" lang=\"PT-BR\">annua<\/span><\/span><\/span><\/em><\/span><\/span><\/p>\n<\/td>\n<\/tr>\n<\/tbody>\n<\/table>\n<p>\u00a0<\/p>\n<table border=\"0\" cellspacing=\"0\" cellpadding=\"0\" width=\"600\" bordercolor=\"#850001\">\n<tbody>\n<tr>\n<td valign=\"bottom\" bgcolor=\"#ffffff\">\n<p style=\"TEXT-ALIGN: center\"><img loading=\"lazy\" decoding=\"async\" class=\"aligncenter size-full wp-image-219\" title=\"image258\" src=\"http:\/\/www.floracantabrica.com\/wp-content\/uploads\/2009\/04\/image258.jpg\" alt=\"image258\" width=\"107\" height=\"146\" \/><\/p>\n<\/td>\n<td valign=\"bottom\" bgcolor=\"#ffffff\">\n<p style=\"TEXT-ALIGN: center\"><img loading=\"lazy\" decoding=\"async\" class=\"aligncenter size-full wp-image-220\" title=\"image260\" src=\"http:\/\/www.floracantabrica.com\/wp-content\/uploads\/2009\/04\/image260.jpg\" alt=\"image260\" width=\"97\" height=\"105\" \/><\/p>\n<\/td>\n<td valign=\"bottom\" bgcolor=\"#ffffff\">\n<p style=\"TEXT-ALIGN: center\"><img loading=\"lazy\" decoding=\"async\" class=\"aligncenter size-full wp-image-221\" title=\"image262\" src=\"http:\/\/www.floracantabrica.com\/wp-content\/uploads\/2009\/04\/image262.jpg\" alt=\"image262\" width=\"134\" height=\"127\" \/><\/p>\n<\/td>\n<td valign=\"bottom\" bgcolor=\"#ffffff\">\n<p style=\"TEXT-ALIGN: center\"><img loading=\"lazy\" decoding=\"async\" class=\"aligncenter size-full wp-image-222\" title=\"image264\" src=\"http:\/\/www.floracantabrica.com\/wp-content\/uploads\/2009\/04\/image264.jpg\" alt=\"image264\" width=\"145\" height=\"118\" \/><\/p>\n<\/td>\n<td valign=\"bottom\" bgcolor=\"#ffffff\">\n<p style=\"TEXT-ALIGN: center\"><img loading=\"lazy\" decoding=\"async\" class=\"aligncenter size-full wp-image-223\" title=\"image266\" src=\"http:\/\/www.floracantabrica.com\/wp-content\/uploads\/2009\/04\/image266.jpg\" alt=\"image266\" width=\"62\" height=\"120\" \/><\/p>\n<\/td>\n<\/tr>\n<tr>\n<td valign=\"bottom\">\n<p style=\"text-align: center;\"><span style=\"mso-ansi-language: EN-GB;\" lang=\"EN-GB\"><em><span style=\"mso-ansi-language: EN-GB;\" lang=\"EN-GB\"><em style=\"mso-bidi-font-style: normal;\"><span style=\"mso-ansi-language: PT-BR;\" lang=\"PT-BR\"><em style=\"mso-bidi-font-style: normal;\"><span style=\"mso-ansi-language: PT-BR;\" lang=\"PT-BR\">Chenopodium<\/span><\/em><\/span><\/em><\/span><\/em><\/span><\/p>\n<p style=\"text-align: center;\"><span style=\"mso-ansi-language: EN-GB;\" lang=\"EN-GB\"><span style=\"mso-ansi-language: EN-GB;\" lang=\"EN-GB\"><em><span style=\"color: black; mso-ansi-language: EN-GB; mso-bidi-font-weight: bold;\" lang=\"EN-GB\"><span style=\"mso-ansi-language: PT-BR;\" lang=\"PT-BR\"><span style=\"mso-ansi-language: PT-BR;\" lang=\"PT-BR\">bonus-henricus<\/span><\/span><\/span><\/em><\/span><\/span><\/p>\n<\/td>\n<td valign=\"bottom\">\n<p style=\"text-align: center;\"><span style=\"mso-ansi-language: EN-GB;\" lang=\"EN-GB\"><em><span style=\"mso-ansi-language: EN-GB;\" lang=\"EN-GB\"><em style=\"mso-bidi-font-style: normal;\"><span style=\"mso-ansi-language: PT-BR;\" lang=\"PT-BR\"><em style=\"mso-bidi-font-style: normal;\"><span style=\"mso-ansi-language: PT-BR;\" lang=\"PT-BR\">Plantago<\/span><\/em><\/span><\/em><\/span><\/em><\/span><\/p>\n<p style=\"text-align: center;\"><span style=\"mso-ansi-language: EN-GB;\" lang=\"EN-GB\"><span style=\"mso-ansi-language: EN-GB;\" lang=\"EN-GB\"><em><span style=\"color: black; mso-ansi-language: EN-GB; mso-bidi-font-weight: bold;\" lang=\"EN-GB\"><span style=\"mso-ansi-language: PT-BR;\" lang=\"PT-BR\"><span style=\"mso-ansi-language: PT-BR;\" lang=\"PT-BR\">major<\/span><\/span><\/span><\/em><\/span><\/span><\/p>\n<\/td>\n<td valign=\"bottom\">\n<p style=\"text-align: center;\"><span style=\"mso-ansi-language: EN-GB;\" lang=\"EN-GB\"><em><span style=\"mso-ansi-language: EN-GB;\" lang=\"EN-GB\"><em style=\"mso-bidi-font-style: normal;\"><span style=\"mso-ansi-language: PT-BR;\" lang=\"PT-BR\"><em style=\"mso-bidi-font-style: normal;\"><span style=\"mso-ansi-language: PT-BR;\" lang=\"PT-BR\">Geranium<\/span><\/em><\/span><\/em><\/span><\/em><\/span><\/p>\n<p style=\"text-align: center;\"><span style=\"mso-ansi-language: EN-GB;\" lang=\"EN-GB\"><span style=\"mso-ansi-language: EN-GB;\" lang=\"EN-GB\"><em><span style=\"color: black; mso-ansi-language: EN-GB; mso-bidi-font-weight: bold;\" lang=\"EN-GB\"><span style=\"mso-ansi-language: PT-BR;\" lang=\"PT-BR\"><span style=\"mso-ansi-language: PT-BR;\" lang=\"PT-BR\">pyrenaicum<\/span><\/span><\/span><\/em><\/span><\/span><\/p>\n<\/td>\n<td valign=\"bottom\">\n<p style=\"text-align: center;\"><span style=\"mso-ansi-language: EN-GB;\" lang=\"EN-GB\"><em><span style=\"mso-ansi-language: EN-GB;\" lang=\"EN-GB\"><em style=\"mso-bidi-font-style: normal;\"><span style=\"mso-ansi-language: PT-BR;\" lang=\"PT-BR\"><em style=\"mso-bidi-font-style: normal;\"><span style=\"mso-ansi-language: PT-BR;\" lang=\"PT-BR\">Bellis<\/span><\/em><\/span><\/em><\/span><\/em><\/span><\/p>\n<p style=\"text-align: center;\"><span style=\"mso-ansi-language: EN-GB;\" lang=\"EN-GB\"><span style=\"mso-ansi-language: EN-GB;\" lang=\"EN-GB\"><em><span style=\"color: black; mso-ansi-language: EN-GB; mso-bidi-font-weight: bold;\" lang=\"EN-GB\"><span style=\"mso-ansi-language: PT-BR;\" lang=\"PT-BR\"><span style=\"mso-ansi-language: PT-BR;\" lang=\"PT-BR\">perennis<\/span><\/span><\/span><\/em><\/span><\/span><\/p>\n<\/td>\n<td valign=\"bottom\">\n<p style=\"text-align: center;\"><span style=\"mso-ansi-language: EN-GB;\" lang=\"EN-GB\"><em><span style=\"mso-ansi-language: EN-GB;\" lang=\"EN-GB\"><em style=\"mso-bidi-font-style: normal;\"><span style=\"mso-ansi-language: PT-BR;\" lang=\"PT-BR\"><em style=\"mso-bidi-font-style: normal;\"><span style=\"mso-ansi-language: PT-BR;\" lang=\"PT-BR\">Lolium<\/span><\/em><\/span><\/em><\/span><\/em><\/span><\/p>\n<p style=\"text-align: center;\"><span style=\"mso-ansi-language: EN-GB;\" lang=\"EN-GB\"><span style=\"mso-ansi-language: EN-GB;\" lang=\"EN-GB\"><em><span style=\"color: black; mso-ansi-language: EN-GB; mso-bidi-font-weight: bold;\" lang=\"EN-GB\"><span style=\"mso-ansi-language: PT-BR;\" lang=\"PT-BR\"><span style=\"mso-ansi-language: PT-BR;\" lang=\"PT-BR\">perenne<\/span><\/span><\/span><\/em><\/span><\/span><\/p>\n<\/td>\n<\/tr>\n<\/tbody>\n<\/table>\n","protected":false},"excerpt":{"rendered":"<p>Tweet Disposici\u00f3n del vegetaci\u00f3n en el alto del Puerto de Somiedo, exposici\u00f3n Sur (Asturias), Lat. 43\u00ba 01\u2019 50,28\u2019\u2019 N, Long. 6\u00ba 13\u2019 50,04\u2019\u2019 O, Alt. 1.485 m. A. Aulagar (Genista occidentalis), B. \u00a0Pastizal de diente eutr\u00f3fo (Bromus erectus, Carduncellus mitissimus, Avena pratensis, Helianthemum nummularium, Plantago media, Sanguisorba minor, Poa alpina, Trifolium repens, Trifolium pratense, Festuca [&hellip;]<\/p>\n","protected":false},"author":1,"featured_media":0,"parent":0,"menu_order":0,"comment_status":"open","ping_status":"open","template":"","meta":{"footnotes":""},"class_list":["post-205","page","type-page","status-publish","hentry"],"_links":{"self":[{"href":"http:\/\/www.floracantabrica.com\/index.php?rest_route=\/wp\/v2\/pages\/205","targetHints":{"allow":["GET"]}}],"collection":[{"href":"http:\/\/www.floracantabrica.com\/index.php?rest_route=\/wp\/v2\/pages"}],"about":[{"href":"http:\/\/www.floracantabrica.com\/index.php?rest_route=\/wp\/v2\/types\/page"}],"author":[{"embeddable":true,"href":"http:\/\/www.floracantabrica.com\/index.php?rest_route=\/wp\/v2\/users\/1"}],"replies":[{"embeddable":true,"href":"http:\/\/www.floracantabrica.com\/index.php?rest_route=%2Fwp%2Fv2%2Fcomments&post=205"}],"version-history":[{"count":2,"href":"http:\/\/www.floracantabrica.com\/index.php?rest_route=\/wp\/v2\/pages\/205\/revisions"}],"predecessor-version":[{"id":225,"href":"http:\/\/www.floracantabrica.com\/index.php?rest_route=\/wp\/v2\/pages\/205\/revisions\/225"}],"wp:attachment":[{"href":"http:\/\/www.floracantabrica.com\/index.php?rest_route=%2Fwp%2Fv2%2Fmedia&parent=205"}],"curies":[{"name":"wp","href":"https:\/\/api.w.org\/{rel}","templated":true}]}}