{"id":20181,"date":"2012-07-30T18:52:15","date_gmt":"2012-07-30T16:52:15","guid":{"rendered":"http:\/\/www.floracantabrica.com\/?page_id=20181"},"modified":"2012-07-30T18:55:22","modified_gmt":"2012-07-30T16:55:22","slug":"ants-kamikaze-that-corrode-their-enemies","status":"publish","type":"page","link":"http:\/\/www.floracantabrica.com\/?page_id=20181","title":{"rendered":"Ants kamikaze that corrode their enemies"},"content":{"rendered":"<p><a href=\"http:\/\/twitter.com\/share?url=http%3A%2F%2Fwww.floracantabrica.com%2F%3Fpage_id%3D20181&amp;count=none&amp;lang=es&amp;via=lorencincoreses&amp;related=Mujerverdosa&amp;text=Ants kamikaze that corrode their enemies - Flora Cant\u00e1brica\" class=\"twitter-share-button\">Tweet<\/a><\/p><p>&#8230;&#8230;&#8230;&#8230;..<\/p>\n<p><span style=\"font-size: large;\"><strong>Las hormigas kamikaze que corroen a sus enemigos<\/strong><\/span><\/p>\n<p><span style=\"font-size: large;\"> <\/span><\/p>\n<p><span style=\"font-size: large;\"> <\/span><\/p>\n<p><span style=\"font-size: large;\"> <\/span><\/p>\n<p><span style=\"font-size: large;\">\u2026\u2026\u2026<\/span><\/p>\n<p><span style=\"font-size: large;\"> <\/span><\/p>\n<p><span style=\"font-size: large;\">\u2026\u2026<\/span><\/p>\n<p><span style=\"font-size: large;\"> <\/span><\/p>\n<p><span style=\"font-size: large;\"><span style=\"font-size: x-large;\"><strong>Ants kamikaze that corrode their enemies<\/strong><\/span><strong> <\/strong><\/span><\/p>\n<p><span style=\"font-size: large;\"> <\/span><\/p>\n<p><span style=\"font-size: large;\">&#8230;&#8230;..<\/span><\/p>\n<p><span style=\"font-size: large;\"> <\/span><\/p>\n<p><span style=\"font-size: large;\">&#8230;&#8230;<\/span><\/p>\n<p><span style=\"font-size: large;\"> <\/span><\/p>\n<p><span style=\"font-size: large;\"><strong>BBC<\/strong><\/span><\/p>\n<p><span style=\"font-size: large;\"><strong>&#8230;&#8230;&#8230;&#8230;<\/strong><\/span><\/p>\n<p><span style=\"font-size: large;\"><strong><br \/>\n<\/strong><\/span><\/p>\n<p><span style=\"font-size: large;\"> <\/span><\/p>\n<p><span style=\"font-size: large;\">&#8230;..<\/span><\/p>\n<p><span style=\"font-size: large;\"> <\/span><\/p>\n<p><span style=\"font-size: large;\"><strong>Etnopaisaje.com<\/strong><\/span><\/p>\n<p><span style=\"font-size: large;\"> <\/span><\/p>\n<p><span style=\"font-size: large;\">&#8230;&#8230;&#8230;&#8230;&#8230;&#8230;<\/span><\/p>\n<p><span style=\"font-size: large;\"><img loading=\"lazy\" decoding=\"async\" title=\"image001\" src=\"..\/wp-content\/uploads\/2012\/07\/image0012.jpg\" alt=\"image001\" width=\"464\" height=\"261\" \/><\/span><\/p>\n<p><span style=\"font-size: large;\">&#8230;&#8230;&#8230;&#8230;&#8230;.<\/span><\/p>\n<p><span style=\"font-size: large;\"><strong>Las termitas llevan \u00abmochilas explosivas\u00bb<\/strong> con potentes sustancias t\u00f3xicas<\/span><\/p>\n<p><span style=\"font-size: large;\"> <\/span><\/p>\n<p><span style=\"font-size: large;\">\u2026\u2026<\/span><\/p>\n<p><span style=\"font-size: large;\"> <\/span><\/p>\n<p><span style=\"font-size: large;\">\u2026\u2026<\/span><\/p>\n<p><span style=\"font-size: large;\"> <\/span><\/p>\n<p><span style=\"font-size: large;\">Termites are \u00abexplosive backpacks\u00bb with powerful toxic substances<\/span><\/p>\n<p><span style=\"font-size: large;\"> <\/span><\/p>\n<p><span style=\"font-size: large;\">&#8230;&#8230;<\/span><\/p>\n<p><span style=\"font-size: large;\"> <\/span><\/p>\n<p><span style=\"font-size: large;\">&#8230;&#8230;<\/span><\/p>\n<p><span style=\"font-size: large;\"> <\/span><\/p>\n<p><span style=\"font-size: large;\"><strong>A medida que envejecen<\/strong>, se vuelven m\u00e1s temibles y letales.<\/span><\/p>\n<p><span style=\"font-size: large;\"> <\/span><\/p>\n<p><span style=\"font-size: large;\">\u2026\u2026\u2026<\/span><\/p>\n<p><span style=\"font-size: large;\"> <\/span><\/p>\n<p><span style=\"font-size: large;\">\u2026\u2026\u2026..<\/span><\/p>\n<p><span style=\"font-size: large;\"> <\/span><\/p>\n<p><span style=\"font-size: large;\"> <\/span><\/p>\n<p><span style=\"font-size: large;\"> <\/span><\/p>\n<p><span style=\"font-size: large;\"><strong>Para defender a su colonia, algunas termitas literalmente explotan<\/strong> liberando una lluvia de sustancias qu\u00edmicas que da\u00f1an a sus enemigos.<\/span><\/p>\n<p><span style=\"font-size: large;\"> <\/span><\/p>\n<p><span style=\"font-size: large;\">\u2026\u2026\u2026<\/span><\/p>\n<p><span style=\"font-size: large;\"> <\/span><\/p>\n<p><span style=\"font-size: large;\">\u2026\u2026<\/span><\/p>\n<p><span style=\"font-size: large;\"> <\/span><\/p>\n<p><span style=\"font-size: large;\"><strong>Cuando se ven frente a una amenaza, varias especies de termitas utilizan el suicidio<\/strong> altruista de algunos individuos, denominado autotisis, para defender al grupo<\/span><\/p>\n<p><span style=\"font-size: large;\"> <\/span><\/p>\n<p><span style=\"font-size: large;\">\u2026<\/span><\/p>\n<p><span style=\"font-size: large;\"> <\/span><\/p>\n<p><span style=\"font-size: large;\">\u2026<\/span><\/p>\n<p><span style=\"font-size: large;\"> <\/span><\/p>\n<p><span style=\"font-size: large;\">En una determinada especie, <strong>cuando las trabajadoras envejecen<\/strong> y se vuelven menos capaces de cumplir con sus tareas, almacenan s\u00f3lidos  cristalinos que producen una reacci\u00f3n qu\u00edmica al mezclarse con otras  secreciones<strong>. Esto aumenta considerablemente el poder t\u00f3xico de las sustancias defensivas.<\/strong><\/span><\/p>\n<p><span style=\"font-size: large;\"> <\/span><\/p>\n<p><span style=\"font-size: large;\">\u2026\u2026\u2026<\/span><\/p>\n<p><span style=\"font-size: large;\"> <\/span><\/p>\n<p><span style=\"font-size: large;\">\u2026\u2026.<\/span><\/p>\n<p><span style=\"font-size: large;\"> <\/span><\/p>\n<p><span style=\"font-size: large;\"> <\/span><\/p>\n<p><span style=\"font-size: large;\"> <\/span><\/p>\n<p><span style=\"font-size: large;\">Los bi\u00f3logos creen que de esta forma las <strong>obreras de mayor edad se vuelven m\u00e1s \u00ab\u00fatiles<\/strong>\u00bb a la colonia como un todo, transform\u00e1ndose en verdaderas kamikazes y bombas defensivas<\/span><\/p>\n<p><span style=\"font-size: large;\"> <\/span><\/p>\n<p><span style=\"font-size: large;\"> <\/span><\/p>\n<p><span style=\"font-size: large;\"> <\/span><\/p>\n<p><span style=\"font-size: large;\">\u2026\u2026<\/span><\/p>\n<p><span style=\"font-size: large;\"> <\/span><\/p>\n<p><span style=\"font-size: large;\">\u2026\u2026\u2026\u2026\u2026\u2026.<\/span><\/p>\n<p><span style=\"font-size: large;\"> <\/span><\/p>\n<p><span style=\"font-size: large;\"> <\/span><\/p>\n<p><span style=\"font-size: large;\"> <\/span><\/p>\n<p><span style=\"font-size: large;\"><strong> <\/strong><\/span><\/p>\n<p><span style=\"font-size: large;\"> <\/span><\/p>\n<p><strong><span style=\"font-size: medium;\">As they grow older, they become more fearsome and deadly<\/span><\/strong><span style=\"font-size: large;\"><strong> <\/strong><\/span><\/p>\n<p><span style=\"font-size: large;\"> <\/span><\/p>\n<p><span style=\"font-size: large;\"> <\/span><\/p>\n<p><span style=\"font-size: large;\"> <\/span><\/p>\n<p><span style=\"font-size: large;\"> <\/span><\/p>\n<p><span style=\"font-size: large;\"> <\/span><\/p>\n<p><span style=\"font-size: large;\">\u2026<\/span><\/p>\n<p><span style=\"font-size: large;\"> <\/span><\/p>\n<p><span style=\"font-size: large;\">\u2026.<\/span><\/p>\n<p><span style=\"font-size: large;\"> <\/span><\/p>\n<p><span style=\"font-size: large;\">To defend his colony, some termites literally explode releasing a barrage of chemicals that damage enemies.<\/span><\/p>\n<p><span style=\"font-size: large;\"> <\/span><\/p>\n<p><span style=\"font-size: large;\">&#8230;&#8230;..<\/span><\/p>\n<p><span style=\"font-size: large;\"> <\/span><\/p>\n<p><span style=\"font-size: large;\">&#8230;&#8230;.<\/span><\/p>\n<p><span style=\"font-size: large;\"> <\/span><\/p>\n<p><span style=\"font-size: large;\"> <\/span><\/p>\n<p><span style=\"font-size: large;\"> <\/span><\/p>\n<p><span style=\"font-size: large;\">When  they see a threat, several species of termites used altruistic suicide  of some individuals, called autotisis, to defend the group.<\/span><\/p>\n<p><span style=\"font-size: large;\"> <\/span><\/p>\n<p><span style=\"font-size: large;\">&#8230;&#8230;&#8230;<\/span><\/p>\n<p><span style=\"font-size: large;\"> <\/span><\/p>\n<p><span style=\"font-size: large;\"> <\/span><\/p>\n<p><span style=\"font-size: large;\"> <\/span><\/p>\n<p><span style=\"font-size: large;\">In some  species, when women get older and become less able to fulfil their  tasks, stored Crystalline solids that produce a chemical reaction when  mixed with other secretions. This considerably increases the toxic power  of defensive substances.<\/span><\/p>\n<p><span style=\"font-size: large;\"> <\/span><\/p>\n<p><span style=\"font-size: large;\">&#8230;.<\/span><\/p>\n<p><span style=\"font-size: large;\"> <\/span><\/p>\n<p><span style=\"font-size: large;\">&#8230;&#8230;.<\/span><\/p>\n<p><span style=\"font-size: large;\"> <\/span><\/p>\n<p><span style=\"font-size: large;\"> <\/span><\/p>\n<p><span style=\"font-size: large;\"> <\/span><\/p>\n<p><span style=\"font-size: large;\">Biologists  believe that in this way the older workers become more \u00abuseful\u00bb to the  Colony as a whole, becoming true kamikaze and defensive bombs<\/span><\/p>\n<p><span style=\"font-size: large;\"> <\/span><\/p>\n<p><span style=\"font-size: large;\">&#8230;&#8230;&#8230;&#8230;.<\/span><\/p>\n","protected":false},"excerpt":{"rendered":"<p>Tweet&#8230;&#8230;&#8230;&#8230;.. Las hormigas kamikaze que corroen a sus enemigos \u2026\u2026\u2026 \u2026\u2026 Ants kamikaze that corrode their enemies &#8230;&#8230;.. &#8230;&#8230; BBC &#8230;&#8230;&#8230;&#8230; &#8230;.. Etnopaisaje.com &#8230;&#8230;&#8230;&#8230;&#8230;&#8230; &#8230;&#8230;&#8230;&#8230;&#8230;. Las termitas llevan \u00abmochilas explosivas\u00bb con potentes sustancias t\u00f3xicas \u2026\u2026 \u2026\u2026 Termites are \u00abexplosive backpacks\u00bb with powerful toxic substances &#8230;&#8230; &#8230;&#8230; A medida que envejecen, se vuelven m\u00e1s temibles y [&hellip;]<\/p>\n","protected":false},"author":1,"featured_media":0,"parent":0,"menu_order":0,"comment_status":"open","ping_status":"open","template":"","meta":{"footnotes":""},"class_list":["post-20181","page","type-page","status-publish","hentry"],"_links":{"self":[{"href":"http:\/\/www.floracantabrica.com\/index.php?rest_route=\/wp\/v2\/pages\/20181","targetHints":{"allow":["GET"]}}],"collection":[{"href":"http:\/\/www.floracantabrica.com\/index.php?rest_route=\/wp\/v2\/pages"}],"about":[{"href":"http:\/\/www.floracantabrica.com\/index.php?rest_route=\/wp\/v2\/types\/page"}],"author":[{"embeddable":true,"href":"http:\/\/www.floracantabrica.com\/index.php?rest_route=\/wp\/v2\/users\/1"}],"replies":[{"embeddable":true,"href":"http:\/\/www.floracantabrica.com\/index.php?rest_route=%2Fwp%2Fv2%2Fcomments&post=20181"}],"version-history":[{"count":5,"href":"http:\/\/www.floracantabrica.com\/index.php?rest_route=\/wp\/v2\/pages\/20181\/revisions"}],"predecessor-version":[{"id":20186,"href":"http:\/\/www.floracantabrica.com\/index.php?rest_route=\/wp\/v2\/pages\/20181\/revisions\/20186"}],"wp:attachment":[{"href":"http:\/\/www.floracantabrica.com\/index.php?rest_route=%2Fwp%2Fv2%2Fmedia&parent=20181"}],"curies":[{"name":"wp","href":"https:\/\/api.w.org\/{rel}","templated":true}]}}